{"id":13142,"date":"2023-09-15T10:31:25","date_gmt":"2023-09-15T10:31:25","guid":{"rendered":"https:\/\/www.reheat.nl\/erfolgsgeschichten\/"},"modified":"2024-07-08T16:12:19","modified_gmt":"2024-07-08T14:12:19","slug":"erfolgsgeschichten","status":"publish","type":"page","link":"https:\/\/www.reheat.nl\/de\/erfolgsgeschichten\/","title":{"rendered":"Erfolgsgeschichten"},"content":{"rendered":"<div data-label=\"Camping Schoneveld\" data-id=\"features-square-image-section-2\" data-category=\"features\" class=\"features-square-image-section features-square-image-section-2\" id=\"camping-schoneveld\" style=\"background-color: rgb(255, 255, 255); background-image: none;\" data-ovid=\"ovid-camping-schoneveld-115\"> <div class=\"gridContainer dynamic-color\"> <div class=\"features-square-image-textrow\"> <div class=\"features-square-image-textcol\" data-type=\"column\"> <h2 class=\"\">Campingplatz Schoneveld<\/h2> <p class=\"\">Ruurlo, Gelderland<\/p> <\/div> <\/div> <div class=\"features-square-image-innerrow\" data-type=\"row\"> <div class=\"features-square-image-featcol cp6cols-tablet cp6cols\"> <h4 class=\"\">Ein zuverl\u00e4ssiges System, das sich im Handumdrehen bezahlt macht!<\/h4><p class=\"\">W. Huitema vom Campingplatz Schoneveld in Ruurlo hat seit 2021 eine FlexHeat mit Heatpipes auf seinem Hof. Ich blicke mit gro\u00dfer Zufriedenheit auf die Anzahl der Saisons zur\u00fcck, die wir bisher absolviert haben. Die Investition in ein solches System ist langfristig angelegt, und ehe man sich versieht, hat man sie durch die enormen Einsparungen wieder verdient.\n<br><br>Dar\u00fcber hinaus m\u00f6chte ich meinen Kollegen die Zuverl\u00e4ssigkeit des FlexHeat vermitteln. Diese Zuverl\u00e4ssigkeit in Verbindung mit betr\u00e4chtlichen Energieeinsparungen stellt f\u00fcr unser Unternehmen eine erhebliche Verbesserung dar. Au\u00dferdem sehen die Campingg\u00e4ste, dass wir mit den Heatpipe-Kollektoren nachhaltig arbeiten, was auch nicht unwichtig ist!\n<br><br><span style=\"font-style: italic;\"><b>Ich blicke mit gro\u00dfer Zufriedenheit auf die Anzahl der Saisons zur\u00fcck, die wir bisher absolviert haben.<\/b><\/span>\n<br><br>W. Huitema<br>\nwww.campingschoneveld.nl<\/p>   <img decoding=\"async\" class=\"custom-image\" src=\"https:\/\/www.reheat.nl\/wp-content\/uploads\/2024\/02\/Toiletgebouw-scaled.jpg\" alt=\"Camping Schoneveld Toilettengeb\u00e4ude\"><\/div> <div class=\"features-square-image-featcol cp6cols-tablet cp6cols\"><img decoding=\"async\" class=\"custom-image\" src=\"https:\/\/www.reheat.nl\/wp-content\/uploads\/2024\/02\/Entree-scaled.jpg\" alt=\"Eingang zum Campingplatz Schoneveld\">   <img decoding=\"async\" class=\"custom-image\" src=\"https:\/\/www.reheat.nl\/wp-content\/uploads\/2024\/02\/FlexHeat-scaled-e1707491197885.jpg\" alt=\"FlexHeat Camping Schoneveld\"><\/div>  <\/div> <\/div><\/div><div data-label=\"De Nesse\" data-id=\"features-square-image-section-5\" data-category=\"features\" class=\"features-square-image-section features-square-image-section-5\" id=\"de-nesse\" style=\"background-color: rgb(246, 246, 246); background-image: none;\" data-ovid=\"ovid-de-nesse-108\"> <div class=\"gridContainer dynamic-color\"> <div class=\"features-square-image-textrow\"> <div class=\"features-square-image-textcol\" data-type=\"column\"> <h2 class=\"\">Minicamping de Nesse<\/h2> <p class=\"\">Limmen (NH)<\/p> <\/div> <\/div> <div class=\"features-square-image-innerrow\" data-type=\"row\"> <div class=\"features-square-image-featcol cp6cols-tablet cp6cols\"><img decoding=\"async\" class=\"features-square-image-featimg\" src=\"https:\/\/www.reheat.nl\/wp-content\/uploads\/2023\/07\/DJI_0674-scaled.jpg\" alt=\"\">   <\/div><div class=\"features-square-image-featcol cp6cols-tablet cp6cols\"> <h4 class=\"\">Zuverl\u00e4ssig<\/h4> <p class=\"\">Wir verwenden das FlexHeat-System von ReHeat bereits seit 4 Jahren zu unserer vollsten Zufriedenheit.<br>\nEine ideale Kombination, um unseren Waschraum auf dem Campingplatz mit warmem Wasser zu versorgen, und nicht zuletzt, um Erdgas zu sparen.<br>\nUm zu verstehen, wie viel Gas wir einsparen, haben wir Zwischenz\u00e4hler installiert. Wir k\u00f6nnen Ihnen sagen, dass dies erhebliche Einsparungen sind.<br>\nAuch hier wird Service gro\u00dfgeschrieben, ob am Telefon oder pers\u00f6nlich, Ihnen wird schnell und kompetent geholfen.<\/p>  <\/div>   <\/div> <\/div><\/div><div data-label=\"Camping Woud\" data-id=\"features-square-image-section-6\" data-category=\"features\" class=\"features-square-image-section features-square-image-section-6\" id=\"camping-woud\" style=\"background-color: rgb(255, 255, 255);\"> <div class=\"gridContainer dynamic-color\"> <div class=\"features-square-image-textrow\"> <div class=\"features-square-image-textcol\" data-type=\"column\"> <h2 class=\"\">Campingplatz Wald auf Texel<\/h2>  <\/div> <\/div> <div class=\"features-square-image-innerrow\" data-type=\"row\"> <div class=\"features-square-image-featcol cp6cols-tablet cp4cols\"><img decoding=\"async\" class=\"features-square-image-featimg\" src=\"https:\/\/www.reheat.nl\/wp-content\/uploads\/2023\/07\/20230704_175659.jpg\" alt=\"\">    <\/div> <div class=\"features-square-image-featcol cp6cols-tablet cp4cols\">  <p class=\"\">CVI Installer auf Texel hat k\u00fcrzlich ein Flexheat-Duschwassersystem mit Heatpipe-Solarkollektoren auf dem Campingplatz Woud auf Texel installiert. Sie erw\u00e4rmt das Sanit\u00e4rwasser im Duschgeb\u00e4ude.<\/p><h4 class=\"\">Durch Tageslicht erw\u00e4rmtes Wasser<\/h4> <p class=\"\">Die G\u00e4ste genie\u00dfen t\u00e4glich vom Tageslicht erw\u00e4rmtes Wasser. An Tagen, an denen besonders viel Wasser zum Duschen ben\u00f6tigt wird, gibt es die Flexheat als Reserve. So steht immer gen\u00fcgend warmes Duschwasser zur Verf\u00fcgung und eine kostenlose Energiequelle wird optimal genutzt.<\/p><\/div>  <div class=\"features-square-image-featcol cp6cols-tablet cp4cols\"><img decoding=\"async\" class=\"features-square-image-featimg\" src=\"https:\/\/www.reheat.nl\/wp-content\/uploads\/2023\/07\/20230705_162208.jpg\" alt=\"\">    <\/div><\/div> <\/div><\/div><div data-label=\"Zwembad Omme Zwaoi\" data-id=\"features-square-image-section-1\" data-category=\"features\" class=\"features-square-image-section features-square-image-section-1\" id=\"zwembad-omme-zwaoi\" style=\"background-color: rgb(246, 246, 246);\"> <div class=\"gridContainer dynamic-color\"> <div class=\"features-square-image-textrow\"> <div class=\"features-square-image-textcol\" data-type=\"column\"> <h2 class=\"\">Schwimmbad Valthermond,&nbsp;De Omme-Zwaoi<\/h2>  <\/div> <\/div> <div class=\"features-square-image-innerrow\" data-type=\"row\"> <div class=\"features-square-image-featcol cp6cols-tablet cp6cols\"><img decoding=\"async\" class=\"features-square-image-featimg\" src=\"https:\/\/www.reheat.nl\/wp-content\/uploads\/2018\/01\/Zwembad-Valthermond-met-dak-installatie.jpg\" alt=\"\">    <\/div>  <div class=\"features-square-image-featcol cp6cols-tablet cp6cols\"> <h4 class=\"\">Investition in die Zukunft<\/h4> <p class=\"\">\u201eDas Schwimmbad in Valthermond wird von Freiwilligen betrieben. Ein gro\u00dfz\u00fcgiger Sponsor wollte die 1-Jahres-Energierechnung bezahlen. Nach R\u00fccksprache entschieden sich die Freiwilligen, dieses Geld in ein ReHeat-System zu investieren. Das Beckenwasser, die Duschen und die Kantine werden jetzt mit einem FlexHeat und 480 ReHeat Rohren beheizt.\u201c<\/p> <\/div> <\/div> <\/div><\/div><div data-label=\"Martini\" data-id=\"features-square-image-section-4\" data-category=\"features\" class=\"features-square-image-section features-square-image-section-4\" id=\"martini\" style=\"background-color: rgb(255, 255, 255);\"> <div class=\"gridContainer dynamic-color\"> <div class=\"features-square-image-textrow\"> <div class=\"features-square-image-textcol\" data-type=\"column\"> <h2 class=\"\">Martini-Krankenhaus Groningen<\/h2>  <\/div> <\/div> <div class=\"features-square-image-innerrow\" data-type=\"row\"> <div class=\"features-square-image-featcol cp6cols-tablet cp4cols\"><img decoding=\"async\" class=\"features-square-image-featimg\" src=\"https:\/\/www.reheat.nl\/wp-content\/uploads\/2019\/12\/ReHeat_Martini_Groningen.jpg\" alt=\"\">    <\/div> <div class=\"features-square-image-featcol cp6cols-tablet cp4cols\">  <p class=\"\">Diese erste Phase besteht aus 12 CPC Resolar Heatpipe Racks, die 3 Edelstahlkessel mit je 1000 Litern beheizen.<\/p> <h4 class=\"\">Haltbarkeit<\/h4><p class=\"\">Das Martini-Krankenhaus in Groningen wird damit Duschwasser erhitzen und damit wichtige Schritte in eine nachhaltige Zukunft unternehmen. Das gesamte System wird auf 4 verschiedenen D\u00e4chern platziert und kann insgesamt 27.000 Liter Wasser erhitzen.<\/p><\/div>  <div class=\"features-square-image-featcol cp6cols-tablet cp4cols\"><img decoding=\"async\" class=\"features-square-image-featimg\" src=\"https:\/\/www.reheat.nl\/wp-content\/uploads\/2019\/12\/ReHeat-Web.mp4\" alt=\"\">    <\/div><\/div> <\/div><\/div><div data-label=\"Sportpark de Braak\" data-id=\"features-square-image-section-3\" data-category=\"features\" class=\"features-square-image-section features-square-image-section-3\" id=\"sportpark-de-braak\" style=\"background-color: rgb(246, 246, 246);\"> <div class=\"gridContainer dynamic-color\"> <div class=\"features-square-image-textrow\"> <div class=\"features-square-image-textcol\" data-type=\"column\"> <h2 class=\"\">Sportpark De Braak<\/h2> <p class=\"\">VECHEL<\/p> <\/div> <\/div> <div class=\"features-square-image-innerrow\" data-type=\"row\"> <div class=\"features-square-image-featcol cp6cols-tablet cp6cols\"><img decoding=\"async\" class=\"features-square-image-featimg\" src=\"https:\/\/www.reheat.nl\/wp-content\/uploads\/2018\/01\/cropped-Sportveld.jpg\" alt=\"\">    <\/div> <div class=\"features-square-image-featcol cp6cols-tablet cp6cols\"> <h4 class=\"\">Duschen mit &#8220;kostenlosem&#8221; Warmwasser<\/h4> <p class=\"\">&#8220;Der FlexHeat in Kombination mit robusten HeatPipes, die einiges aushalten, beheizt die Duschen und die Sportkantine. Das Wasser wird tags\u00fcber erw\u00e4rmt und am sp\u00e4ten Nachmittag und am Abend kann mit dem von der Sonne erw\u00e4rmten Wasser geduscht werden. Durch die Kombination mit einer FlexHeat-Nachheizung steht niemand mehr unter einer kalten Dusche.&#8221;<\/p> <\/div>  <\/div> <\/div><\/div>","protected":false},"excerpt":{"rendered":"<p>Campingplatz Schoneveld Ruurlo, Gelderland Ein zuverl\u00e4ssiges System, das sich im Handumdrehen bezahlt macht!W. Huitema vom Campingplatz Schoneveld in Ruurlo hat seit 2021 eine FlexHeat mit Heatpipes auf seinem Hof. Ich blicke mit gro\u00dfer Zufriedenheit auf die Anzahl der Saisons zur\u00fcck, die wir bisher absolviert haben. Die Investition in ein solches System ist langfristig angelegt, und&hellip; <br \/> <a class=\"button small blue\" href=\"https:\/\/www.reheat.nl\/de\/installationshandelstage-hardenberg\/\">Weiterlesen<\/a><\/p>\n","protected":false},"author":2,"featured_media":0,"parent":0,"menu_order":0,"comment_status":"closed","ping_status":"closed","template":"page-with-small-header.php","meta":{"footnotes":""},"class_list":["post-13142","page","type-page","status-publish","hentry"],"yoast_head":"<!-- This site is optimized with the Yoast SEO Premium plugin v25.0 (Yoast SEO v26.2) - https:\/\/yoast.com\/wordpress\/plugins\/seo\/ -->\n<title>Erfolgsgeschichten - ReHeat<\/title>\n<meta name=\"robots\" content=\"index, follow, max-snippet:-1, max-image-preview:large, max-video-preview:-1\" \/>\n<link rel=\"canonical\" href=\"https:\/\/www.reheat.nl\/de\/erfolgsgeschichten\/\" \/>\n<meta property=\"og:locale\" content=\"de_DE\" \/>\n<meta property=\"og:type\" content=\"article\" \/>\n<meta property=\"og:title\" content=\"Erfolgsgeschichten\" \/>\n<meta property=\"og:description\" content=\"Campingplatz Schoneveld Ruurlo, Gelderland Ein zuverl\u00e4ssiges System, das sich im Handumdrehen bezahlt macht!W. Huitema vom Campingplatz Schoneveld in Ruurlo hat seit 2021 eine FlexHeat mit Heatpipes auf seinem Hof. Ich blicke mit gro\u00dfer Zufriedenheit auf die Anzahl der Saisons zur\u00fcck, die wir bisher absolviert haben. Die Investition in ein solches System ist langfristig angelegt, und&hellip; Weiterlesen\" \/>\n<meta property=\"og:url\" content=\"https:\/\/www.reheat.nl\/de\/erfolgsgeschichten\/\" \/>\n<meta property=\"og:site_name\" content=\"ReHeat\" \/>\n<meta property=\"article:publisher\" content=\"https:\/\/www.facebook.com\/reheat\" \/>\n<meta property=\"article:modified_time\" content=\"2024-07-08T14:12:19+00:00\" \/>\n<meta property=\"og:image\" content=\"https:\/\/www.reheat.nl\/wp-content\/uploads\/2024\/02\/Toiletgebouw-scaled.jpg\" \/>\n<meta name=\"twitter:card\" content=\"summary_large_image\" \/>\n<meta name=\"twitter:label1\" content=\"Gesch\u00e4tzte Lesezeit\" \/>\n\t<meta name=\"twitter:data1\" content=\"2\u00a0Minuten\" \/>\n<script type=\"application\/ld+json\" class=\"yoast-schema-graph\">{\"@context\":\"https:\/\/schema.org\",\"@graph\":[{\"@type\":\"WebPage\",\"@id\":\"https:\/\/www.reheat.nl\/de\/erfolgsgeschichten\/\",\"url\":\"https:\/\/www.reheat.nl\/de\/erfolgsgeschichten\/\",\"name\":\"Erfolgsgeschichten - ReHeat\",\"isPartOf\":{\"@id\":\"https:\/\/www.reheat.nl\/de\/#website\"},\"primaryImageOfPage\":{\"@id\":\"https:\/\/www.reheat.nl\/de\/erfolgsgeschichten\/#primaryimage\"},\"image\":{\"@id\":\"https:\/\/www.reheat.nl\/de\/erfolgsgeschichten\/#primaryimage\"},\"thumbnailUrl\":\"https:\/\/www.reheat.nl\/wp-content\/uploads\/2024\/02\/Toiletgebouw-scaled.jpg\",\"datePublished\":\"2023-09-15T10:31:25+00:00\",\"dateModified\":\"2024-07-08T14:12:19+00:00\",\"breadcrumb\":{\"@id\":\"https:\/\/www.reheat.nl\/de\/erfolgsgeschichten\/#breadcrumb\"},\"inLanguage\":\"de\",\"potentialAction\":[{\"@type\":\"ReadAction\",\"target\":[\"https:\/\/www.reheat.nl\/de\/erfolgsgeschichten\/\"]}]},{\"@type\":\"ImageObject\",\"inLanguage\":\"de\",\"@id\":\"https:\/\/www.reheat.nl\/de\/erfolgsgeschichten\/#primaryimage\",\"url\":\"https:\/\/www.reheat.nl\/wp-content\/uploads\/2024\/02\/Toiletgebouw-scaled.jpg\",\"contentUrl\":\"https:\/\/www.reheat.nl\/wp-content\/uploads\/2024\/02\/Toiletgebouw-scaled.jpg\"},{\"@type\":\"BreadcrumbList\",\"@id\":\"https:\/\/www.reheat.nl\/de\/erfolgsgeschichten\/#breadcrumb\",\"itemListElement\":[{\"@type\":\"ListItem\",\"position\":1,\"name\":\"Home\",\"item\":\"https:\/\/www.reheat.nl\/de\/\"},{\"@type\":\"ListItem\",\"position\":2,\"name\":\"Erfolgsgeschichten\"}]},{\"@type\":\"WebSite\",\"@id\":\"https:\/\/www.reheat.nl\/de\/#website\",\"url\":\"https:\/\/www.reheat.nl\/de\/\",\"name\":\"ReHeat\",\"description\":\"Heetwatersystemen\",\"publisher\":{\"@id\":\"https:\/\/www.reheat.nl\/de\/#organization\"},\"potentialAction\":[{\"@type\":\"SearchAction\",\"target\":{\"@type\":\"EntryPoint\",\"urlTemplate\":\"https:\/\/www.reheat.nl\/de\/?s={search_term_string}\"},\"query-input\":{\"@type\":\"PropertyValueSpecification\",\"valueRequired\":true,\"valueName\":\"search_term_string\"}}],\"inLanguage\":\"de\"},{\"@type\":\"Organization\",\"@id\":\"https:\/\/www.reheat.nl\/de\/#organization\",\"name\":\"ReHeat\",\"url\":\"https:\/\/www.reheat.nl\/de\/\",\"logo\":{\"@type\":\"ImageObject\",\"inLanguage\":\"de\",\"@id\":\"https:\/\/www.reheat.nl\/de\/#\/schema\/logo\/image\/\",\"url\":\"https:\/\/www.reheat.nl\/wp-content\/uploads\/2017\/12\/ReHeat.png\",\"contentUrl\":\"https:\/\/www.reheat.nl\/wp-content\/uploads\/2017\/12\/ReHeat.png\",\"width\":242,\"height\":67,\"caption\":\"ReHeat\"},\"image\":{\"@id\":\"https:\/\/www.reheat.nl\/de\/#\/schema\/logo\/image\/\"},\"sameAs\":[\"https:\/\/www.facebook.com\/reheat\",\"https:\/\/www.instagram.com\/reheatnl\/\"]}]}<\/script>\n<!-- \/ Yoast SEO Premium plugin. -->","yoast_head_json":{"title":"Erfolgsgeschichten - ReHeat","robots":{"index":"index","follow":"follow","max-snippet":"max-snippet:-1","max-image-preview":"max-image-preview:large","max-video-preview":"max-video-preview:-1"},"canonical":"https:\/\/www.reheat.nl\/de\/erfolgsgeschichten\/","og_locale":"de_DE","og_type":"article","og_title":"Erfolgsgeschichten","og_description":"Campingplatz Schoneveld Ruurlo, Gelderland Ein zuverl\u00e4ssiges System, das sich im Handumdrehen bezahlt macht!W. Huitema vom Campingplatz Schoneveld in Ruurlo hat seit 2021 eine FlexHeat mit Heatpipes auf seinem Hof. Ich blicke mit gro\u00dfer Zufriedenheit auf die Anzahl der Saisons zur\u00fcck, die wir bisher absolviert haben. Die Investition in ein solches System ist langfristig angelegt, und&hellip; Weiterlesen","og_url":"https:\/\/www.reheat.nl\/de\/erfolgsgeschichten\/","og_site_name":"ReHeat","article_publisher":"https:\/\/www.facebook.com\/reheat","article_modified_time":"2024-07-08T14:12:19+00:00","og_image":[{"url":"https:\/\/www.reheat.nl\/wp-content\/uploads\/2024\/02\/Toiletgebouw-scaled.jpg","type":"","width":"","height":""}],"twitter_card":"summary_large_image","twitter_misc":{"Gesch\u00e4tzte Lesezeit":"2\u00a0Minuten"},"schema":{"@context":"https:\/\/schema.org","@graph":[{"@type":"WebPage","@id":"https:\/\/www.reheat.nl\/de\/erfolgsgeschichten\/","url":"https:\/\/www.reheat.nl\/de\/erfolgsgeschichten\/","name":"Erfolgsgeschichten - ReHeat","isPartOf":{"@id":"https:\/\/www.reheat.nl\/de\/#website"},"primaryImageOfPage":{"@id":"https:\/\/www.reheat.nl\/de\/erfolgsgeschichten\/#primaryimage"},"image":{"@id":"https:\/\/www.reheat.nl\/de\/erfolgsgeschichten\/#primaryimage"},"thumbnailUrl":"https:\/\/www.reheat.nl\/wp-content\/uploads\/2024\/02\/Toiletgebouw-scaled.jpg","datePublished":"2023-09-15T10:31:25+00:00","dateModified":"2024-07-08T14:12:19+00:00","breadcrumb":{"@id":"https:\/\/www.reheat.nl\/de\/erfolgsgeschichten\/#breadcrumb"},"inLanguage":"de","potentialAction":[{"@type":"ReadAction","target":["https:\/\/www.reheat.nl\/de\/erfolgsgeschichten\/"]}]},{"@type":"ImageObject","inLanguage":"de","@id":"https:\/\/www.reheat.nl\/de\/erfolgsgeschichten\/#primaryimage","url":"https:\/\/www.reheat.nl\/wp-content\/uploads\/2024\/02\/Toiletgebouw-scaled.jpg","contentUrl":"https:\/\/www.reheat.nl\/wp-content\/uploads\/2024\/02\/Toiletgebouw-scaled.jpg"},{"@type":"BreadcrumbList","@id":"https:\/\/www.reheat.nl\/de\/erfolgsgeschichten\/#breadcrumb","itemListElement":[{"@type":"ListItem","position":1,"name":"Home","item":"https:\/\/www.reheat.nl\/de\/"},{"@type":"ListItem","position":2,"name":"Erfolgsgeschichten"}]},{"@type":"WebSite","@id":"https:\/\/www.reheat.nl\/de\/#website","url":"https:\/\/www.reheat.nl\/de\/","name":"ReHeat","description":"Heetwatersystemen","publisher":{"@id":"https:\/\/www.reheat.nl\/de\/#organization"},"potentialAction":[{"@type":"SearchAction","target":{"@type":"EntryPoint","urlTemplate":"https:\/\/www.reheat.nl\/de\/?s={search_term_string}"},"query-input":{"@type":"PropertyValueSpecification","valueRequired":true,"valueName":"search_term_string"}}],"inLanguage":"de"},{"@type":"Organization","@id":"https:\/\/www.reheat.nl\/de\/#organization","name":"ReHeat","url":"https:\/\/www.reheat.nl\/de\/","logo":{"@type":"ImageObject","inLanguage":"de","@id":"https:\/\/www.reheat.nl\/de\/#\/schema\/logo\/image\/","url":"https:\/\/www.reheat.nl\/wp-content\/uploads\/2017\/12\/ReHeat.png","contentUrl":"https:\/\/www.reheat.nl\/wp-content\/uploads\/2017\/12\/ReHeat.png","width":242,"height":67,"caption":"ReHeat"},"image":{"@id":"https:\/\/www.reheat.nl\/de\/#\/schema\/logo\/image\/"},"sameAs":["https:\/\/www.facebook.com\/reheat","https:\/\/www.instagram.com\/reheatnl\/"]}]}},"_links":{"self":[{"href":"https:\/\/www.reheat.nl\/de\/wp-json\/wp\/v2\/pages\/13142","targetHints":{"allow":["GET"]}}],"collection":[{"href":"https:\/\/www.reheat.nl\/de\/wp-json\/wp\/v2\/pages"}],"about":[{"href":"https:\/\/www.reheat.nl\/de\/wp-json\/wp\/v2\/types\/page"}],"author":[{"embeddable":true,"href":"https:\/\/www.reheat.nl\/de\/wp-json\/wp\/v2\/users\/2"}],"replies":[{"embeddable":true,"href":"https:\/\/www.reheat.nl\/de\/wp-json\/wp\/v2\/comments?post=13142"}],"version-history":[{"count":5,"href":"https:\/\/www.reheat.nl\/de\/wp-json\/wp\/v2\/pages\/13142\/revisions"}],"predecessor-version":[{"id":13436,"href":"https:\/\/www.reheat.nl\/de\/wp-json\/wp\/v2\/pages\/13142\/revisions\/13436"}],"wp:attachment":[{"href":"https:\/\/www.reheat.nl\/de\/wp-json\/wp\/v2\/media?parent=13142"}],"curies":[{"name":"wp","href":"https:\/\/api.w.org\/{rel}","templated":true}]}}