{"id":12436,"date":"2023-03-22T13:13:12","date_gmt":"2023-03-22T13:13:12","guid":{"rendered":"https:\/\/www.reheat.nl\/agriheat-wtw-duovat\/"},"modified":"2024-02-29T12:51:50","modified_gmt":"2024-02-29T12:51:50","slug":"agriheat-wtw-duovat","status":"publish","type":"page","link":"https:\/\/www.reheat.nl\/fr\/agriheat-wtw-duovat\/","title":{"rendered":"Agriheat WTW Duovat"},"content":{"rendered":"<div data-label=\"Content\" data-id=\"content-image-right\" data-category=\"content\" class=\"content-right-image-section content-image-right\" id=\"content-4\" style=\"background-color: rgb(255, 255, 255); background-image: none;\" data-ovid=\"ovid-content-4-108\"> <div class=\"gridContainer\"> <div class=\"content-right-image-gridcol\"> <div class=\"content-right-image-textcol dynamic-color\" data-type=\"column\"> <h2 class=\"\">AgriHeat WTW Duovat<\/h2> <p class=\"large_text\">  Le Duovat d&#8217;AgriHeat consiste en un r\u00e9servoir d&#8217;eau chaude sanitaire et un r\u00e9servoir de chaudi\u00e8re combin\u00e9s. La chaudi\u00e8re pr\u00e9sente une s\u00e9paration th\u00e9orique haut\/bas : la partie sup\u00e9rieure de la chaudi\u00e8re contient de l&#8217;eau chaude pour le rin\u00e7age, tandis que la partie inf\u00e9rieure est charg\u00e9e par le refroidisseur. Une vanne de m\u00e9lange sp\u00e9ciale assure un empilage efficace de l&#8217;eau chaude dans la chaudi\u00e8re. La connexion en parall\u00e8le de deux chaudi\u00e8res en une seule permet d&#8217;\u00e9conomiser sur l&#8217;achat, l&#8217;installation et l&#8217;espace.<\/p>  <img decoding=\"async\" class=\"custom-image\" src=\"https:\/\/www.reheat.nl\/wp-content\/uploads\/2019\/08\/AgriHeat200.png\"><\/div> <div class=\"content-right-image-imgcol\" data-type=\"column\"> <img decoding=\"async\" src=\"https:\/\/www.reheat.nl\/wp-content\/uploads\/2018\/01\/ReHeat_AgriHeat_WTW.png\" class=\"\"> <\/div> <\/div> <\/div> <\/div>","protected":false},"excerpt":{"rendered":"<p>AgriHeat WTW Duovat Le Duovat d&#8217;AgriHeat consiste en un r\u00e9servoir d&#8217;eau chaude sanitaire et un r\u00e9servoir de chaudi\u00e8re combin\u00e9s. La chaudi\u00e8re pr\u00e9sente une s\u00e9paration th\u00e9orique haut\/bas : la partie sup\u00e9rieure de la chaudi\u00e8re contient de l&#8217;eau chaude pour le rin\u00e7age, tandis que la partie inf\u00e9rieure est charg\u00e9e par le refroidisseur. Une vanne de m\u00e9lange sp\u00e9ciale&hellip; <br \/> <a class=\"button small blue\" href=\"https:\/\/www.reheat.nl\/fr\/lefficacite-en-action-avec-les-collecteurs-solaires-prefabriques-nous-faisons-des-metres\/\">Lire la suite<\/a><\/p>\n","protected":false},"author":2,"featured_media":0,"parent":0,"menu_order":0,"comment_status":"closed","ping_status":"closed","template":"page-with-small-header.php","meta":{"footnotes":""},"class_list":["post-12436","page","type-page","status-publish","hentry"],"yoast_head":"<!-- This site is optimized with the Yoast SEO Premium plugin v25.0 (Yoast SEO v26.2) - https:\/\/yoast.com\/wordpress\/plugins\/seo\/ -->\n<title>Agriheat WTW Duovat - ReHeat<\/title>\n<meta name=\"robots\" content=\"index, follow, max-snippet:-1, max-image-preview:large, max-video-preview:-1\" \/>\n<link rel=\"canonical\" href=\"https:\/\/www.reheat.nl\/fr\/agriheat-wtw-duovat\/\" \/>\n<meta property=\"og:locale\" content=\"fr_FR\" \/>\n<meta property=\"og:type\" content=\"article\" \/>\n<meta property=\"og:title\" content=\"Agriheat WTW Duovat\" \/>\n<meta property=\"og:description\" content=\"AgriHeat WTW Duovat Le Duovat d&#8217;AgriHeat consiste en un r\u00e9servoir d&#8217;eau chaude sanitaire et un r\u00e9servoir de chaudi\u00e8re combin\u00e9s. La chaudi\u00e8re pr\u00e9sente une s\u00e9paration th\u00e9orique haut\/bas : la partie sup\u00e9rieure de la chaudi\u00e8re contient de l&#8217;eau chaude pour le rin\u00e7age, tandis que la partie inf\u00e9rieure est charg\u00e9e par le refroidisseur. Une vanne de m\u00e9lange sp\u00e9ciale&hellip; Lire la suite\" \/>\n<meta property=\"og:url\" content=\"https:\/\/www.reheat.nl\/fr\/agriheat-wtw-duovat\/\" \/>\n<meta property=\"og:site_name\" content=\"ReHeat\" \/>\n<meta property=\"article:publisher\" content=\"https:\/\/www.facebook.com\/reheat\" \/>\n<meta property=\"article:modified_time\" content=\"2024-02-29T12:51:50+00:00\" \/>\n<meta property=\"og:image\" content=\"https:\/\/www.reheat.nl\/wp-content\/uploads\/2019\/08\/AgriHeat200.png\" \/>\n<meta name=\"twitter:card\" content=\"summary_large_image\" \/>\n<meta name=\"twitter:label1\" content=\"Dur\u00e9e de lecture estim\u00e9e\" \/>\n\t<meta name=\"twitter:data1\" content=\"1 minute\" \/>\n<script type=\"application\/ld+json\" class=\"yoast-schema-graph\">{\"@context\":\"https:\/\/schema.org\",\"@graph\":[{\"@type\":\"WebPage\",\"@id\":\"https:\/\/www.reheat.nl\/fr\/agriheat-wtw-duovat\/\",\"url\":\"https:\/\/www.reheat.nl\/fr\/agriheat-wtw-duovat\/\",\"name\":\"Agriheat WTW Duovat - ReHeat\",\"isPartOf\":{\"@id\":\"https:\/\/www.reheat.nl\/fr\/#website\"},\"primaryImageOfPage\":{\"@id\":\"https:\/\/www.reheat.nl\/fr\/agriheat-wtw-duovat\/#primaryimage\"},\"image\":{\"@id\":\"https:\/\/www.reheat.nl\/fr\/agriheat-wtw-duovat\/#primaryimage\"},\"thumbnailUrl\":\"https:\/\/www.reheat.nl\/wp-content\/uploads\/2019\/08\/AgriHeat200.png\",\"datePublished\":\"2023-03-22T13:13:12+00:00\",\"dateModified\":\"2024-02-29T12:51:50+00:00\",\"breadcrumb\":{\"@id\":\"https:\/\/www.reheat.nl\/fr\/agriheat-wtw-duovat\/#breadcrumb\"},\"inLanguage\":\"fr-FR\",\"potentialAction\":[{\"@type\":\"ReadAction\",\"target\":[\"https:\/\/www.reheat.nl\/fr\/agriheat-wtw-duovat\/\"]}]},{\"@type\":\"ImageObject\",\"inLanguage\":\"fr-FR\",\"@id\":\"https:\/\/www.reheat.nl\/fr\/agriheat-wtw-duovat\/#primaryimage\",\"url\":\"https:\/\/www.reheat.nl\/wp-content\/uploads\/2019\/08\/AgriHeat200.png\",\"contentUrl\":\"https:\/\/www.reheat.nl\/wp-content\/uploads\/2019\/08\/AgriHeat200.png\"},{\"@type\":\"BreadcrumbList\",\"@id\":\"https:\/\/www.reheat.nl\/fr\/agriheat-wtw-duovat\/#breadcrumb\",\"itemListElement\":[{\"@type\":\"ListItem\",\"position\":1,\"name\":\"Home\",\"item\":\"https:\/\/www.reheat.nl\/fr\/\"},{\"@type\":\"ListItem\",\"position\":2,\"name\":\"Agriheat WTW Duovat\"}]},{\"@type\":\"WebSite\",\"@id\":\"https:\/\/www.reheat.nl\/fr\/#website\",\"url\":\"https:\/\/www.reheat.nl\/fr\/\",\"name\":\"ReHeat\",\"description\":\"Heetwatersystemen\",\"publisher\":{\"@id\":\"https:\/\/www.reheat.nl\/fr\/#organization\"},\"potentialAction\":[{\"@type\":\"SearchAction\",\"target\":{\"@type\":\"EntryPoint\",\"urlTemplate\":\"https:\/\/www.reheat.nl\/fr\/?s={search_term_string}\"},\"query-input\":{\"@type\":\"PropertyValueSpecification\",\"valueRequired\":true,\"valueName\":\"search_term_string\"}}],\"inLanguage\":\"fr-FR\"},{\"@type\":\"Organization\",\"@id\":\"https:\/\/www.reheat.nl\/fr\/#organization\",\"name\":\"ReHeat\",\"url\":\"https:\/\/www.reheat.nl\/fr\/\",\"logo\":{\"@type\":\"ImageObject\",\"inLanguage\":\"fr-FR\",\"@id\":\"https:\/\/www.reheat.nl\/fr\/#\/schema\/logo\/image\/\",\"url\":\"https:\/\/www.reheat.nl\/wp-content\/uploads\/2017\/12\/ReHeat.png\",\"contentUrl\":\"https:\/\/www.reheat.nl\/wp-content\/uploads\/2017\/12\/ReHeat.png\",\"width\":242,\"height\":67,\"caption\":\"ReHeat\"},\"image\":{\"@id\":\"https:\/\/www.reheat.nl\/fr\/#\/schema\/logo\/image\/\"},\"sameAs\":[\"https:\/\/www.facebook.com\/reheat\",\"https:\/\/www.instagram.com\/reheatnl\/\"]}]}<\/script>\n<!-- \/ Yoast SEO Premium plugin. -->","yoast_head_json":{"title":"Agriheat WTW Duovat - ReHeat","robots":{"index":"index","follow":"follow","max-snippet":"max-snippet:-1","max-image-preview":"max-image-preview:large","max-video-preview":"max-video-preview:-1"},"canonical":"https:\/\/www.reheat.nl\/fr\/agriheat-wtw-duovat\/","og_locale":"fr_FR","og_type":"article","og_title":"Agriheat WTW Duovat","og_description":"AgriHeat WTW Duovat Le Duovat d&#8217;AgriHeat consiste en un r\u00e9servoir d&#8217;eau chaude sanitaire et un r\u00e9servoir de chaudi\u00e8re combin\u00e9s. La chaudi\u00e8re pr\u00e9sente une s\u00e9paration th\u00e9orique haut\/bas : la partie sup\u00e9rieure de la chaudi\u00e8re contient de l&#8217;eau chaude pour le rin\u00e7age, tandis que la partie inf\u00e9rieure est charg\u00e9e par le refroidisseur. Une vanne de m\u00e9lange sp\u00e9ciale&hellip; Lire la suite","og_url":"https:\/\/www.reheat.nl\/fr\/agriheat-wtw-duovat\/","og_site_name":"ReHeat","article_publisher":"https:\/\/www.facebook.com\/reheat","article_modified_time":"2024-02-29T12:51:50+00:00","og_image":[{"url":"https:\/\/www.reheat.nl\/wp-content\/uploads\/2019\/08\/AgriHeat200.png","type":"","width":"","height":""}],"twitter_card":"summary_large_image","twitter_misc":{"Dur\u00e9e de lecture estim\u00e9e":"1 minute"},"schema":{"@context":"https:\/\/schema.org","@graph":[{"@type":"WebPage","@id":"https:\/\/www.reheat.nl\/fr\/agriheat-wtw-duovat\/","url":"https:\/\/www.reheat.nl\/fr\/agriheat-wtw-duovat\/","name":"Agriheat WTW Duovat - ReHeat","isPartOf":{"@id":"https:\/\/www.reheat.nl\/fr\/#website"},"primaryImageOfPage":{"@id":"https:\/\/www.reheat.nl\/fr\/agriheat-wtw-duovat\/#primaryimage"},"image":{"@id":"https:\/\/www.reheat.nl\/fr\/agriheat-wtw-duovat\/#primaryimage"},"thumbnailUrl":"https:\/\/www.reheat.nl\/wp-content\/uploads\/2019\/08\/AgriHeat200.png","datePublished":"2023-03-22T13:13:12+00:00","dateModified":"2024-02-29T12:51:50+00:00","breadcrumb":{"@id":"https:\/\/www.reheat.nl\/fr\/agriheat-wtw-duovat\/#breadcrumb"},"inLanguage":"fr-FR","potentialAction":[{"@type":"ReadAction","target":["https:\/\/www.reheat.nl\/fr\/agriheat-wtw-duovat\/"]}]},{"@type":"ImageObject","inLanguage":"fr-FR","@id":"https:\/\/www.reheat.nl\/fr\/agriheat-wtw-duovat\/#primaryimage","url":"https:\/\/www.reheat.nl\/wp-content\/uploads\/2019\/08\/AgriHeat200.png","contentUrl":"https:\/\/www.reheat.nl\/wp-content\/uploads\/2019\/08\/AgriHeat200.png"},{"@type":"BreadcrumbList","@id":"https:\/\/www.reheat.nl\/fr\/agriheat-wtw-duovat\/#breadcrumb","itemListElement":[{"@type":"ListItem","position":1,"name":"Home","item":"https:\/\/www.reheat.nl\/fr\/"},{"@type":"ListItem","position":2,"name":"Agriheat WTW Duovat"}]},{"@type":"WebSite","@id":"https:\/\/www.reheat.nl\/fr\/#website","url":"https:\/\/www.reheat.nl\/fr\/","name":"ReHeat","description":"Heetwatersystemen","publisher":{"@id":"https:\/\/www.reheat.nl\/fr\/#organization"},"potentialAction":[{"@type":"SearchAction","target":{"@type":"EntryPoint","urlTemplate":"https:\/\/www.reheat.nl\/fr\/?s={search_term_string}"},"query-input":{"@type":"PropertyValueSpecification","valueRequired":true,"valueName":"search_term_string"}}],"inLanguage":"fr-FR"},{"@type":"Organization","@id":"https:\/\/www.reheat.nl\/fr\/#organization","name":"ReHeat","url":"https:\/\/www.reheat.nl\/fr\/","logo":{"@type":"ImageObject","inLanguage":"fr-FR","@id":"https:\/\/www.reheat.nl\/fr\/#\/schema\/logo\/image\/","url":"https:\/\/www.reheat.nl\/wp-content\/uploads\/2017\/12\/ReHeat.png","contentUrl":"https:\/\/www.reheat.nl\/wp-content\/uploads\/2017\/12\/ReHeat.png","width":242,"height":67,"caption":"ReHeat"},"image":{"@id":"https:\/\/www.reheat.nl\/fr\/#\/schema\/logo\/image\/"},"sameAs":["https:\/\/www.facebook.com\/reheat","https:\/\/www.instagram.com\/reheatnl\/"]}]}},"_links":{"self":[{"href":"https:\/\/www.reheat.nl\/fr\/wp-json\/wp\/v2\/pages\/12436","targetHints":{"allow":["GET"]}}],"collection":[{"href":"https:\/\/www.reheat.nl\/fr\/wp-json\/wp\/v2\/pages"}],"about":[{"href":"https:\/\/www.reheat.nl\/fr\/wp-json\/wp\/v2\/types\/page"}],"author":[{"embeddable":true,"href":"https:\/\/www.reheat.nl\/fr\/wp-json\/wp\/v2\/users\/2"}],"replies":[{"embeddable":true,"href":"https:\/\/www.reheat.nl\/fr\/wp-json\/wp\/v2\/comments?post=12436"}],"version-history":[{"count":1,"href":"https:\/\/www.reheat.nl\/fr\/wp-json\/wp\/v2\/pages\/12436\/revisions"}],"predecessor-version":[{"id":13477,"href":"https:\/\/www.reheat.nl\/fr\/wp-json\/wp\/v2\/pages\/12436\/revisions\/13477"}],"wp:attachment":[{"href":"https:\/\/www.reheat.nl\/fr\/wp-json\/wp\/v2\/media?parent=12436"}],"curies":[{"name":"wp","href":"https:\/\/api.w.org\/{rel}","templated":true}]}}