{"id":12438,"date":"2023-03-22T13:13:12","date_gmt":"2023-03-22T13:13:12","guid":{"rendered":"https:\/\/www.reheat.nl\/contact\/"},"modified":"2024-03-28T13:19:48","modified_gmt":"2024-03-28T12:19:48","slug":"contact","status":"publish","type":"page","link":"https:\/\/www.reheat.nl\/fr\/contact\/","title":{"rendered":"Contact"},"content":{"rendered":"<div data-label=\"Features\" data-id=\"features-overlapped-icons-section\" data-category=\"features\" class=\"features-overlapped-icons-section content-relative\" id=\"features-4\" style=\"background-color: rgb(247, 247, 247); background-image: none;\" data-ovid=\"ovid-features-4-552\"> <div class=\"gridContainer\"> <div class=\"features-overlapped-icons-textrow\"> <div class=\"features-overlapped-icons-textcol dynamic-color\" data-type=\"column\"> <h2 class=\"\">Contactez nous<\/h2> <p class=\"\">Vous souhaitez obtenir plus d&#8217;informations sur nos syst\u00e8mes ou demander un devis ? Si c&#8217;est le cas, envoyez-nous un e-mail ou contactez-nous par t\u00e9l\u00e9phone.<\/p> <\/div> <\/div> <div class=\"features-overlapped-icons-featuresrow flexbox-list\" data-type=\"row\"> <div class=\"features-large-icons-featcol cp3cols cp6cols-tablet\"> <div class=\"features-overlapped-icons-featinnerrow\"> <div class=\"features-icon-container\"><i data-cp-fa=\"true\" class=\"font-icon-features-icon-container fa fa-location-arrow color6\"><\/i> <\/div>\t<div data-type=\"column\" class=\"\"> <h4 class=\"\">Visitez-nous<\/h4> <p class=\"\">ReHeat BV<br>Route industrielle 7\n<br>9861BT Grootegast<\/p> <a class=\"button color1\" href=\"https:\/\/maps.app.goo.gl\/3y6hNA9z9mzpaML28\" target=\"_self\" data-icon=\"\" rel=\"noopener\">Nous trouver<\/a><\/div><\/div> <\/div> <div class=\"features-large-icons-featcol cp3cols cp6cols-tablet\"> <div class=\"features-overlapped-icons-featinnerrow\"> <div class=\"features-icon-container\"><i data-cp-fa=\"true\" class=\"font-icon-features-icon-container fa fa-phone color8\"><\/i> <\/div>\t<div data-type=\"column\" class=\"\"> <h4 class=\"\">Appelez-nous<\/h4> <p class=\"\">Disponible tous les jours ouvrables entre 08h30 et 16h30 sur&nbsp;<br>\n0594 69 79 02<\/p> <a class=\"button color1\" href=\"tel:0594697902\" target=\"_self\" data-icon=\"\" rel=\"noopener\">Appelez-nous<\/a><\/div><\/div> <\/div> <div class=\"features-large-icons-featcol cp3cols cp6cols-tablet\"> <div class=\"features-overlapped-icons-featinnerrow\"> <div class=\"features-icon-container\"><i data-cp-fa=\"true\" class=\"font-icon-features-icon-container fa fa-envelope color8\"><\/i> <\/div>\t<div data-type=\"column\" class=\"\"> <h4 class=\"\">Envoyez-nous un courrier<\/h4> <p class=\"\">Vous pr\u00e9f\u00e9rez le courrier \u00e9lectronique ? Envoyer ensuite  \n<br>un courriel \u00e0  \n<br>info@reheat.nl<\/p> <a class=\"button color1\" href=\"mailto:info@reheat.nl\" target=\"_self\" data-icon=\"\" rel=\"noopener\">Envoyez-nous un courrier<\/a><\/div><\/div> <\/div>  <\/div> <\/div><\/div><div data-label=\"About us\" data-id=\"about-image-section-pro\" data-category=\"about\" class=\"about-image-section-pro\" id=\"about-us-2\" style=\"background-color: rgb(255, 255, 255); background-image: none;\" data-ovid=\"ovid-about-us-2-515\"> <div class=\"\"> <div class=\"row about-image-gridcol-pro\"> <div class=\"about-image-textcol-pro\" data-type=\"column\"> <h2 class=\"\">  Vue d&#8217;ensemble des distributeurs<\/h2> <p class=\"\">  Avec plus de 300 revendeurs, il y a toujours un installateur pr\u00e8s de chez vous. Vous vous demandez de quel programme d&#8217;installation il s&#8217;agit ? Contactez-nous \u00e0 l&#8217;adresse verkoop@reheat.nl ou au 0594 697902.  <\/p> <div data-editable=\"true\" data-name=\"ope-widgets-area\" data-content-shortcode=\"ope_display_widgets_area id=\"ope_pro_users_custom_widgets_area_0\"  \" class=\"\"><div data-name=\"ope-widgets-area\"><div id=\"block-6\" class=\"widget widget_block\"><div id=\"storepoint-container\" data-map-id=\"16335660271c6f\"><\/div>\n<p><script>(function(){var a=document.createElement(\"script\");a.type=\"text\/javascript\";a.async=!0;a.src=\"https:\/\/cdn.storepoint.co\/api\/v1\/js\/16335660271c6f.js\";var b=document.getElementsByTagName(\"script\")[0];b.parentNode.insertBefore(a,b);}());<\/script><\/p>\n<\/div><\/div><\/div><\/div> <div data-type=\"column\" class=\"\">  <\/div> <\/div> <\/div> <\/div>","protected":false},"excerpt":{"rendered":"<p>Contactez nous Vous souhaitez obtenir plus d&#8217;informations sur nos syst\u00e8mes ou demander un devis ? Si c&#8217;est le cas, envoyez-nous un e-mail ou contactez-nous par t\u00e9l\u00e9phone. Visitez-nous ReHeat BVRoute industrielle 7 9861BT Grootegast Nous trouver Appelez-nous Disponible tous les jours ouvrables entre 08h30 et 16h30 sur&nbsp; 0594 69 79 02 Appelez-nous Envoyez-nous un courrier Vous&hellip; <br \/> <a class=\"button small blue\" href=\"https:\/\/www.reheat.nl\/fr\/lefficacite-en-action-avec-les-collecteurs-solaires-prefabriques-nous-faisons-des-metres\/\">Lire la suite<\/a><\/p>\n","protected":false},"author":2,"featured_media":0,"parent":0,"menu_order":0,"comment_status":"closed","ping_status":"closed","template":"page-with-small-header.php","meta":{"footnotes":""},"class_list":["post-12438","page","type-page","status-publish","hentry"],"yoast_head":"<!-- This site is optimized with the Yoast SEO Premium plugin v25.0 (Yoast SEO v26.2) - https:\/\/yoast.com\/wordpress\/plugins\/seo\/ -->\n<title>Contact - ReHeat<\/title>\n<meta name=\"robots\" content=\"index, follow, max-snippet:-1, max-image-preview:large, max-video-preview:-1\" \/>\n<link rel=\"canonical\" href=\"https:\/\/www.reheat.nl\/fr\/contact\/\" \/>\n<meta property=\"og:locale\" content=\"fr_FR\" \/>\n<meta property=\"og:type\" content=\"article\" \/>\n<meta property=\"og:title\" content=\"Contact\" \/>\n<meta property=\"og:description\" content=\"Contactez nous Vous souhaitez obtenir plus d&#8217;informations sur nos syst\u00e8mes ou demander un devis ? Si c&#8217;est le cas, envoyez-nous un e-mail ou contactez-nous par t\u00e9l\u00e9phone. Visitez-nous ReHeat BVRoute industrielle 7 9861BT Grootegast Nous trouver Appelez-nous Disponible tous les jours ouvrables entre 08h30 et 16h30 sur&nbsp; 0594 69 79 02 Appelez-nous Envoyez-nous un courrier Vous&hellip; Lire la suite\" \/>\n<meta property=\"og:url\" content=\"https:\/\/www.reheat.nl\/fr\/contact\/\" \/>\n<meta property=\"og:site_name\" content=\"ReHeat\" \/>\n<meta property=\"article:publisher\" content=\"https:\/\/www.facebook.com\/reheat\" \/>\n<meta property=\"article:modified_time\" content=\"2024-03-28T12:19:48+00:00\" \/>\n<meta name=\"twitter:card\" content=\"summary_large_image\" \/>\n<meta name=\"twitter:label1\" content=\"Dur\u00e9e de lecture estim\u00e9e\" \/>\n\t<meta name=\"twitter:data1\" content=\"1 minute\" \/>\n<script type=\"application\/ld+json\" class=\"yoast-schema-graph\">{\"@context\":\"https:\/\/schema.org\",\"@graph\":[{\"@type\":\"WebPage\",\"@id\":\"https:\/\/www.reheat.nl\/fr\/contact\/\",\"url\":\"https:\/\/www.reheat.nl\/fr\/contact\/\",\"name\":\"Contact - ReHeat\",\"isPartOf\":{\"@id\":\"https:\/\/www.reheat.nl\/fr\/#website\"},\"datePublished\":\"2023-03-22T13:13:12+00:00\",\"dateModified\":\"2024-03-28T12:19:48+00:00\",\"breadcrumb\":{\"@id\":\"https:\/\/www.reheat.nl\/fr\/contact\/#breadcrumb\"},\"inLanguage\":\"fr-FR\",\"potentialAction\":[{\"@type\":\"ReadAction\",\"target\":[\"https:\/\/www.reheat.nl\/fr\/contact\/\"]}]},{\"@type\":\"BreadcrumbList\",\"@id\":\"https:\/\/www.reheat.nl\/fr\/contact\/#breadcrumb\",\"itemListElement\":[{\"@type\":\"ListItem\",\"position\":1,\"name\":\"Home\",\"item\":\"https:\/\/www.reheat.nl\/fr\/\"},{\"@type\":\"ListItem\",\"position\":2,\"name\":\"Contact\"}]},{\"@type\":\"WebSite\",\"@id\":\"https:\/\/www.reheat.nl\/fr\/#website\",\"url\":\"https:\/\/www.reheat.nl\/fr\/\",\"name\":\"ReHeat\",\"description\":\"Heetwatersystemen\",\"publisher\":{\"@id\":\"https:\/\/www.reheat.nl\/fr\/#organization\"},\"potentialAction\":[{\"@type\":\"SearchAction\",\"target\":{\"@type\":\"EntryPoint\",\"urlTemplate\":\"https:\/\/www.reheat.nl\/fr\/?s={search_term_string}\"},\"query-input\":{\"@type\":\"PropertyValueSpecification\",\"valueRequired\":true,\"valueName\":\"search_term_string\"}}],\"inLanguage\":\"fr-FR\"},{\"@type\":\"Organization\",\"@id\":\"https:\/\/www.reheat.nl\/fr\/#organization\",\"name\":\"ReHeat\",\"url\":\"https:\/\/www.reheat.nl\/fr\/\",\"logo\":{\"@type\":\"ImageObject\",\"inLanguage\":\"fr-FR\",\"@id\":\"https:\/\/www.reheat.nl\/fr\/#\/schema\/logo\/image\/\",\"url\":\"https:\/\/www.reheat.nl\/wp-content\/uploads\/2017\/12\/ReHeat.png\",\"contentUrl\":\"https:\/\/www.reheat.nl\/wp-content\/uploads\/2017\/12\/ReHeat.png\",\"width\":242,\"height\":67,\"caption\":\"ReHeat\"},\"image\":{\"@id\":\"https:\/\/www.reheat.nl\/fr\/#\/schema\/logo\/image\/\"},\"sameAs\":[\"https:\/\/www.facebook.com\/reheat\",\"https:\/\/www.instagram.com\/reheatnl\/\"]}]}<\/script>\n<!-- \/ Yoast SEO Premium plugin. -->","yoast_head_json":{"title":"Contact - ReHeat","robots":{"index":"index","follow":"follow","max-snippet":"max-snippet:-1","max-image-preview":"max-image-preview:large","max-video-preview":"max-video-preview:-1"},"canonical":"https:\/\/www.reheat.nl\/fr\/contact\/","og_locale":"fr_FR","og_type":"article","og_title":"Contact","og_description":"Contactez nous Vous souhaitez obtenir plus d&#8217;informations sur nos syst\u00e8mes ou demander un devis ? Si c&#8217;est le cas, envoyez-nous un e-mail ou contactez-nous par t\u00e9l\u00e9phone. Visitez-nous ReHeat BVRoute industrielle 7 9861BT Grootegast Nous trouver Appelez-nous Disponible tous les jours ouvrables entre 08h30 et 16h30 sur&nbsp; 0594 69 79 02 Appelez-nous Envoyez-nous un courrier Vous&hellip; Lire la suite","og_url":"https:\/\/www.reheat.nl\/fr\/contact\/","og_site_name":"ReHeat","article_publisher":"https:\/\/www.facebook.com\/reheat","article_modified_time":"2024-03-28T12:19:48+00:00","twitter_card":"summary_large_image","twitter_misc":{"Dur\u00e9e de lecture estim\u00e9e":"1 minute"},"schema":{"@context":"https:\/\/schema.org","@graph":[{"@type":"WebPage","@id":"https:\/\/www.reheat.nl\/fr\/contact\/","url":"https:\/\/www.reheat.nl\/fr\/contact\/","name":"Contact - ReHeat","isPartOf":{"@id":"https:\/\/www.reheat.nl\/fr\/#website"},"datePublished":"2023-03-22T13:13:12+00:00","dateModified":"2024-03-28T12:19:48+00:00","breadcrumb":{"@id":"https:\/\/www.reheat.nl\/fr\/contact\/#breadcrumb"},"inLanguage":"fr-FR","potentialAction":[{"@type":"ReadAction","target":["https:\/\/www.reheat.nl\/fr\/contact\/"]}]},{"@type":"BreadcrumbList","@id":"https:\/\/www.reheat.nl\/fr\/contact\/#breadcrumb","itemListElement":[{"@type":"ListItem","position":1,"name":"Home","item":"https:\/\/www.reheat.nl\/fr\/"},{"@type":"ListItem","position":2,"name":"Contact"}]},{"@type":"WebSite","@id":"https:\/\/www.reheat.nl\/fr\/#website","url":"https:\/\/www.reheat.nl\/fr\/","name":"ReHeat","description":"Heetwatersystemen","publisher":{"@id":"https:\/\/www.reheat.nl\/fr\/#organization"},"potentialAction":[{"@type":"SearchAction","target":{"@type":"EntryPoint","urlTemplate":"https:\/\/www.reheat.nl\/fr\/?s={search_term_string}"},"query-input":{"@type":"PropertyValueSpecification","valueRequired":true,"valueName":"search_term_string"}}],"inLanguage":"fr-FR"},{"@type":"Organization","@id":"https:\/\/www.reheat.nl\/fr\/#organization","name":"ReHeat","url":"https:\/\/www.reheat.nl\/fr\/","logo":{"@type":"ImageObject","inLanguage":"fr-FR","@id":"https:\/\/www.reheat.nl\/fr\/#\/schema\/logo\/image\/","url":"https:\/\/www.reheat.nl\/wp-content\/uploads\/2017\/12\/ReHeat.png","contentUrl":"https:\/\/www.reheat.nl\/wp-content\/uploads\/2017\/12\/ReHeat.png","width":242,"height":67,"caption":"ReHeat"},"image":{"@id":"https:\/\/www.reheat.nl\/fr\/#\/schema\/logo\/image\/"},"sameAs":["https:\/\/www.facebook.com\/reheat","https:\/\/www.instagram.com\/reheatnl\/"]}]}},"_links":{"self":[{"href":"https:\/\/www.reheat.nl\/fr\/wp-json\/wp\/v2\/pages\/12438","targetHints":{"allow":["GET"]}}],"collection":[{"href":"https:\/\/www.reheat.nl\/fr\/wp-json\/wp\/v2\/pages"}],"about":[{"href":"https:\/\/www.reheat.nl\/fr\/wp-json\/wp\/v2\/types\/page"}],"author":[{"embeddable":true,"href":"https:\/\/www.reheat.nl\/fr\/wp-json\/wp\/v2\/users\/2"}],"replies":[{"embeddable":true,"href":"https:\/\/www.reheat.nl\/fr\/wp-json\/wp\/v2\/comments?post=12438"}],"version-history":[{"count":7,"href":"https:\/\/www.reheat.nl\/fr\/wp-json\/wp\/v2\/pages\/12438\/revisions"}],"predecessor-version":[{"id":13812,"href":"https:\/\/www.reheat.nl\/fr\/wp-json\/wp\/v2\/pages\/12438\/revisions\/13812"}],"wp:attachment":[{"href":"https:\/\/www.reheat.nl\/fr\/wp-json\/wp\/v2\/media?parent=12438"}],"curies":[{"name":"wp","href":"https:\/\/api.w.org\/{rel}","templated":true}]}}