{"id":12466,"date":"2023-03-22T13:27:41","date_gmt":"2023-03-22T13:27:41","guid":{"rendered":"https:\/\/www.reheat.nl\/hotel\/"},"modified":"2024-05-08T11:21:26","modified_gmt":"2024-05-08T09:21:26","slug":"hotel","status":"publish","type":"page","link":"https:\/\/www.reheat.nl\/fr\/hotel\/","title":{"rendered":"H\u00f4tel"},"content":{"rendered":"<div id=\"flexheat\" class=\"about-image-section-pro content-relative white-text-section\" style=\"background-size: cover; background-position: center top; background-image: url('https:\/\/www.reheat.nl\/wp-content\/uploads\/2020\/07\/ReHeat_ReSolar_Hotel_FlexHeat_Solar_Heatpipes_Duurzaam_Water_Besparing-e1594390093951.jpg');\" data-label=\"FlexHeat\" data-id=\"about-image-section-pro\" data-category=\"about\" data-ovid=\"ovid-about-us-2-556\" data-parallax-depth=\"20\">\n<div class=\"\">\n<div class=\"row about-image-gridcol-pro\">\n<div class=\"about-image-textcol-pro\" data-type=\"column\">\n\n<img decoding=\"async\" class=\"custom-image\" src=\"https:\/\/www.reheat.nl\/wp-content\/uploads\/2019\/08\/FlexHeat200W.png\">\n<h1 class=\"\"><span class=\"\" style=\"font-weight: 900; color: #ffffff;\">AVEC FLEXHEAT, CHAQUE INSTALLATION SANITAIRE EST VERTE<\/span><\/h1>\n<h1 class=\"\"><\/h1>\n<h4 class=\"\"><span style=\"color: #ffffff; font-weight: 800;\">\u00c9conomies d&#8217;\u00e9nergie \u00e0 partir de 40<\/span><\/h4>\n<a class=\"button big color1\" href=\"https:\/\/www.reheat.nl\/flexheat-2\/#flexheat-offerte\" target=\"_self\" rel=\"noopener noreferrer\" data-icon=\"\">Devis gratuit<\/a>\n\n<a class=\"button big color2\" href=\"https:\/\/www.reheat.nl\/wp-content\/uploads\/2022\/09\/2022-09_3-luik_FlexHeat_def_scroll.pdf\" target=\"_blank\" rel=\"noopener noreferrer\" data-icon=\"fa-download\">  Brochure<\/a>\n\n<\/div>\n<div class=\"\" data-type=\"column\"><\/div>\n<\/div>\n<\/div>\n<\/div><div id=\"usp-1\" class=\"features-overlapped-icons-section stripped-features-overlapped-icons-section\" style=\"background-color: #ffffff; background-image: none;\" data-label=\"USP\" data-id=\"stripped-features-overlapped-icons-section\" data-category=\"overlapable\" data-overlap=\"true\" data-ovid=\"ovid-overlapable-4-691\">\n<div class=\"gridContainer\">\n<div class=\"features-overlapped-icons-featuresrow flexbox-list\" data-type=\"row\">\n<div class=\"features-large-icons-featcol cp3cols cp6cols-tablet color1\">\n<div class=\"features-overlapped-icons-featinnerrow\">\n<div class=\"features-icon-container\"><\/div>\n<div class=\"\" data-type=\"column\">\n<h4 class=\"\">Baisse des co\u00fbts<\/h4>\n<p class=\"\">Syst\u00e8me innovant permettant des \u00e9conomies de gaz de 40 \u00e0 90 %.<\/p>\n\n<\/div>\n<\/div>\n<\/div>\n<div class=\"features-large-icons-featcol cp3cols cp6cols-tablet color1\">\n<div class=\"features-overlapped-icons-featinnerrow\">\n<div class=\"features-icon-container\"><\/div>\n<div class=\"\" data-type=\"column\">\n<h4 class=\"\">R\u00e9glable de mani\u00e8re variable<\/h4>\n<p class=\"\">Contr\u00f4leur intelligent pour adapter la capacit\u00e9 de la chaudi\u00e8re au taux d&#8217;occupation des utilisateurs<\/p>\n\n<\/div>\n<\/div>\n<\/div>\n<div class=\"features-large-icons-featcol cp3cols cp6cols-tablet color1\">\n<div class=\"features-overlapped-icons-featinnerrow\">\n<div class=\"features-icon-container\"><\/div>\n<div class=\"\" data-type=\"column\">\n<h4 class=\"\">Payback&nbsp;time<\/h4>\n<p class=\"\">Des \u00e9conomies importantes (jusqu&#8217;\u00e0 90 %) permettent un retour sur investissement rapide.<\/p>\n\n<\/div>\n<\/div>\n<\/div>\n<div class=\"features-large-icons-featcol cp3cols cp6cols-tablet color1\">\n<div class=\"features-overlapped-icons-featinnerrow\">\n<div class=\"features-icon-container\"><\/div>\n<div class=\"\" data-type=\"column\">\n<h4 class=\"\">ReSolar<\/h4>\n<p class=\"\">Solaire thermique (HeatPipes) sur le r\u00e9servoir de la chaudi\u00e8re en option<\/p>\n\n<\/div>\n<\/div>\n<\/div>\n<\/div>\n<\/div>\n<\/div><div id=\"direct-besparen\" class=\"features-square-image-section features-square-image-section-1 content-relative white-text-section\" style=\"background-color: #f6f6f6; background-image: url('https:\/\/www.reheat.nl\/wp-content\/uploads\/2018\/01\/2393.jpg'); background-size: cover; background-position: center top;\" data-label=\"Direct besparen\" data-id=\"features-square-image-section-1\" data-category=\"features\" data-ovid=\"ovid-direct-besparen-823\">\n<div class=\"section-separator-bottom\"><\/div>\n<div class=\"gridContainer dynamic-color\">\n<div class=\"features-square-image-textrow\">\n<div class=\"features-square-image-textcol\" data-type=\"column\">\n<h2 class=\"\">Investir maintenant <span style=\"font-weight: 900;\">, c&#8217;est r\u00e9aliser des \u00e9conomies instantan\u00e9es !<\/span><\/h2>\n<p class=\"\">En tant qu&#8217;entrepreneur ou organisation, vous devez faire face \u00e0 des lois et r\u00e9glementations strictes dans de nombreux domaines. Les r\u00e9glementations en mati\u00e8re d&#8217;environnement et d&#8217;hygi\u00e8ne imposent des co\u00fbts importants, y compris des co\u00fbts \u00e9nerg\u00e9tiques. La gestion des co\u00fbts est imp\u00e9rative. L&#8217;\u00e9nergie est un co\u00fbt en constante augmentation. La r\u00e9duction de la consommation d&#8217;\u00e9nergie est donc rentable.<\/p>\n\n<\/div>\n<\/div>\n<div class=\"features-square-image-innerrow\" data-type=\"row\">\n<div class=\"features-square-image-featcol cp4cols cp6cols-tablet\"><img decoding=\"async\" class=\"features-square-image-featimg\" src=\"https:\/\/www.reheat.nl\/wp-content\/uploads\/2023\/07\/ReHeat_FlexHeat_Besparing.png\" alt=\"\"><\/div>\n<div class=\"features-square-image-featcol cp4cols cp6cols-tablet\">\n<p class=\"\"><span style=\"font-weight: 900;\">Comment \u00e9pargner ?\n<\/span>\nAvec la chaudi\u00e8re \u00e0 \u00e9conomie d&#8217;\u00e9nergie FlexHeat de ReHeat, vous r\u00e9alisez des \u00e9conomies substantielles sur vos co\u00fbts \u00e9nerg\u00e9tiques. En effet, l&#8217;installation anticipe intelligemment les pics de consommation. En accumulant la chaleur solaire dans les chaudi\u00e8res tr\u00e8s bien isol\u00e9es, nous pouvons fournir une grande quantit\u00e9 d&#8217;eau chaude domestique \u00e0 certains moments avec une faible consommation de gaz. En int\u00e9grant la ligne de circulation dans la chaudi\u00e8re, le microprocesseur surveille l&#8217;ensemble du syst\u00e8me pour la d\u00e9sinfection thermique (l\u00e9gionelle). Ce microprocesseur l&#8217;enregistre en m\u00e9moire.<\/p>\n<p class=\"\"><span style=\"font-weight: 900;\">Combiner, c&#8217;est faire des \u00e9conomies suppl\u00e9mentaires !\n<\/span>\nEn effet, l&#8217;un des principaux avantages de la chaudi\u00e8re FlexHeat est qu&#8217;elle permet de combiner facilement les syst\u00e8mes. Lorsque nous combinons des collecteurs solaires (Heatpipes) qui produisent de l&#8217;eau chaude avec le FlexHeat, l&#8217;eau est d&#8217;abord chauff\u00e9e par le soleil et, si n\u00e9cessaire, compl\u00e9t\u00e9e par le FlexHeat.<\/p>\n\n<\/div>\n<div class=\"features-square-image-featcol cp4cols cp6cols-tablet\">\n<p class=\"\"><span style=\"font-weight: 900;\">Combien pouvez-vous \u00e9conomiser ?\n<\/span>\nEn fonction de votre installation existante, vous pouvez \u00e9conomiser entre 45 % et 90 % par an sur votre consommation d&#8217;\u00e9nergie. Prenez vos \u00e9tats financiers. Faites le calcul ! Selon l&#8217;importance de vos besoins en eau chaude, vous pouvez \u00e9conomiser des milliers d&#8217;euros par an.<\/p>\n<p class=\"\"><span style=\"font-weight: 900;\">S\u00e9curit\u00e9 et contr\u00f4le\n<\/span>\nEn standard, votre syst\u00e8me d&#8217;eau chaude est \u00e9quip\u00e9 d&#8217;un r\u00e9gulateur qui permet l&#8217;enregistrement et le contr\u00f4le de la temp\u00e9rature.<\/p>\n\n<div class=\"\"><\/div>\n<p class=\"\"><span style=\"font-weight: 900;\">Exigences\n<\/span>\nLe FlexHeat r\u00e9pond aux&nbsp;<span style=\"font-size: 18px; font-family: 'Source Sans Pro', Helvetica, Arial, sans-serif;\">Normalisation NEN 1006,&nbsp;<\/span><span style=\"font-family: 'Source Sans Pro', Helvetica, Arial, sans-serif; font-size: 18px;\">Les feuilles d&#8217;eau et les&nbsp;<\/span><span style=\"font-size: 18px; font-family: 'Source Sans Pro', Helvetica, Arial, sans-serif;\">publications de l&#8217;ISSO 55.1 et 55.2&nbsp;<\/span><span style=\"font-size: 18px; font-family: 'Source Sans Pro', Helvetica, Arial, sans-serif;\">(contr\u00f4le des l\u00e9gionelles)<\/span><\/p>\n\n<\/div>\n<\/div>\n<\/div>\n<\/div><div id=\"flexheat-offerte\" class=\"content-right-image-section content-image-right-undefined\" style=\"background-color: #ffffff; background-image: none;\" data-label=\"Flexheat offerte\" data-id=\"content-image-right-undefined\" data-category=\"content\" data-ovid=\"ovid-content-4-201\">\n<div class=\"gridContainer\">\n<div class=\"content-right-image-gridcol\">\n<div class=\"content-right-image-textcol dynamic-color\" data-type=\"column\">\n<h2 class=\"\">Comment \u00e9pargner ?<\/h2>\n<p class=\"large_text\">Remplissez le formulaire et nous vous ferons une proposition de prix sp\u00e9cifique \u00e0 votre entreprise. Cela vous donne un aper\u00e7u clair des co\u00fbts (\u00e9nerg\u00e9tiques) actuels, de l&#8217;investissement et des \u00e9conomies finales.<\/p>\n<img decoding=\"async\" class=\"custom-image\" src=\"https:\/\/www.reheat.nl\/wp-content\/uploads\/2019\/12\/ReHeat_FlexHeat-set.png\">\n\n<\/div>\n<div class=\"content-right-image-imgcol\" data-type=\"column\">\n<div class=\"\" style=\"text-align: left;\" data-editable=\"true\" data-name=\"ope-custom-content-shortcode\" data-content-shortcode=\"wpforms id=\"13939\"\"><div class=\"wpforms-container wpforms-container-full\" id=\"wpforms-13939\"><form id=\"wpforms-form-13939\" class=\"wpforms-validate wpforms-form wpforms-ajax-form\" data-formid=\"13939\" method=\"post\" enctype=\"multipart\/form-data\" action=\"\/fr\/wp-json\/wp\/v2\/pages\/12466\" data-token=\"f0f46b41a5466999ec10cb395a144825\" data-token-time=\"1776580951\"><noscript class=\"wpforms-error-noscript\">Veuillez activer JavaScript dans votre navigateur pour remplir ce formulaire.<\/noscript><div class=\"wpforms-field-container\"><div id=\"wpforms-13939-field_0-container\" class=\"wpforms-field wpforms-field-name\" data-field-id=\"0\"><label class=\"wpforms-field-label\" for=\"wpforms-13939-field_0\">Naam<\/label><input type=\"text\" id=\"wpforms-13939-field_0\" class=\"wpforms-field-large\" name=\"wpforms[fields][0]\" ><\/div><div id=\"wpforms-13939-field_1-container\" class=\"wpforms-field wpforms-field-email\" data-field-id=\"1\"><label class=\"wpforms-field-label\" for=\"wpforms-13939-field_1\">E-mail <span class=\"wpforms-required-label\">*<\/span><\/label><input type=\"email\" id=\"wpforms-13939-field_1\" class=\"wpforms-field-large wpforms-field-required\" name=\"wpforms[fields][1]\" spellcheck=\"false\" required><\/div><div id=\"wpforms-13939-field_8-container\" class=\"wpforms-field wpforms-field-text\" data-field-id=\"8\"><label class=\"wpforms-field-label\" for=\"wpforms-13939-field_8\">Telefoonnummer <span class=\"wpforms-required-label\">*<\/span><\/label><input type=\"text\" id=\"wpforms-13939-field_8\" class=\"wpforms-field-large wpforms-field-required\" name=\"wpforms[fields][8]\" required><\/div><div id=\"wpforms-13939-field_2-container\" class=\"wpforms-field wpforms-field-textarea\" data-field-id=\"2\"><label class=\"wpforms-field-label\" for=\"wpforms-13939-field_2\">Reactie of bericht<\/label><textarea id=\"wpforms-13939-field_2\" class=\"wpforms-field-medium\" name=\"wpforms[fields][2]\" ><\/textarea><\/div><div id=\"wpforms-13939-field_12-container\" class=\"wpforms-field wpforms-field-radio\" data-field-id=\"12\"><label class=\"wpforms-field-label\">Ik ontvang graag meer informatie via:<\/label><ul id=\"wpforms-13939-field_12\"><li class=\"choice-1 depth-1\"><input type=\"radio\" id=\"wpforms-13939-field_12_1\" name=\"wpforms[fields][12]\" value=\"E-mail\"  ><label class=\"wpforms-field-label-inline\" for=\"wpforms-13939-field_12_1\">E-mail<\/label><\/li><li class=\"choice-2 depth-1\"><input type=\"radio\" id=\"wpforms-13939-field_12_2\" name=\"wpforms[fields][12]\" value=\"Telefonisch\"  ><label class=\"wpforms-field-label-inline\" for=\"wpforms-13939-field_12_2\">Telefonisch<\/label><\/li><\/ul><\/div><\/div><!-- .wpforms-field-container --><div class=\"wpforms-submit-container\" ><input type=\"hidden\" name=\"wpforms[id]\" value=\"13939\"><input type=\"hidden\" name=\"page_title\" value=\"\"><input type=\"hidden\" name=\"page_url\" value=\"https:\/\/www.reheat.nl\/fr\/wp-json\/wp\/v2\/pages\/12466\"><input type=\"hidden\" name=\"url_referer\" value=\"\"><button type=\"submit\" name=\"wpforms[submit]\" id=\"wpforms-submit-13939\" class=\"wpforms-submit\" data-alt-text=\"Verzenden...\" data-submit-text=\"Verzend\" aria-live=\"assertive\" value=\"wpforms-submit\">Verzend<\/button><img loading=\"lazy\" decoding=\"async\" src=\"https:\/\/www.reheat.nl\/wp-content\/plugins\/wpforms-lite\/assets\/images\/submit-spin.svg\" class=\"wpforms-submit-spinner\" style=\"display: none;\" width=\"26\" height=\"26\" alt=\"Chargement en cours\"><\/div><\/form><\/div>  <!-- .wpforms-container --><\/div>\n<\/div>\n<\/div>\n<\/div>\n<\/div><div id=\"variabel-instelbaar\" class=\"content-right-image-section content-image-right\" style=\"background-color: #ffffff; background-image: none;\" data-label=\"Variabel instelbaar\" data-id=\"content-image-right\" data-category=\"content\" data-ovid=\"ovid-content-4-9448\">\n<div class=\"gridContainer\">\n<div class=\"content-right-image-gridcol\">\n<div class=\"content-right-image-textcol dynamic-color\" data-type=\"column\">\n<h2 class=\"\">Capacit\u00e9 r\u00e9glable en continu<\/h2>\n<p class=\"large_text\">Pourquoi vouloir maintenir l&#8217;ensemble du r\u00e9servoir de la chaudi\u00e8re \u00e0 temp\u00e9rature lorsque la demande d&#8217;eau chaude est faible (hors saison, par exemple) ? Avec le FlexHeat, vous pouvez maintenir une partie de l&#8217;eau \u00e0 temp\u00e9rature lorsque le nombre de visiteurs est plus faible. Cela n\u00e9cessite moins d&#8217;\u00e9nergie pour chauffer l&#8217;eau et la maintenir \u00e0 temp\u00e9rature.<\/p>\n<span class=\"\" style=\"font-weight: 600;\">HR (High Efficiency) au lieu de&nbsp;VR (Improved Efficiency)\n<\/span>Pour que le FlexHeat fonctionne de la mani\u00e8re la plus efficace possible sur le plan \u00e9nerg\u00e9tique, vous avez l&#8217;assurance que lorsque le geyser doit se mettre en marche, il le fait au maximum dans la plage de haute efficacit\u00e9.\n\n<\/div>\n<div class=\"content-right-image-imgcol\" data-type=\"column\">\n\n<img decoding=\"async\" class=\"\" src=\"https:\/\/www.reheat.nl\/wp-content\/uploads\/2018\/01\/Grafiek-scaled.jpg\">\n\n<\/div>\n<\/div>\n<\/div>\n<\/div><div id=\"resolar\" class=\"content-left-image-section content-image-left-undefined\" style=\"background-color: #f6f6f6; background-image: url('https:\/\/www.reheat.nl\/wp-content\/themes\/one-page-express-pro\/assets\/images\/default-row-bg.jpg'); background-size: cover; background-position: center top;\" data-label=\"Resolar\" data-id=\"content-image-left-undefined\" data-category=\"content\" data-ovid=\"ovid-resolar-942\" data-parallax-depth=\"20\">\n<div class=\"gridContainer\">\n<div class=\"row\">\n<div class=\"content-left-image-imgcol\" data-type=\"column\"><img decoding=\"async\" class=\"\" src=\"https:\/\/www.reheat.nl\/wp-content\/uploads\/2018\/01\/Reheat_Resolar.jpg\"><\/div>\n<div class=\"content-left-image-textcol dynamic-color\" data-type=\"column\">\n<h2 class=\"\">Capteurs solaires, solaires thermiques <span style=\"font-family: 'Source Sans Pro', arial, helvetica, sans-serif;\">(HeatPipes<\/span>)<\/h2>\n<img decoding=\"async\" class=\"custom-image\" src=\"https:\/\/www.reheat.nl\/wp-content\/uploads\/2018\/01\/Reheat_Resolar.png\">\n<p class=\"\"><span style=\"color: #333333;\">Des capteurs solaires peuvent \u00eatre ajout\u00e9s en option au FlexHeat. Ces &#8220;caloducs&#8221; permettent de produire de l&#8217;eau chaude directement \u00e0 partir du soleil et de la stocker dans la chaudi\u00e8re. Cette option permet de r\u00e9aliser de tr\u00e8s importantes \u00e9conomies suppl\u00e9mentaires sur votre facture d&#8217;\u00e9nergie.<\/span><\/p>\n<p class=\"\"><span style=\"color: #333333;\">Cette combinaison avec les caloducs est une solution parfaite, en particulier pour le secteur des loisirs&nbsp;. En haute saison, la demande d&#8217;eau chaude est la plus forte et nous avons \u00e9galement le plus grand nombre d&#8217;heures d&#8217;ensoleillement. D&#8217;importantes subventions sont disponibles pour l&#8217;ajout de ces capteurs solaires.<\/span><\/p>\n\n<\/div>\n<\/div>\n<\/div>\n<\/div>","protected":false},"excerpt":{"rendered":"<p>AVEC FLEXHEAT, CHAQUE INSTALLATION SANITAIRE EST VERTE \u00c9conomies d&#8217;\u00e9nergie \u00e0 partir de 40 Devis gratuit Brochure Baisse des co\u00fbts Syst\u00e8me innovant permettant des \u00e9conomies de gaz de 40 \u00e0 90 %. R\u00e9glable de mani\u00e8re variable Contr\u00f4leur intelligent pour adapter la capacit\u00e9 de la chaudi\u00e8re au taux d&#8217;occupation des utilisateurs Payback&nbsp;time Des \u00e9conomies importantes (jusqu&#8217;\u00e0 90&hellip; <br \/> <a class=\"button small blue\" href=\"https:\/\/www.reheat.nl\/fr\/lefficacite-en-action-avec-les-collecteurs-solaires-prefabriques-nous-faisons-des-metres\/\">Lire la suite<\/a><\/p>\n","protected":false},"author":2,"featured_media":0,"parent":0,"menu_order":0,"comment_status":"closed","ping_status":"closed","template":"page-with-small-header.php","meta":{"footnotes":""},"class_list":["post-12466","page","type-page","status-publish","hentry"],"yoast_head":"<!-- This site is optimized with the Yoast SEO Premium plugin v25.0 (Yoast SEO v26.2) - https:\/\/yoast.com\/wordpress\/plugins\/seo\/ -->\n<title>H\u00f4tel - ReHeat<\/title>\n<meta name=\"robots\" content=\"index, follow, max-snippet:-1, max-image-preview:large, max-video-preview:-1\" \/>\n<link rel=\"canonical\" href=\"https:\/\/www.reheat.nl\/fr\/hotel\/\" \/>\n<meta property=\"og:locale\" content=\"fr_FR\" \/>\n<meta property=\"og:type\" content=\"article\" \/>\n<meta property=\"og:title\" content=\"H\u00f4tel\" \/>\n<meta property=\"og:description\" content=\"AVEC FLEXHEAT, CHAQUE INSTALLATION SANITAIRE EST VERTE \u00c9conomies d&#8217;\u00e9nergie \u00e0 partir de 40 Devis gratuit Brochure Baisse des co\u00fbts Syst\u00e8me innovant permettant des \u00e9conomies de gaz de 40 \u00e0 90 %. R\u00e9glable de mani\u00e8re variable Contr\u00f4leur intelligent pour adapter la capacit\u00e9 de la chaudi\u00e8re au taux d&#8217;occupation des utilisateurs Payback&nbsp;time Des \u00e9conomies importantes (jusqu&#8217;\u00e0 90&hellip; Lire la suite\" \/>\n<meta property=\"og:url\" content=\"https:\/\/www.reheat.nl\/fr\/hotel\/\" \/>\n<meta property=\"og:site_name\" content=\"ReHeat\" \/>\n<meta property=\"article:publisher\" content=\"https:\/\/www.facebook.com\/reheat\" \/>\n<meta property=\"article:modified_time\" content=\"2024-05-08T09:21:26+00:00\" \/>\n<meta property=\"og:image\" content=\"https:\/\/www.reheat.nl\/wp-content\/uploads\/2019\/08\/FlexHeat200W.png\" \/>\n<meta name=\"twitter:card\" content=\"summary_large_image\" \/>\n<meta name=\"twitter:label1\" content=\"Dur\u00e9e de lecture estim\u00e9e\" \/>\n\t<meta name=\"twitter:data1\" content=\"3 minutes\" \/>\n<script type=\"application\/ld+json\" class=\"yoast-schema-graph\">{\"@context\":\"https:\/\/schema.org\",\"@graph\":[{\"@type\":\"WebPage\",\"@id\":\"https:\/\/www.reheat.nl\/fr\/hotel\/\",\"url\":\"https:\/\/www.reheat.nl\/fr\/hotel\/\",\"name\":\"H\u00f4tel - ReHeat\",\"isPartOf\":{\"@id\":\"https:\/\/www.reheat.nl\/fr\/#website\"},\"primaryImageOfPage\":{\"@id\":\"https:\/\/www.reheat.nl\/fr\/hotel\/#primaryimage\"},\"image\":{\"@id\":\"https:\/\/www.reheat.nl\/fr\/hotel\/#primaryimage\"},\"thumbnailUrl\":\"https:\/\/www.reheat.nl\/wp-content\/uploads\/2019\/08\/FlexHeat200W.png\",\"datePublished\":\"2023-03-22T13:27:41+00:00\",\"dateModified\":\"2024-05-08T09:21:26+00:00\",\"breadcrumb\":{\"@id\":\"https:\/\/www.reheat.nl\/fr\/hotel\/#breadcrumb\"},\"inLanguage\":\"fr-FR\",\"potentialAction\":[{\"@type\":\"ReadAction\",\"target\":[\"https:\/\/www.reheat.nl\/fr\/hotel\/\"]}]},{\"@type\":\"ImageObject\",\"inLanguage\":\"fr-FR\",\"@id\":\"https:\/\/www.reheat.nl\/fr\/hotel\/#primaryimage\",\"url\":\"https:\/\/www.reheat.nl\/wp-content\/uploads\/2019\/08\/FlexHeat200W.png\",\"contentUrl\":\"https:\/\/www.reheat.nl\/wp-content\/uploads\/2019\/08\/FlexHeat200W.png\"},{\"@type\":\"BreadcrumbList\",\"@id\":\"https:\/\/www.reheat.nl\/fr\/hotel\/#breadcrumb\",\"itemListElement\":[{\"@type\":\"ListItem\",\"position\":1,\"name\":\"Home\",\"item\":\"https:\/\/www.reheat.nl\/fr\/\"},{\"@type\":\"ListItem\",\"position\":2,\"name\":\"H\u00f4tel\"}]},{\"@type\":\"WebSite\",\"@id\":\"https:\/\/www.reheat.nl\/fr\/#website\",\"url\":\"https:\/\/www.reheat.nl\/fr\/\",\"name\":\"ReHeat\",\"description\":\"Heetwatersystemen\",\"publisher\":{\"@id\":\"https:\/\/www.reheat.nl\/fr\/#organization\"},\"potentialAction\":[{\"@type\":\"SearchAction\",\"target\":{\"@type\":\"EntryPoint\",\"urlTemplate\":\"https:\/\/www.reheat.nl\/fr\/?s={search_term_string}\"},\"query-input\":{\"@type\":\"PropertyValueSpecification\",\"valueRequired\":true,\"valueName\":\"search_term_string\"}}],\"inLanguage\":\"fr-FR\"},{\"@type\":\"Organization\",\"@id\":\"https:\/\/www.reheat.nl\/fr\/#organization\",\"name\":\"ReHeat\",\"url\":\"https:\/\/www.reheat.nl\/fr\/\",\"logo\":{\"@type\":\"ImageObject\",\"inLanguage\":\"fr-FR\",\"@id\":\"https:\/\/www.reheat.nl\/fr\/#\/schema\/logo\/image\/\",\"url\":\"https:\/\/www.reheat.nl\/wp-content\/uploads\/2017\/12\/ReHeat.png\",\"contentUrl\":\"https:\/\/www.reheat.nl\/wp-content\/uploads\/2017\/12\/ReHeat.png\",\"width\":242,\"height\":67,\"caption\":\"ReHeat\"},\"image\":{\"@id\":\"https:\/\/www.reheat.nl\/fr\/#\/schema\/logo\/image\/\"},\"sameAs\":[\"https:\/\/www.facebook.com\/reheat\",\"https:\/\/www.instagram.com\/reheatnl\/\"]}]}<\/script>\n<!-- \/ Yoast SEO Premium plugin. -->","yoast_head_json":{"title":"H\u00f4tel - ReHeat","robots":{"index":"index","follow":"follow","max-snippet":"max-snippet:-1","max-image-preview":"max-image-preview:large","max-video-preview":"max-video-preview:-1"},"canonical":"https:\/\/www.reheat.nl\/fr\/hotel\/","og_locale":"fr_FR","og_type":"article","og_title":"H\u00f4tel","og_description":"AVEC FLEXHEAT, CHAQUE INSTALLATION SANITAIRE EST VERTE \u00c9conomies d&#8217;\u00e9nergie \u00e0 partir de 40 Devis gratuit Brochure Baisse des co\u00fbts Syst\u00e8me innovant permettant des \u00e9conomies de gaz de 40 \u00e0 90 %. R\u00e9glable de mani\u00e8re variable Contr\u00f4leur intelligent pour adapter la capacit\u00e9 de la chaudi\u00e8re au taux d&#8217;occupation des utilisateurs Payback&nbsp;time Des \u00e9conomies importantes (jusqu&#8217;\u00e0 90&hellip; Lire la suite","og_url":"https:\/\/www.reheat.nl\/fr\/hotel\/","og_site_name":"ReHeat","article_publisher":"https:\/\/www.facebook.com\/reheat","article_modified_time":"2024-05-08T09:21:26+00:00","og_image":[{"url":"https:\/\/www.reheat.nl\/wp-content\/uploads\/2019\/08\/FlexHeat200W.png","type":"","width":"","height":""}],"twitter_card":"summary_large_image","twitter_misc":{"Dur\u00e9e de lecture estim\u00e9e":"3 minutes"},"schema":{"@context":"https:\/\/schema.org","@graph":[{"@type":"WebPage","@id":"https:\/\/www.reheat.nl\/fr\/hotel\/","url":"https:\/\/www.reheat.nl\/fr\/hotel\/","name":"H\u00f4tel - ReHeat","isPartOf":{"@id":"https:\/\/www.reheat.nl\/fr\/#website"},"primaryImageOfPage":{"@id":"https:\/\/www.reheat.nl\/fr\/hotel\/#primaryimage"},"image":{"@id":"https:\/\/www.reheat.nl\/fr\/hotel\/#primaryimage"},"thumbnailUrl":"https:\/\/www.reheat.nl\/wp-content\/uploads\/2019\/08\/FlexHeat200W.png","datePublished":"2023-03-22T13:27:41+00:00","dateModified":"2024-05-08T09:21:26+00:00","breadcrumb":{"@id":"https:\/\/www.reheat.nl\/fr\/hotel\/#breadcrumb"},"inLanguage":"fr-FR","potentialAction":[{"@type":"ReadAction","target":["https:\/\/www.reheat.nl\/fr\/hotel\/"]}]},{"@type":"ImageObject","inLanguage":"fr-FR","@id":"https:\/\/www.reheat.nl\/fr\/hotel\/#primaryimage","url":"https:\/\/www.reheat.nl\/wp-content\/uploads\/2019\/08\/FlexHeat200W.png","contentUrl":"https:\/\/www.reheat.nl\/wp-content\/uploads\/2019\/08\/FlexHeat200W.png"},{"@type":"BreadcrumbList","@id":"https:\/\/www.reheat.nl\/fr\/hotel\/#breadcrumb","itemListElement":[{"@type":"ListItem","position":1,"name":"Home","item":"https:\/\/www.reheat.nl\/fr\/"},{"@type":"ListItem","position":2,"name":"H\u00f4tel"}]},{"@type":"WebSite","@id":"https:\/\/www.reheat.nl\/fr\/#website","url":"https:\/\/www.reheat.nl\/fr\/","name":"ReHeat","description":"Heetwatersystemen","publisher":{"@id":"https:\/\/www.reheat.nl\/fr\/#organization"},"potentialAction":[{"@type":"SearchAction","target":{"@type":"EntryPoint","urlTemplate":"https:\/\/www.reheat.nl\/fr\/?s={search_term_string}"},"query-input":{"@type":"PropertyValueSpecification","valueRequired":true,"valueName":"search_term_string"}}],"inLanguage":"fr-FR"},{"@type":"Organization","@id":"https:\/\/www.reheat.nl\/fr\/#organization","name":"ReHeat","url":"https:\/\/www.reheat.nl\/fr\/","logo":{"@type":"ImageObject","inLanguage":"fr-FR","@id":"https:\/\/www.reheat.nl\/fr\/#\/schema\/logo\/image\/","url":"https:\/\/www.reheat.nl\/wp-content\/uploads\/2017\/12\/ReHeat.png","contentUrl":"https:\/\/www.reheat.nl\/wp-content\/uploads\/2017\/12\/ReHeat.png","width":242,"height":67,"caption":"ReHeat"},"image":{"@id":"https:\/\/www.reheat.nl\/fr\/#\/schema\/logo\/image\/"},"sameAs":["https:\/\/www.facebook.com\/reheat","https:\/\/www.instagram.com\/reheatnl\/"]}]}},"_links":{"self":[{"href":"https:\/\/www.reheat.nl\/fr\/wp-json\/wp\/v2\/pages\/12466","targetHints":{"allow":["GET"]}}],"collection":[{"href":"https:\/\/www.reheat.nl\/fr\/wp-json\/wp\/v2\/pages"}],"about":[{"href":"https:\/\/www.reheat.nl\/fr\/wp-json\/wp\/v2\/types\/page"}],"author":[{"embeddable":true,"href":"https:\/\/www.reheat.nl\/fr\/wp-json\/wp\/v2\/users\/2"}],"replies":[{"embeddable":true,"href":"https:\/\/www.reheat.nl\/fr\/wp-json\/wp\/v2\/comments?post=12466"}],"version-history":[{"count":5,"href":"https:\/\/www.reheat.nl\/fr\/wp-json\/wp\/v2\/pages\/12466\/revisions"}],"predecessor-version":[{"id":13945,"href":"https:\/\/www.reheat.nl\/fr\/wp-json\/wp\/v2\/pages\/12466\/revisions\/13945"}],"wp:attachment":[{"href":"https:\/\/www.reheat.nl\/fr\/wp-json\/wp\/v2\/media?parent=12466"}],"curies":[{"name":"wp","href":"https:\/\/api.w.org\/{rel}","templated":true}]}}