{"id":12467,"date":"2023-03-22T13:27:41","date_gmt":"2023-03-22T13:27:41","guid":{"rendered":"https:\/\/www.reheat.nl\/chauffe-eau-solaire-belgique\/"},"modified":"2023-03-22T13:27:41","modified_gmt":"2023-03-22T13:27:41","slug":"chauffe-eau-solaire-belgique","status":"publish","type":"page","link":"https:\/\/www.reheat.nl\/fr\/chauffe-eau-solaire-belgique\/","title":{"rendered":"Chauffe-eau solaire Belgique"},"content":{"rendered":"<div data-label=\"Features\" data-id=\"features-square-image-section-2\" data-category=\"features\" class=\"features-square-image-section features-square-image-section-2\" id=\"features-2\" style=\"background-color: rgb(255, 255, 255); background-image: url(\"https:\/\/www.reheat.nl\/wp-content\/uploads\/2022\/03\/ReHeat_BE-Header-1.jpg\"); background-size: cover; background-position: center top;\" data-ovid=\"ovid-features-2-727\"> <div class=\"dynamic-color gridContainer\"> <div class=\"features-square-image-textrow\"> <div class=\"features-square-image-textcol\" data-type=\"column\"><p class=\"\">Les syst\u00e8mes de production d&#8217;eau chaude ReHeat d\u00e9sormais disponibles en Belgique<\/p>   <\/div> <\/div> <div class=\"features-square-image-innerrow\" data-type=\"row\">   <div class=\"features-square-image-featcol cp6cols-tablet cp6cols\">   <img decoding=\"async\" class=\"custom-image\" src=\"https:\/\/www.reheat.nl\/wp-content\/uploads\/2022\/03\/OSO_BE.png\" alt=\"\"><\/div> <\/div> <\/div><\/div><div data-label=\"Features\" data-id=\"features-square-image-section-3\" data-category=\"features\" class=\"features-square-image-section features-square-image-section-3\" id=\"features-3\" style=\"background-color: rgb(255, 255, 255);\"> <div class=\"gridContainer dynamic-color\"> <div class=\"features-square-image-textrow\"> <div class=\"features-square-image-textcol\" data-type=\"column\">   <\/div> <\/div> <div class=\"features-square-image-innerrow\" data-type=\"row\"> <div class=\"features-square-image-featcol cp6cols-tablet cp6cols\">    <h1 class=\"\">Concept de chaudi\u00e8re solaire<\/h1><p class=\"\">L&#8217;application la plus connue du chauffage solaire est le chauffe-eau solaire, avec des capteurs solaires sur le toit et un ballon d&#8217;eau chaude dans la maison. Le fluide (antigel) qui circule dans les capteurs solaires transf\u00e8re sa chaleur \u00e0 l&#8217;eau du robinet dans la chaudi\u00e8re par l&#8217;interm\u00e9diaire d&#8217;un \u00e9changeur de chaleur. Un dispositif de post-chauffage (gaz ou \u00e9lectrique) r\u00e9chauffe l&#8217;eau chaude si n\u00e9cessaire. Ainsi, les l\u00e9gionelles n&#8217;ont aucune chance et la douche est toujours chaude.<\/p><\/div>  <div class=\"features-square-image-featcol cp6cols-tablet cp6cols\"><img decoding=\"async\" class=\"features-square-image-featimg\" src=\"https:\/\/www.reheat.nl\/wp-content\/uploads\/2022\/03\/ZonneBoiler-1.png\" alt=\"\">   <\/div> <\/div> <\/div><\/div><div data-label=\"Features\" data-id=\"features-square-image-section-1\" data-category=\"features\" class=\"features-square-image-section features-square-image-section-1\" id=\"features-1\" style=\"background-image: none; background-size: cover; background-color: rgba(255, 255, 255, 0); background-position: center top;\" data-ovid=\"ovid-features-1-3828\"> <div class=\"dynamic-color gridContainer\"> <div class=\"features-square-image-textrow\"> <div class=\"features-square-image-textcol\" data-type=\"column\"><div class=\"spacer\" data-type=\"group\"><span class=\"fa before\"><\/span><i class=\"fa fa-arrow-circle-down color1\"><\/i><span class=\"fa after\"><\/span><\/div>   <\/div> <\/div> <div class=\"features-square-image-innerrow\" data-type=\"row\"> <div class=\"features-square-image-featcol cp6cols-tablet cp6cols\">    <h4 class=\"\">Doublez les \u00e9conomies !<\/h4><p class=\"\">Avec ce chauffe-eau solaire pr\u00e9-assembl\u00e9, vous \u00e9conomisez doublement. En plus de r\u00e9duire les factures d&#8217;\u00e9nergie, vous \u00e9conomiserez \u00e9galement sur les co\u00fbts d&#8217;installation gr\u00e2ce \u00e0 ce magnifique chauffe-eau solaire mince. En outre, vous b\u00e9n\u00e9ficiez d\u00e9sormais d&#8217;une prime attrayante de l&#8217;\u00c9tat pouvant aller jusqu&#8217;\u00e0 2 750 euros sur l&#8217;achat.<\/p><a class=\"button small color1\" href=\"https:\/\/www.reheat.nl\/wp-content\/uploads\/2022\/02\/2022-02_2-luik_OSO-Easy-Boiler_Scroll.pdf\" target=\"_blank\" data-icon=\"\" rel=\"noopener\">Brochure O&#8217;so Easy<\/a><img decoding=\"async\" class=\"custom-image\" src=\"https:\/\/www.reheat.nl\/wp-content\/uploads\/2022\/02\/OSO-HeatPipe_web.png\" alt=\"\"><\/div>  <div class=\"features-square-image-featcol cp6cols-tablet cp6cols\"> <h4 class=\"\">Plus d&#8217;informations sur ce que le chauffe-eau solaire O&#8217;so Easy peut faire pour vous ?<\/h4> <div data-editable=\"true\" data-name=\"ope-custom-content-shortcode\" data-content-shortcode=\"contact-form-7 id=\"8374\" title=\"O'so Easy Belgi\u00eb\"\" class=\"\" style=\"position: relative; left: 0px; top: 0px;\">\n<div class=\"wpcf7 no-js\" id=\"wpcf7-f12653-o1\" lang=\"fr-FR\" dir=\"ltr\" data-wpcf7-id=\"12653\">\n<div class=\"screen-reader-response\"><p role=\"status\" aria-live=\"polite\" aria-atomic=\"true\"><\/p> <ul><\/ul><\/div>\n<form action=\"\/fr\/wp-json\/wp\/v2\/pages\/12467#wpcf7-f12653-o1\" method=\"post\" class=\"wpcf7-form init\" aria-label=\"Formulaire de contact\" novalidate=\"novalidate\" data-status=\"init\">\n<fieldset class=\"hidden-fields-container\"><input type=\"hidden\" name=\"_wpcf7\" value=\"12653\" \/><input type=\"hidden\" name=\"_wpcf7_version\" value=\"6.1.3\" \/><input type=\"hidden\" name=\"_wpcf7_locale\" value=\"fr_FR\" \/><input type=\"hidden\" name=\"_wpcf7_unit_tag\" value=\"wpcf7-f12653-o1\" \/><input type=\"hidden\" name=\"_wpcf7_container_post\" value=\"0\" \/><input type=\"hidden\" name=\"_wpcf7_posted_data_hash\" value=\"\" \/>\n<\/fieldset>\n<p>Laissez-nous vos coordonn\u00e9es et nous vous contacterons dans les plus brefs d\u00e9lais.\n<\/p>\n<p><label> Nom de l'entreprise<br \/>\n<span class=\"wpcf7-form-control-wrap\" data-name=\"Bedrijfsnaam\"><input size=\"40\" maxlength=\"400\" class=\"wpcf7-form-control wpcf7-text\" aria-invalid=\"false\" value=\"\" type=\"text\" name=\"Bedrijfsnaam\" \/><\/span> <\/label>\n<\/p>\n<p><label> Votre nom<br \/>\n<span class=\"wpcf7-form-control-wrap\" data-name=\"your-name\"><input size=\"40\" maxlength=\"400\" class=\"wpcf7-form-control wpcf7-text wpcf7-validates-as-required\" aria-required=\"true\" aria-invalid=\"false\" value=\"\" type=\"text\" name=\"your-name\" \/><\/span> <\/label>\n<\/p>\n<p><label> Code postal<br \/>\n<span class=\"wpcf7-form-control-wrap\" data-name=\"Postcode\"><input size=\"40\" maxlength=\"400\" class=\"wpcf7-form-control wpcf7-text wpcf7-validates-as-required\" aria-required=\"true\" aria-invalid=\"false\" value=\"\" type=\"text\" name=\"Postcode\" \/><\/span> <\/label>\n<\/p>\n<p><label> Localisation<br \/>\n<span class=\"wpcf7-form-control-wrap\" data-name=\"Plaats\"><input size=\"40\" maxlength=\"400\" class=\"wpcf7-form-control wpcf7-text wpcf7-validates-as-required\" aria-required=\"true\" aria-invalid=\"false\" value=\"\" type=\"text\" name=\"Plaats\" \/><\/span> <\/label>\n<\/p>\n<p><label> Votre adresse \u00e9lectronique<br \/>\n<span class=\"wpcf7-form-control-wrap\" data-name=\"your-email\"><input size=\"40\" maxlength=\"400\" class=\"wpcf7-form-control wpcf7-email wpcf7-validates-as-required wpcf7-text wpcf7-validates-as-email\" aria-required=\"true\" aria-invalid=\"false\" value=\"\" type=\"email\" name=\"your-email\" \/><\/span> <\/label>\n<\/p>\n<p><input class=\"wpcf7-form-control wpcf7-submit has-spinner\" type=\"submit\" value=\"Verzenden\" \/>\n<\/p><div class=\"wpcf7-response-output\" aria-hidden=\"true\"><\/div>\n<\/form>\n<\/div>\n<\/div><p class=\"\"><\/p> <\/div> <\/div> <\/div><\/div><div data-label=\"Content\" data-id=\"content-video-right\" data-category=\"content\" class=\"content-right-video-section content-video-right\" id=\"content-2\" style=\"background-color: rgb(246, 246, 246);\"> <div class=\"gridContainer\"> <div class=\"content-left-video-innerrow\"> <div class=\"content-right-video-textcol dynamic-color\" data-type=\"column\"> <h2 class=\"\">Chauffe-eau solaire pr\u00e9fabriqu\u00e9 O&#8217;so Easy<\/h2> <p class=\"\">Regardez cette vid\u00e9o et vous comprendrez imm\u00e9diatement pourquoi le chauffe-eau solaire pr\u00e9fabriqu\u00e9 O&#8217;so Easy est le bon choix.<\/p> <\/div> <div class=\"content-left-video-imgcol\" data-type=\"group\" data-bg=\"image\" style=\"background-image: url(\"https:\/\/www.reheat.nl\/wp-content\/uploads\/2020\/08\/ReHeat_Oso-Easy-scaled.jpg\");\"> <a data-fancybox=\"\" href=\"https:\/\/youtu.be\/aS7PEVH5eNg\" data-video-lightbox=\"true\" target=\"_self\" rel=\"noopener\" class=\"\"><i data-cp-fa=\"true\" class=\"font-video-icon fa fa-play-circle-o color8\"><\/i><\/a> <\/div> <\/div> <\/div><\/div>","protected":false},"excerpt":{"rendered":"<p>Les syst\u00e8mes de production d&#8217;eau chaude ReHeat d\u00e9sormais disponibles en Belgique Concept de chaudi\u00e8re solaireL&#8217;application la plus connue du chauffage solaire est le chauffe-eau solaire, avec des capteurs solaires sur le toit et un ballon d&#8217;eau chaude dans la maison. Le fluide (antigel) qui circule dans les capteurs solaires transf\u00e8re sa chaleur \u00e0 l&#8217;eau du&hellip; <br \/> <a class=\"button small blue\" href=\"https:\/\/www.reheat.nl\/fr\/lefficacite-en-action-avec-les-collecteurs-solaires-prefabriques-nous-faisons-des-metres\/\">Lire la suite<\/a><\/p>\n","protected":false},"author":2,"featured_media":0,"parent":0,"menu_order":0,"comment_status":"closed","ping_status":"closed","template":"page-with-small-header.php","meta":{"footnotes":""},"class_list":["post-12467","page","type-page","status-publish","hentry"],"yoast_head":"<!-- This site is optimized with the Yoast SEO Premium plugin v25.0 (Yoast SEO v26.2) - https:\/\/yoast.com\/wordpress\/plugins\/seo\/ -->\n<title>Chauffe-eau solaire Belgique - ReHeat<\/title>\n<meta name=\"robots\" content=\"index, follow, max-snippet:-1, max-image-preview:large, max-video-preview:-1\" \/>\n<link rel=\"canonical\" href=\"https:\/\/www.reheat.nl\/fr\/chauffe-eau-solaire-belgique\/\" \/>\n<meta property=\"og:locale\" content=\"fr_FR\" \/>\n<meta property=\"og:type\" content=\"article\" \/>\n<meta property=\"og:title\" content=\"Chauffe-eau solaire Belgique\" \/>\n<meta property=\"og:description\" content=\"Les syst\u00e8mes de production d&#8217;eau chaude ReHeat d\u00e9sormais disponibles en Belgique Concept de chaudi\u00e8re solaireL&#8217;application la plus connue du chauffage solaire est le chauffe-eau solaire, avec des capteurs solaires sur le toit et un ballon d&#8217;eau chaude dans la maison. Le fluide (antigel) qui circule dans les capteurs solaires transf\u00e8re sa chaleur \u00e0 l&#8217;eau du&hellip; Lire la suite\" \/>\n<meta property=\"og:url\" content=\"https:\/\/www.reheat.nl\/fr\/chauffe-eau-solaire-belgique\/\" \/>\n<meta property=\"og:site_name\" content=\"ReHeat\" \/>\n<meta property=\"article:publisher\" content=\"https:\/\/www.facebook.com\/reheat\" \/>\n<meta property=\"og:image\" content=\"https:\/\/www.reheat.nl\/wp-content\/uploads\/2022\/03\/OSO_BE.png\" \/>\n<meta name=\"twitter:card\" content=\"summary_large_image\" \/>\n<meta name=\"twitter:label1\" content=\"Dur\u00e9e de lecture estim\u00e9e\" \/>\n\t<meta name=\"twitter:data1\" content=\"1 minute\" \/>\n<script type=\"application\/ld+json\" class=\"yoast-schema-graph\">{\"@context\":\"https:\/\/schema.org\",\"@graph\":[{\"@type\":\"WebPage\",\"@id\":\"https:\/\/www.reheat.nl\/fr\/chauffe-eau-solaire-belgique\/\",\"url\":\"https:\/\/www.reheat.nl\/fr\/chauffe-eau-solaire-belgique\/\",\"name\":\"Chauffe-eau solaire Belgique - ReHeat\",\"isPartOf\":{\"@id\":\"https:\/\/www.reheat.nl\/fr\/#website\"},\"primaryImageOfPage\":{\"@id\":\"https:\/\/www.reheat.nl\/fr\/chauffe-eau-solaire-belgique\/#primaryimage\"},\"image\":{\"@id\":\"https:\/\/www.reheat.nl\/fr\/chauffe-eau-solaire-belgique\/#primaryimage\"},\"thumbnailUrl\":\"https:\/\/www.reheat.nl\/wp-content\/uploads\/2022\/03\/OSO_BE.png\",\"datePublished\":\"2023-03-22T13:27:41+00:00\",\"breadcrumb\":{\"@id\":\"https:\/\/www.reheat.nl\/fr\/chauffe-eau-solaire-belgique\/#breadcrumb\"},\"inLanguage\":\"fr-FR\",\"potentialAction\":[{\"@type\":\"ReadAction\",\"target\":[\"https:\/\/www.reheat.nl\/fr\/chauffe-eau-solaire-belgique\/\"]}]},{\"@type\":\"ImageObject\",\"inLanguage\":\"fr-FR\",\"@id\":\"https:\/\/www.reheat.nl\/fr\/chauffe-eau-solaire-belgique\/#primaryimage\",\"url\":\"https:\/\/www.reheat.nl\/wp-content\/uploads\/2022\/03\/OSO_BE.png\",\"contentUrl\":\"https:\/\/www.reheat.nl\/wp-content\/uploads\/2022\/03\/OSO_BE.png\"},{\"@type\":\"BreadcrumbList\",\"@id\":\"https:\/\/www.reheat.nl\/fr\/chauffe-eau-solaire-belgique\/#breadcrumb\",\"itemListElement\":[{\"@type\":\"ListItem\",\"position\":1,\"name\":\"Home\",\"item\":\"https:\/\/www.reheat.nl\/fr\/\"},{\"@type\":\"ListItem\",\"position\":2,\"name\":\"Chauffe-eau solaire Belgique\"}]},{\"@type\":\"WebSite\",\"@id\":\"https:\/\/www.reheat.nl\/fr\/#website\",\"url\":\"https:\/\/www.reheat.nl\/fr\/\",\"name\":\"ReHeat\",\"description\":\"Heetwatersystemen\",\"publisher\":{\"@id\":\"https:\/\/www.reheat.nl\/fr\/#organization\"},\"potentialAction\":[{\"@type\":\"SearchAction\",\"target\":{\"@type\":\"EntryPoint\",\"urlTemplate\":\"https:\/\/www.reheat.nl\/fr\/?s={search_term_string}\"},\"query-input\":{\"@type\":\"PropertyValueSpecification\",\"valueRequired\":true,\"valueName\":\"search_term_string\"}}],\"inLanguage\":\"fr-FR\"},{\"@type\":\"Organization\",\"@id\":\"https:\/\/www.reheat.nl\/fr\/#organization\",\"name\":\"ReHeat\",\"url\":\"https:\/\/www.reheat.nl\/fr\/\",\"logo\":{\"@type\":\"ImageObject\",\"inLanguage\":\"fr-FR\",\"@id\":\"https:\/\/www.reheat.nl\/fr\/#\/schema\/logo\/image\/\",\"url\":\"https:\/\/www.reheat.nl\/wp-content\/uploads\/2017\/12\/ReHeat.png\",\"contentUrl\":\"https:\/\/www.reheat.nl\/wp-content\/uploads\/2017\/12\/ReHeat.png\",\"width\":242,\"height\":67,\"caption\":\"ReHeat\"},\"image\":{\"@id\":\"https:\/\/www.reheat.nl\/fr\/#\/schema\/logo\/image\/\"},\"sameAs\":[\"https:\/\/www.facebook.com\/reheat\",\"https:\/\/www.instagram.com\/reheatnl\/\"]}]}<\/script>\n<!-- \/ Yoast SEO Premium plugin. -->","yoast_head_json":{"title":"Chauffe-eau solaire Belgique - ReHeat","robots":{"index":"index","follow":"follow","max-snippet":"max-snippet:-1","max-image-preview":"max-image-preview:large","max-video-preview":"max-video-preview:-1"},"canonical":"https:\/\/www.reheat.nl\/fr\/chauffe-eau-solaire-belgique\/","og_locale":"fr_FR","og_type":"article","og_title":"Chauffe-eau solaire Belgique","og_description":"Les syst\u00e8mes de production d&#8217;eau chaude ReHeat d\u00e9sormais disponibles en Belgique Concept de chaudi\u00e8re solaireL&#8217;application la plus connue du chauffage solaire est le chauffe-eau solaire, avec des capteurs solaires sur le toit et un ballon d&#8217;eau chaude dans la maison. Le fluide (antigel) qui circule dans les capteurs solaires transf\u00e8re sa chaleur \u00e0 l&#8217;eau du&hellip; Lire la suite","og_url":"https:\/\/www.reheat.nl\/fr\/chauffe-eau-solaire-belgique\/","og_site_name":"ReHeat","article_publisher":"https:\/\/www.facebook.com\/reheat","og_image":[{"url":"https:\/\/www.reheat.nl\/wp-content\/uploads\/2022\/03\/OSO_BE.png","type":"","width":"","height":""}],"twitter_card":"summary_large_image","twitter_misc":{"Dur\u00e9e de lecture estim\u00e9e":"1 minute"},"schema":{"@context":"https:\/\/schema.org","@graph":[{"@type":"WebPage","@id":"https:\/\/www.reheat.nl\/fr\/chauffe-eau-solaire-belgique\/","url":"https:\/\/www.reheat.nl\/fr\/chauffe-eau-solaire-belgique\/","name":"Chauffe-eau solaire Belgique - ReHeat","isPartOf":{"@id":"https:\/\/www.reheat.nl\/fr\/#website"},"primaryImageOfPage":{"@id":"https:\/\/www.reheat.nl\/fr\/chauffe-eau-solaire-belgique\/#primaryimage"},"image":{"@id":"https:\/\/www.reheat.nl\/fr\/chauffe-eau-solaire-belgique\/#primaryimage"},"thumbnailUrl":"https:\/\/www.reheat.nl\/wp-content\/uploads\/2022\/03\/OSO_BE.png","datePublished":"2023-03-22T13:27:41+00:00","breadcrumb":{"@id":"https:\/\/www.reheat.nl\/fr\/chauffe-eau-solaire-belgique\/#breadcrumb"},"inLanguage":"fr-FR","potentialAction":[{"@type":"ReadAction","target":["https:\/\/www.reheat.nl\/fr\/chauffe-eau-solaire-belgique\/"]}]},{"@type":"ImageObject","inLanguage":"fr-FR","@id":"https:\/\/www.reheat.nl\/fr\/chauffe-eau-solaire-belgique\/#primaryimage","url":"https:\/\/www.reheat.nl\/wp-content\/uploads\/2022\/03\/OSO_BE.png","contentUrl":"https:\/\/www.reheat.nl\/wp-content\/uploads\/2022\/03\/OSO_BE.png"},{"@type":"BreadcrumbList","@id":"https:\/\/www.reheat.nl\/fr\/chauffe-eau-solaire-belgique\/#breadcrumb","itemListElement":[{"@type":"ListItem","position":1,"name":"Home","item":"https:\/\/www.reheat.nl\/fr\/"},{"@type":"ListItem","position":2,"name":"Chauffe-eau solaire Belgique"}]},{"@type":"WebSite","@id":"https:\/\/www.reheat.nl\/fr\/#website","url":"https:\/\/www.reheat.nl\/fr\/","name":"ReHeat","description":"Heetwatersystemen","publisher":{"@id":"https:\/\/www.reheat.nl\/fr\/#organization"},"potentialAction":[{"@type":"SearchAction","target":{"@type":"EntryPoint","urlTemplate":"https:\/\/www.reheat.nl\/fr\/?s={search_term_string}"},"query-input":{"@type":"PropertyValueSpecification","valueRequired":true,"valueName":"search_term_string"}}],"inLanguage":"fr-FR"},{"@type":"Organization","@id":"https:\/\/www.reheat.nl\/fr\/#organization","name":"ReHeat","url":"https:\/\/www.reheat.nl\/fr\/","logo":{"@type":"ImageObject","inLanguage":"fr-FR","@id":"https:\/\/www.reheat.nl\/fr\/#\/schema\/logo\/image\/","url":"https:\/\/www.reheat.nl\/wp-content\/uploads\/2017\/12\/ReHeat.png","contentUrl":"https:\/\/www.reheat.nl\/wp-content\/uploads\/2017\/12\/ReHeat.png","width":242,"height":67,"caption":"ReHeat"},"image":{"@id":"https:\/\/www.reheat.nl\/fr\/#\/schema\/logo\/image\/"},"sameAs":["https:\/\/www.facebook.com\/reheat","https:\/\/www.instagram.com\/reheatnl\/"]}]}},"_links":{"self":[{"href":"https:\/\/www.reheat.nl\/fr\/wp-json\/wp\/v2\/pages\/12467","targetHints":{"allow":["GET"]}}],"collection":[{"href":"https:\/\/www.reheat.nl\/fr\/wp-json\/wp\/v2\/pages"}],"about":[{"href":"https:\/\/www.reheat.nl\/fr\/wp-json\/wp\/v2\/types\/page"}],"author":[{"embeddable":true,"href":"https:\/\/www.reheat.nl\/fr\/wp-json\/wp\/v2\/users\/2"}],"replies":[{"embeddable":true,"href":"https:\/\/www.reheat.nl\/fr\/wp-json\/wp\/v2\/comments?post=12467"}],"version-history":[{"count":0,"href":"https:\/\/www.reheat.nl\/fr\/wp-json\/wp\/v2\/pages\/12467\/revisions"}],"wp:attachment":[{"href":"https:\/\/www.reheat.nl\/fr\/wp-json\/wp\/v2\/media?parent=12467"}],"curies":[{"name":"wp","href":"https:\/\/api.w.org\/{rel}","templated":true}]}}