{"id":12471,"date":"2023-03-22T13:27:58","date_gmt":"2023-03-22T13:27:58","guid":{"rendered":"https:\/\/www.reheat.nl\/agriheat-hybride\/"},"modified":"2025-01-17T09:37:07","modified_gmt":"2025-01-17T08:37:07","slug":"agriheat-hybride","status":"publish","type":"page","link":"https:\/\/www.reheat.nl\/fr\/agriheat-hybride\/","title":{"rendered":"AgriHeat Hybride"},"content":{"rendered":"<div data-label=\"Elektrische Boerderijboiler\" data-id=\"about-image-section-pro\" data-category=\"about\" class=\"about-image-section-pro\" id=\"elektrische-boerderijboiler\" style=\"background-color: rgb(246, 246, 246); background-image: url(\"https:\/\/www.reheat.nl\/wp-content\/uploads\/2025\/01\/elektro-back.png\"); background-size: cover; background-position: center top;\" data-ovid=\"ovid-about-us-2-990\" data-parallax-depth=\"20\">\n<div class=\"\">\n<div class=\"row about-image-gridcol-pro\">\n<div class=\"about-image-textcol-pro\" data-type=\"column\">\n<h1 class=\"\"><span style=\"font-weight: 900; font-family: 'Source Sans Pro', arial, helvetica, sans-serif;\">Chaudi\u00e8re \u00e9lectrique <span style=\"color: #666666;\">Agriheat<\/span> <\/span><\/h1>\n<\/div>\n<div data-type=\"column\" class=\"\">\n\n<img decoding=\"async\" class=\"custom-image\" src=\"https:\/\/www.reheat.nl\/wp-content\/uploads\/2018\/11\/BoerderijBoiler.png\">\n<h3 class=\"\">Capacit\u00e9 r\u00e9glable en continu<\/h3>\n<\/div>\n<\/div>\n<\/div>\n<\/div><div data-label=\"USP\" data-id=\"features-large-icons-section\" data-category=\"features\" class=\"features-large-icons-section\" id=\"usp\" style=\"background-color: #ffffff; background-size: cover; background-position: center top;\" data-ovid=\"ovid-features-3-17578\" data-parallax-depth=\"20\">\n<div class=\"gridContainer dynamic-color\">\n<div class=\"features-large-icons-textrow\">\n<div class=\"features-large-icons-textcol\" data-type=\"column\"><\/div>\n<\/div>\n<div class=\"features-large-icons-featrow\" data-type=\"row\">\n<div class=\"features-large-icons-featcol cp3cols cp6cols-tablet\">\n<div class=\"features-icon-container-nomargin\"><i class=\"font-icon-features-icon-container fa fa-thumbs-o-up color6\" data-cp-fa=\"true\"><\/i><\/div>\n<h4 class=\"\">Chaudi\u00e8re de qualit\u00e9 \u00e0 prix abordable<\/h4>\n<p class=\"\">Nos chaudi\u00e8res sont fabriqu\u00e9es en acier inoxydable de haute qualit\u00e9<\/p>\n\n<\/div>\n<div class=\"features-large-icons-featcol cp3cols cp6cols-tablet\">\n<div class=\"features-icon-container-nomargin\"><i class=\"font-icon-features-icon-container fa fa-bolt color6\" data-cp-fa=\"true\"><\/i><\/div>\n<h4 class=\"\">\u00c9l\u00e9ment chauffant<\/h4>\n<p class=\"\">Un ElectroHeat 95\u02daC sp\u00e9cial<\/p>\n\u00c9l\u00e9ment HT\n\n<\/div>\n<div class=\"features-large-icons-featcol cp3cols cp6cols-tablet\">\n<div class=\"features-icon-container-nomargin\"><i class=\"font-icon-features-icon-container fa fa-sun-o color6\" data-cp-fa=\"true\"><\/i><\/div>\n<h4 class=\"\">Tuyaux de chaleur<\/h4>\n<p class=\"\">Solaire thermique (\u00e9galement appel\u00e9 HeatPipes) sur le r\u00e9servoir de la chaudi\u00e8re en option<\/p>\n\n<\/div>\n<div class=\"features-large-icons-featcol cp3cols cp6cols-tablet\">\n<div class=\"features-icon-container-nomargin\"><i class=\"font-icon-features-icon-container fa fa-thermometer-4 color6\" data-cp-fa=\"true\"><\/i><\/div>\n<h4 class=\"\">Profiter de la chaleur<\/h4>\n<p class=\"\">Possibilit\u00e9 d&#8217;utiliser la chaleur du r\u00e9servoir de refroidissement du lait (WTW)<\/p>\n\n<\/div>\n<\/div>\n<\/div>\n<\/div><div data-label=\"Features\" data-id=\"features-square-image-section-undefined\" data-category=\"features\" class=\"features-square-image-section features-square-image-section-undefined\" id=\"features-7\" style=\"background-size: cover; background-position: center top; background-image: url('https:\/\/www.reheat.nl\/wp-content\/uploads\/2018\/01\/2393.jpg'); background-color: rgba(72, 255, 0, 0.35);\" data-ovid=\"ovid-features-7-879\" data-parallax-depth=\"20\">\n<div class=\"gridContainer dynamic-color\">\n<div class=\"features-square-image-textrow\">\n<div class=\"features-square-image-textcol\" data-type=\"column\">\n<h2 class=\"\">Sans gaz, <span style=\"font-weight: 900;\">maintenant enti\u00e8rement \u00e9lectrique !<\/span><\/h2>\n<p class=\"\"><span style=\"font-weight: 900;\">Les projets du gouvernement devenant plus concrets et le robinet de gaz se fermant enfin, nous avons maintenant une alternative aux syst\u00e8mes de production d&#8217;eau chaude au gaz.&nbsp;<span style=\"font-size: 18px; font-family: 'Source Sans Pro', Helvetica, Arial, sans-serif;\">La chaudi\u00e8re \u00e9lectrique AgriHeat est la m\u00eame chaudi\u00e8re famili\u00e8re : la garantie d&#8217;eau chaude que vous attendez de nous, mais enti\u00e8rement \u00e9lectrique<\/span>.<\/span><\/p>\n\n<\/div>\n<\/div>\n<div class=\"features-square-image-innerrow\" data-type=\"row\">\n<div class=\"features-square-image-featcol cp4cols cp6cols-tablet\"><img decoding=\"async\" class=\"features-square-image-featimg\" src=\"https:\/\/www.reheat.nl\/wp-content\/uploads\/2018\/11\/AgriHea-Elektroboiler.png\"><\/div>\n<div class=\"features-square-image-featcol cp4cols cp6cols-tablet\">\n<h4 class=\"\"><span style=\"font-weight: 900;\">R\u00e9pondre \u00e0 la demande d&#8217;eau chaude<\/span><\/h4>\n<p class=\"\">Nos syst\u00e8mes au gaz sont extr\u00eamement confortables et ont un temps de chauffe relativement court en p\u00e9riode de pointe. Ce temps de chauffe court est un peu plus compliqu\u00e9 avec une chaudi\u00e8re \u00e9lectrique standard. \nGr\u00e2ce \u00e0 l&#8217;ajout d&#8217;une minuterie de 60 heures, l&#8217;eau chaude est garantie lorsqu&#8217;elle est n\u00e9cessaire : une fois tous les trois jours pour le rin\u00e7age du tank \u00e0 lait. De cette mani\u00e8re, nous pouvons r\u00e9pondre sans probl\u00e8me aux pics de demande d&#8217;eau chaude par voie \u00e9lectrique. Si votre planification et vos op\u00e9rations sont en phase, votre demande en eau chaude suivra sans probl\u00e8me.<\/p>\n\n<\/div>\n<div class=\"features-square-image-featcol cp4cols cp6cols-tablet\">\n<h4 class=\"\"><span style=\"font-weight: 900;\">Combinaison<\/span><\/h4>\n<p class=\"\">En \u00e9quipant l&#8217;Electrochaudi\u00e8re AgriHeat d&#8217;un syst\u00e8me de r\u00e9cup\u00e9ration de chaleur, vous transf\u00e9rez la chaleur du lait dans votre chaudi\u00e8re. Lait r\u00e9frig\u00e9r\u00e9, eau chauff\u00e9e. Exactement comme il se doit. Le soleil peut \u00e9galement aider \u00e0 atteindre les temp\u00e9ratures souhait\u00e9es. D\u00e8s que l&#8217;\u00e9nergie solaire thermique est ajout\u00e9e \u00e0 l&#8217;\u00e9lectrochaudi\u00e8re, le syst\u00e8me devient \u00e9ligible et le syst\u00e8me solaire apporte la premi\u00e8re augmentation significative de la temp\u00e9rature de l&#8217;eau. L&#8217;ElectroHeat fera le reste pour vous fournir de l&#8217;eau \u00e0 la bonne temp\u00e9rature, au bon moment.<\/p>\n\n<\/div>\n<\/div>\n<\/div>\n<\/div><div data-label=\"Remote\" data-id=\"features-square-image-section-2\" data-category=\"features\" class=\"features-square-image-section features-square-image-section-2\" id=\"remote\" style=\"background-color: #ffffff;\">\n<div class=\"dynamic-color gridContainer\">\n<div class=\"features-square-image-textrow\">\n<div class=\"features-square-image-textcol\" data-type=\"column\">\n<h2 class=\"\">\u00c9l\u00e9ment chauffant ReHeat (EHE-HT)<\/h2>\n<\/div>\n<\/div>\n<div class=\"features-square-image-innerrow\" data-type=\"row\">\n<div class=\"features-square-image-featcol cp6cols-tablet cp6cols\"><img decoding=\"async\" class=\"features-square-image-featimg\" src=\"https:\/\/www.reheat.nl\/wp-content\/uploads\/2018\/11\/ElectroHeat-element.png\"><\/div>\n<div class=\"features-square-image-featcol cp6cols-tablet cp6cols\">\n<h4 class=\"\">Une qualit\u00e9 exceptionnelle<\/h4>\n<p class=\"\">Sp\u00e9cialement con\u00e7u pour ReHeat : un \u00e9l\u00e9ment en acier inoxydable Cronifer de haute qualit\u00e9 pour l&#8217;\u00e9levage laitier. Cet \u00e9l\u00e9ment fabriqu\u00e9 en Suisse se caract\u00e9rise par un mod\u00e8le compact avec une puissance par cm2 sophistiqu\u00e9e et un thermostat \u00e0 95 degr\u00e9s (version HT). L&#8217;\u00e9l\u00e9ment chauffant en acier inoxydable sp\u00e9cialement trait\u00e9 et usin\u00e9 est insensible \u00e0 l&#8217;oxydation et \u00e0 la corrosion par piq\u00fbres. De nombreuses ann\u00e9es de recherche et d&#8217;essais ont abouti \u00e0 cet \u00e9l\u00e9ment sp\u00e9cifique aux propri\u00e9t\u00e9s uniques pour l&#8217;\u00e9levage laitier.<\/p>\n\n<div class=\"\"><span style=\"font-kerning: none;\" class=\"\"><\/span><\/div>\n<\/div>\n<\/div>\n<\/div>\n<\/div><div data-label=\"Resolar\" data-id=\"features-square-image-section-1\" data-category=\"features\" class=\"features-square-image-section features-square-image-section-1 content-relative\" id=\"resolar\" style=\"background-color: #f6f6f6; background-image: url('https:\/\/www.reheat.nl\/wp-content\/themes\/one-page-express-pro\/assets\/images\/default-row-bg.jpg'); background-size: cover; background-position: center top;\" data-ovid=\"ovid-features-1-2304\" data-parallax-depth=\"20\">\n<div class=\"section-separator-bottom gridContainer\"><svg xmlns=\"http:\/\/www.w3.org\/2000\/svg\" viewbox=\"0 0 1000 100\" preserveaspectratio=\"none\" data-separator-name=\"triangle-negative\" class=\"section-separator-bottom\"><\/svg>\n<path class=\"svg-white-bg\" d=\"M500.2,94.7L0,0v100h1000V0L500.2,94.7z\"><\/path><\/div>\n<div class=\"dynamic-color gridContainer\">\n<div class=\"features-square-image-textrow\">\n<div class=\"features-square-image-textcol\" data-type=\"column\">\n<h2 class=\"\">Avez-vous un AgriHeat \u00e0 gaz ?<\/h2>\n<\/div>\n<\/div>\n<div class=\"features-square-image-innerrow\" data-type=\"row\">\n<div class=\"features-square-image-featcol cp6cols-tablet color8 cp4cols\">\n<p class=\"\"><span style=\"font-weight: 900;\">Vous avez un syst\u00e8me AgriHeat au gaz et vous souhaitez le convertir&nbsp;en syst\u00e8me tout \u00e9lectrique ?<\/span><\/p>\nPas de probl\u00e8me !\nNous convertissons votre syst\u00e8me en un syst\u00e8me enti\u00e8rement \u00e9lectrique relativement facilement.\n\n<\/div>\n<div class=\"features-square-image-featcol cp6cols-tablet cp4cols\">\n\n<img decoding=\"async\" class=\"custom-image\" src=\"https:\/\/www.reheat.nl\/wp-content\/uploads\/2018\/11\/AgriHeat_Boiler.png\">\n\n<\/div>\n<div class=\"features-square-image-featcol cp6cols-tablet color8 cp4cols\">\n\n<img decoding=\"async\" class=\"custom-image\" src=\"https:\/\/www.reheat.nl\/wp-content\/uploads\/2018\/11\/Logo_AgriHeat_Elektroboiler.png\">\n\n<\/div>\n<\/div>\n<\/div>\n<\/div><div data-label=\"Uit de praktijk\" data-id=\"features-square-image-section-4\" data-category=\"features\" class=\"features-square-image-section features-square-image-section-4\" id=\"uit-de-praktijk\" style=\"background-color: #ffffff; background-size: cover; background-position: center top;\" data-ovid=\"ovid-features-4-37418\">\n<div class=\"gridContainer dynamic-color\">\n<div class=\"features-square-image-textrow\">\n<div class=\"features-square-image-textcol\" data-type=\"column\">\n<h2 class=\"\">Options pour l&#8217;\u00e9lectrochaudi\u00e8re AgriHeat<\/h2>\n<\/div>\n<\/div>\n<div class=\"features-square-image-innerrow\" data-type=\"row\">\n<div class=\"features-square-image-featcol cp6cols-tablet cp3cols\">\n\n<img decoding=\"async\" class=\"features-square-image-featimg\" src=\"https:\/\/www.reheat.nl\/wp-content\/uploads\/2018\/11\/Option-1.png\">\n<h4 class=\"\">Caloducs<\/h4>\n<p class=\"\">Avec les capteurs solaires HeatPipes, l&#8217;eau de l&#8217;Electroboiler est chauff\u00e9e par le soleil. Ce que le soleil fait, votre ElectroHeat n&#8217;a plus \u00e0 le faire. Les subventions pour l&#8217;\u00e9nergie solaire thermique sont si g\u00e9n\u00e9reuses que le co\u00fbt de l&#8217;\u00e9nergie solaire est parfois presque enti\u00e8rement couvert.<\/p>\n<a href=\"#Besparing\" class=\"\" target=\"_self\" data-reiki-hidden=\"true\" rel=\"noopener noreferrer\"><i class=\"font-icon-22 fa fa-arrow-circle-right color6\" data-cp-fa=\"true\"><\/i>&nbsp;en savoir plus<\/a>\n\n<\/div>\n<div class=\"features-square-image-featcol cp6cols-tablet cp3cols\">\n\n<img decoding=\"async\" class=\"features-square-image-featimg\" src=\"https:\/\/www.reheat.nl\/wp-content\/uploads\/2018\/11\/Option-2.png\">\n<h4 class=\"\">Minuterie de 60 heures<\/h4>\n<p class=\"\">Cette minuterie intelligente garantit qu&#8217;une fois tous les trois jours, la temp\u00e9rature de la chaudi\u00e8re est suffisante pour nettoyer le r\u00e9servoir \u00e0 lait apr\u00e8s l&#8217;avoir vid\u00e9.<\/p>\n\n<\/div>\n<div class=\"features-square-image-featcol cp6cols-tablet cp3cols\">\n\n<img decoding=\"async\" class=\"features-square-image-featimg\" src=\"https:\/\/www.reheat.nl\/wp-content\/uploads\/2018\/11\/Option-3.png\">\n<h4 class=\"\">Horloge journali\u00e8re pour l&#8217;\u00e9l\u00e9ment ElectroHeat<\/h4>\n<p class=\"\">Cette minuterie laisse le soleil faire son travail et \u00e9teint l&#8217;ElectroHeat au moment o\u00f9 cela est possible. Bien entendu, vous \u00eates assur\u00e9 que l&#8217;ElectroHeat s&#8217;allume au bon moment.<\/p>\n\n<div class=\"\"><span style=\"font-kerning: none;\" class=\"\"><\/span><\/div>\n<\/div>\n<div class=\"features-square-image-featcol cp6cols-tablet cp3cols\">\n\n<img decoding=\"async\" class=\"features-square-image-featimg\" src=\"https:\/\/www.reheat.nl\/wp-content\/uploads\/2018\/11\/Option-4.png\">\n<h4 class=\"\">Cadre de support en acier inoxydable<\/h4>\n<p class=\"\">Le tr\u00e9pied pratique maintient votre Electroboiler \u00e0 l&#8217;\u00e9cart du sol, emp\u00eache les d\u00e9p\u00f4ts de salet\u00e9 et garde le sol sous la chaudi\u00e8re propre. En outre, sur les surfaces irr\u00e9guli\u00e8res, la chaudi\u00e8re peut \u00eatre mise \u00e0 niveau.<\/p>\n<a href=\"#Besparing\" class=\"\" target=\"_self\" data-reiki-hidden=\"true\" rel=\"noopener noreferrer\"><i class=\"font-icon-22 fa fa-arrow-circle-right color6\" data-cp-fa=\"true\"><\/i>&nbsp;en savoir plus<\/a>\n\n<\/div>\n<div class=\"features-square-image-featcol cp6cols-tablet cp3cols\">\n\n<img decoding=\"async\" class=\"features-square-image-featimg\" src=\"https:\/\/www.reheat.nl\/wp-content\/uploads\/2018\/11\/Option-5.png\">\n<h4 class=\"\">R\u00e9cup\u00e9ration de chaleur<\/h4>\nRefroidir le lait, chauffer l&#8217;eau. Utilisez la chaleur du lait pour chauffer l&#8217;eau par l&#8217;interm\u00e9diaire du syst\u00e8me WTW.\n<div class=\"\"><span style=\"font-kerning: none;\" class=\"\"><\/span><\/div>\n<a href=\"#Besparing\" class=\"\" target=\"_self\" data-reiki-hidden=\"true\" rel=\"noopener noreferrer\"><i class=\"font-icon-22 fa fa-arrow-circle-right color6\" data-cp-fa=\"true\"><\/i>&nbsp;en savoir plus<\/a>\n\n<\/div>\n<div class=\"features-square-image-featcol cp6cols-tablet cp3cols\">\n\n<img decoding=\"async\" class=\"features-square-image-featimg\" src=\"https:\/\/www.reheat.nl\/wp-content\/uploads\/2018\/11\/Option-6.png\">\n<h4 class=\"\">Optimiseur d&#8217;eau<\/h4>\n<p class=\"\">\nCe syst\u00e8me antitartre sans sel provoque la cristallisation du calcium, du magn\u00e9sium et du bicarbonate. Ces cristaux n&#8217;adh\u00e8rent pas, ce qui fait que le calcaire n&#8217;existe plus.<\/p>\n<a href=\"#Besparing\" class=\"\" target=\"_self\" data-reiki-hidden=\"true\" rel=\"noopener noreferrer\"><i class=\"font-icon-22 fa fa-arrow-circle-right color6\" data-cp-fa=\"true\"><\/i>&nbsp;en savoir plus<\/a>\n\n<\/div>\n<div class=\"features-square-image-featcol cp6cols-tablet cp3cols\">\n\n<img decoding=\"async\" class=\"features-square-image-featimg\" src=\"https:\/\/www.reheat.nl\/wp-content\/uploads\/2018\/11\/Option-7.png\">\n<h4 class=\"\">Deuxi\u00e8me \u00e9l\u00e9ment ElectroHeat<\/h4>\nEn combinaison avec la minuterie de 60 heures, il est possible d&#8217;appliquer un deuxi\u00e8me ElectroHeat. Cela permet d&#8217;augmenter la capacit\u00e9 et de remplacer le soleil en cas de besoin.\n<div class=\"\"><span style=\"font-kerning: none;\" class=\"\"><\/span><\/div>\n<a href=\"#Besparing\" class=\"\" target=\"_self\" data-reiki-hidden=\"true\" rel=\"noopener noreferrer\"><i class=\"font-icon-22 fa fa-arrow-circle-right color6\" data-cp-fa=\"true\"><\/i>&nbsp;en savoir plus<\/a>\n\n<\/div>\n<div class=\"features-square-image-featcol cp6cols-tablet cp3cols\">\n\n<img decoding=\"async\" class=\"features-square-image-featimg\" src=\"https:\/\/www.reheat.nl\/wp-content\/uploads\/2018\/11\/Option-8.png\">\n<h4 class=\"\">Compteur de kWh<\/h4>\n<p class=\"\">Ce compteur donne un aper\u00e7u de la consommation de l&#8217;Electroboiler : la consommation d&#8217;\u00e9nergie est affich\u00e9e et suivie.<\/p>\n<a href=\"#Besparing\" class=\"\" target=\"_self\" data-reiki-hidden=\"true\" rel=\"noopener noreferrer\"><i class=\"font-icon-22 fa fa-arrow-circle-right color6\" data-cp-fa=\"true\"><\/i>&nbsp;en savoir plus<\/a>\n\n<\/div>\n<\/div>\n<\/div>\n<\/div>","protected":false},"excerpt":{"rendered":"<p>Chaudi\u00e8re \u00e9lectrique Agriheat Capacit\u00e9 r\u00e9glable en continu Chaudi\u00e8re de qualit\u00e9 \u00e0 prix abordable Nos chaudi\u00e8res sont fabriqu\u00e9es en acier inoxydable de haute qualit\u00e9 \u00c9l\u00e9ment chauffant Un ElectroHeat 95\u02daC sp\u00e9cial \u00c9l\u00e9ment HT Tuyaux de chaleur Solaire thermique (\u00e9galement appel\u00e9 HeatPipes) sur le r\u00e9servoir de la chaudi\u00e8re en option Profiter de la chaleur Possibilit\u00e9 d&#8217;utiliser la chaleur&hellip; <br \/> <a class=\"button small blue\" href=\"https:\/\/www.reheat.nl\/fr\/lefficacite-en-action-avec-les-collecteurs-solaires-prefabriques-nous-faisons-des-metres\/\">Lire la suite<\/a><\/p>\n","protected":false},"author":2,"featured_media":0,"parent":0,"menu_order":0,"comment_status":"closed","ping_status":"closed","template":"page-with-small-header.php","meta":{"footnotes":""},"class_list":["post-12471","page","type-page","status-publish","hentry"],"yoast_head":"<!-- This site is optimized with the Yoast SEO Premium plugin v25.0 (Yoast SEO v26.2) - https:\/\/yoast.com\/wordpress\/plugins\/seo\/ -->\n<title>AgriHeat Hybride - ReHeat<\/title>\n<meta name=\"robots\" content=\"index, follow, max-snippet:-1, max-image-preview:large, max-video-preview:-1\" \/>\n<link rel=\"canonical\" href=\"https:\/\/www.reheat.nl\/fr\/agriheat-hybride\/\" \/>\n<meta property=\"og:locale\" content=\"fr_FR\" \/>\n<meta property=\"og:type\" content=\"article\" \/>\n<meta property=\"og:title\" content=\"AgriHeat Hybride\" \/>\n<meta property=\"og:description\" content=\"Chaudi\u00e8re \u00e9lectrique Agriheat Capacit\u00e9 r\u00e9glable en continu Chaudi\u00e8re de qualit\u00e9 \u00e0 prix abordable Nos chaudi\u00e8res sont fabriqu\u00e9es en acier inoxydable de haute qualit\u00e9 \u00c9l\u00e9ment chauffant Un ElectroHeat 95\u02daC sp\u00e9cial \u00c9l\u00e9ment HT Tuyaux de chaleur Solaire thermique (\u00e9galement appel\u00e9 HeatPipes) sur le r\u00e9servoir de la chaudi\u00e8re en option Profiter de la chaleur Possibilit\u00e9 d&#8217;utiliser la chaleur&hellip; Lire la suite\" \/>\n<meta property=\"og:url\" content=\"https:\/\/www.reheat.nl\/fr\/agriheat-hybride\/\" \/>\n<meta property=\"og:site_name\" content=\"ReHeat\" \/>\n<meta property=\"article:publisher\" content=\"https:\/\/www.facebook.com\/reheat\" \/>\n<meta property=\"article:modified_time\" content=\"2025-01-17T08:37:07+00:00\" \/>\n<meta property=\"og:image\" content=\"https:\/\/www.reheat.nl\/wp-content\/uploads\/2018\/11\/BoerderijBoiler.png\" \/>\n<meta name=\"twitter:card\" content=\"summary_large_image\" \/>\n<meta name=\"twitter:label1\" content=\"Dur\u00e9e de lecture estim\u00e9e\" \/>\n\t<meta name=\"twitter:data1\" content=\"4 minutes\" \/>\n<script type=\"application\/ld+json\" class=\"yoast-schema-graph\">{\"@context\":\"https:\/\/schema.org\",\"@graph\":[{\"@type\":\"WebPage\",\"@id\":\"https:\/\/www.reheat.nl\/fr\/agriheat-hybride\/\",\"url\":\"https:\/\/www.reheat.nl\/fr\/agriheat-hybride\/\",\"name\":\"AgriHeat Hybride - ReHeat\",\"isPartOf\":{\"@id\":\"https:\/\/www.reheat.nl\/fr\/#website\"},\"primaryImageOfPage\":{\"@id\":\"https:\/\/www.reheat.nl\/fr\/agriheat-hybride\/#primaryimage\"},\"image\":{\"@id\":\"https:\/\/www.reheat.nl\/fr\/agriheat-hybride\/#primaryimage\"},\"thumbnailUrl\":\"https:\/\/www.reheat.nl\/wp-content\/uploads\/2018\/11\/BoerderijBoiler.png\",\"datePublished\":\"2023-03-22T13:27:58+00:00\",\"dateModified\":\"2025-01-17T08:37:07+00:00\",\"breadcrumb\":{\"@id\":\"https:\/\/www.reheat.nl\/fr\/agriheat-hybride\/#breadcrumb\"},\"inLanguage\":\"fr-FR\",\"potentialAction\":[{\"@type\":\"ReadAction\",\"target\":[\"https:\/\/www.reheat.nl\/fr\/agriheat-hybride\/\"]}]},{\"@type\":\"ImageObject\",\"inLanguage\":\"fr-FR\",\"@id\":\"https:\/\/www.reheat.nl\/fr\/agriheat-hybride\/#primaryimage\",\"url\":\"https:\/\/www.reheat.nl\/wp-content\/uploads\/2018\/11\/BoerderijBoiler.png\",\"contentUrl\":\"https:\/\/www.reheat.nl\/wp-content\/uploads\/2018\/11\/BoerderijBoiler.png\"},{\"@type\":\"BreadcrumbList\",\"@id\":\"https:\/\/www.reheat.nl\/fr\/agriheat-hybride\/#breadcrumb\",\"itemListElement\":[{\"@type\":\"ListItem\",\"position\":1,\"name\":\"Home\",\"item\":\"https:\/\/www.reheat.nl\/fr\/\"},{\"@type\":\"ListItem\",\"position\":2,\"name\":\"AgriHeat Hybride\"}]},{\"@type\":\"WebSite\",\"@id\":\"https:\/\/www.reheat.nl\/fr\/#website\",\"url\":\"https:\/\/www.reheat.nl\/fr\/\",\"name\":\"ReHeat\",\"description\":\"Heetwatersystemen\",\"publisher\":{\"@id\":\"https:\/\/www.reheat.nl\/fr\/#organization\"},\"potentialAction\":[{\"@type\":\"SearchAction\",\"target\":{\"@type\":\"EntryPoint\",\"urlTemplate\":\"https:\/\/www.reheat.nl\/fr\/?s={search_term_string}\"},\"query-input\":{\"@type\":\"PropertyValueSpecification\",\"valueRequired\":true,\"valueName\":\"search_term_string\"}}],\"inLanguage\":\"fr-FR\"},{\"@type\":\"Organization\",\"@id\":\"https:\/\/www.reheat.nl\/fr\/#organization\",\"name\":\"ReHeat\",\"url\":\"https:\/\/www.reheat.nl\/fr\/\",\"logo\":{\"@type\":\"ImageObject\",\"inLanguage\":\"fr-FR\",\"@id\":\"https:\/\/www.reheat.nl\/fr\/#\/schema\/logo\/image\/\",\"url\":\"https:\/\/www.reheat.nl\/wp-content\/uploads\/2017\/12\/ReHeat.png\",\"contentUrl\":\"https:\/\/www.reheat.nl\/wp-content\/uploads\/2017\/12\/ReHeat.png\",\"width\":242,\"height\":67,\"caption\":\"ReHeat\"},\"image\":{\"@id\":\"https:\/\/www.reheat.nl\/fr\/#\/schema\/logo\/image\/\"},\"sameAs\":[\"https:\/\/www.facebook.com\/reheat\",\"https:\/\/www.instagram.com\/reheatnl\/\"]}]}<\/script>\n<!-- \/ Yoast SEO Premium plugin. -->","yoast_head_json":{"title":"AgriHeat Hybride - ReHeat","robots":{"index":"index","follow":"follow","max-snippet":"max-snippet:-1","max-image-preview":"max-image-preview:large","max-video-preview":"max-video-preview:-1"},"canonical":"https:\/\/www.reheat.nl\/fr\/agriheat-hybride\/","og_locale":"fr_FR","og_type":"article","og_title":"AgriHeat Hybride","og_description":"Chaudi\u00e8re \u00e9lectrique Agriheat Capacit\u00e9 r\u00e9glable en continu Chaudi\u00e8re de qualit\u00e9 \u00e0 prix abordable Nos chaudi\u00e8res sont fabriqu\u00e9es en acier inoxydable de haute qualit\u00e9 \u00c9l\u00e9ment chauffant Un ElectroHeat 95\u02daC sp\u00e9cial \u00c9l\u00e9ment HT Tuyaux de chaleur Solaire thermique (\u00e9galement appel\u00e9 HeatPipes) sur le r\u00e9servoir de la chaudi\u00e8re en option Profiter de la chaleur Possibilit\u00e9 d&#8217;utiliser la chaleur&hellip; Lire la suite","og_url":"https:\/\/www.reheat.nl\/fr\/agriheat-hybride\/","og_site_name":"ReHeat","article_publisher":"https:\/\/www.facebook.com\/reheat","article_modified_time":"2025-01-17T08:37:07+00:00","og_image":[{"url":"https:\/\/www.reheat.nl\/wp-content\/uploads\/2018\/11\/BoerderijBoiler.png","type":"","width":"","height":""}],"twitter_card":"summary_large_image","twitter_misc":{"Dur\u00e9e de lecture estim\u00e9e":"4 minutes"},"schema":{"@context":"https:\/\/schema.org","@graph":[{"@type":"WebPage","@id":"https:\/\/www.reheat.nl\/fr\/agriheat-hybride\/","url":"https:\/\/www.reheat.nl\/fr\/agriheat-hybride\/","name":"AgriHeat Hybride - ReHeat","isPartOf":{"@id":"https:\/\/www.reheat.nl\/fr\/#website"},"primaryImageOfPage":{"@id":"https:\/\/www.reheat.nl\/fr\/agriheat-hybride\/#primaryimage"},"image":{"@id":"https:\/\/www.reheat.nl\/fr\/agriheat-hybride\/#primaryimage"},"thumbnailUrl":"https:\/\/www.reheat.nl\/wp-content\/uploads\/2018\/11\/BoerderijBoiler.png","datePublished":"2023-03-22T13:27:58+00:00","dateModified":"2025-01-17T08:37:07+00:00","breadcrumb":{"@id":"https:\/\/www.reheat.nl\/fr\/agriheat-hybride\/#breadcrumb"},"inLanguage":"fr-FR","potentialAction":[{"@type":"ReadAction","target":["https:\/\/www.reheat.nl\/fr\/agriheat-hybride\/"]}]},{"@type":"ImageObject","inLanguage":"fr-FR","@id":"https:\/\/www.reheat.nl\/fr\/agriheat-hybride\/#primaryimage","url":"https:\/\/www.reheat.nl\/wp-content\/uploads\/2018\/11\/BoerderijBoiler.png","contentUrl":"https:\/\/www.reheat.nl\/wp-content\/uploads\/2018\/11\/BoerderijBoiler.png"},{"@type":"BreadcrumbList","@id":"https:\/\/www.reheat.nl\/fr\/agriheat-hybride\/#breadcrumb","itemListElement":[{"@type":"ListItem","position":1,"name":"Home","item":"https:\/\/www.reheat.nl\/fr\/"},{"@type":"ListItem","position":2,"name":"AgriHeat Hybride"}]},{"@type":"WebSite","@id":"https:\/\/www.reheat.nl\/fr\/#website","url":"https:\/\/www.reheat.nl\/fr\/","name":"ReHeat","description":"Heetwatersystemen","publisher":{"@id":"https:\/\/www.reheat.nl\/fr\/#organization"},"potentialAction":[{"@type":"SearchAction","target":{"@type":"EntryPoint","urlTemplate":"https:\/\/www.reheat.nl\/fr\/?s={search_term_string}"},"query-input":{"@type":"PropertyValueSpecification","valueRequired":true,"valueName":"search_term_string"}}],"inLanguage":"fr-FR"},{"@type":"Organization","@id":"https:\/\/www.reheat.nl\/fr\/#organization","name":"ReHeat","url":"https:\/\/www.reheat.nl\/fr\/","logo":{"@type":"ImageObject","inLanguage":"fr-FR","@id":"https:\/\/www.reheat.nl\/fr\/#\/schema\/logo\/image\/","url":"https:\/\/www.reheat.nl\/wp-content\/uploads\/2017\/12\/ReHeat.png","contentUrl":"https:\/\/www.reheat.nl\/wp-content\/uploads\/2017\/12\/ReHeat.png","width":242,"height":67,"caption":"ReHeat"},"image":{"@id":"https:\/\/www.reheat.nl\/fr\/#\/schema\/logo\/image\/"},"sameAs":["https:\/\/www.facebook.com\/reheat","https:\/\/www.instagram.com\/reheatnl\/"]}]}},"_links":{"self":[{"href":"https:\/\/www.reheat.nl\/fr\/wp-json\/wp\/v2\/pages\/12471","targetHints":{"allow":["GET"]}}],"collection":[{"href":"https:\/\/www.reheat.nl\/fr\/wp-json\/wp\/v2\/pages"}],"about":[{"href":"https:\/\/www.reheat.nl\/fr\/wp-json\/wp\/v2\/types\/page"}],"author":[{"embeddable":true,"href":"https:\/\/www.reheat.nl\/fr\/wp-json\/wp\/v2\/users\/2"}],"replies":[{"embeddable":true,"href":"https:\/\/www.reheat.nl\/fr\/wp-json\/wp\/v2\/comments?post=12471"}],"version-history":[{"count":1,"href":"https:\/\/www.reheat.nl\/fr\/wp-json\/wp\/v2\/pages\/12471\/revisions"}],"predecessor-version":[{"id":14529,"href":"https:\/\/www.reheat.nl\/fr\/wp-json\/wp\/v2\/pages\/12471\/revisions\/14529"}],"wp:attachment":[{"href":"https:\/\/www.reheat.nl\/fr\/wp-json\/wp\/v2\/media?parent=12471"}],"curies":[{"name":"wp","href":"https:\/\/api.w.org\/{rel}","templated":true}]}}