{"id":12476,"date":"2023-03-22T13:28:02","date_gmt":"2023-03-22T13:28:02","guid":{"rendered":"https:\/\/www.reheat.nl\/conduite-de-chaleur-thermo-controlee\/"},"modified":"2023-07-12T09:32:25","modified_gmt":"2023-07-12T09:32:25","slug":"conduite-de-chaleur-thermo-controlee","status":"publish","type":"page","link":"https:\/\/www.reheat.nl\/fr\/conduite-de-chaleur-thermo-controlee\/","title":{"rendered":"Conduite de chaleur thermo-contr\u00f4l\u00e9e"},"content":{"rendered":"<div data-label=\"FlexHeat\" data-id=\"about-image-section-pro\" data-category=\"about\" class=\"about-image-section-pro content-relative white-text-section\" id=\"flexheat\" style=\"background-size: cover; background-image: url(\"https:\/\/www.reheat.nl\/wp-content\/uploads\/2020\/03\/Resolar_Vacuumbuis_Heatpipe_Zonnecollector_Detail-5-1500-x-1000.jpg\"); background-position: center top;\" data-ovid=\"ovid-about-us-2-556\" data-parallax-depth=\"20\">\n<div class=\"gridContainer\">\n<div class=\"row about-image-gridcol-pro\">\n<div class=\"about-image-textcol-pro\" data-type=\"column\">\n\n\n<h1 class=\"\"><span class=\"\" style=\"font-weight: 900; color: rgb(255, 255, 255); font-family: \"Source Sans Pro\", arial, helvetica, sans-serif;\">Conduite de chaleur thermo-contr\u00f4l\u00e9e<\/span><\/h1>\n\n<h4 class=\"\"><span style=\"color: rgb(255, 255, 255); font-weight: 800;\">Protection contre la surchauffe<\/span><\/h4>\n\n\n\n\n<img decoding=\"async\" class=\"custom-image\" src=\"https:\/\/www.reheat.nl\/wp-content\/uploads\/2021\/09\/TC-heatpipes.png\" alt=\"\"><\/div>\n<div data-type=\"column\" class=\"\"><\/div>\n<\/div>\n<\/div>\n<\/div><div data-label=\"USP\" data-id=\"stripped-features-overlapped-icons-section\" data-category=\"overlapable\" class=\"features-overlapped-icons-section stripped-features-overlapped-icons-section content-relative\" data-overlap=\"true\" id=\"usp-1\" style=\"background-color: #ffffff; background-image: none;\" data-ovid=\"ovid-overlapable-4-691\">\n<div class=\"gridContainer\">\n<div class=\"features-overlapped-icons-featuresrow flexbox-list\" data-type=\"row\">\n<div class=\"features-large-icons-featcol cp6cols-tablet color1 cp4cols\">\n<div class=\"features-overlapped-icons-featinnerrow\">\n<div class=\"features-icon-container\"><i class=\"font-icon-features-icon-container fa fa-thermometer-4 color6\" data-cp-fa=\"true\"><\/i><\/div>\n<div data-type=\"column\" class=\"\">\n<h4 class=\"\">Protection contre la surchauffe<\/h4>\n\n\n<\/div>\n<\/div>\n<\/div>\n<div class=\"features-large-icons-featcol cp6cols-tablet color1 cp4cols\">\n<div class=\"features-overlapped-icons-featinnerrow\">\n<div class=\"features-icon-container\"><i class=\"font-icon-features-icon-container fa fa-arrow-up color6\" data-cp-fa=\"true\"><\/i><\/div>\n<div data-type=\"column\" class=\"\">\n<h4 class=\"\">Placez plus de puissance<\/h4>\n\n\n<\/div>\n<\/div>\n<\/div>\n<div class=\"features-large-icons-featcol cp6cols-tablet color1 cp4cols\">\n<div class=\"features-overlapped-icons-featinnerrow\">\n<div class=\"features-icon-container\"><i class=\"font-icon-features-icon-container fa fa-thumbs-o-up color6\" data-cp-fa=\"true\"><\/i><\/div>\n<div data-type=\"column\" class=\"\">\n<h4 class=\"\">Angle de pente favorable<\/h4>\n\n\n<\/div>\n<\/div>\n<\/div>\n\n<\/div>\n<\/div>\n<\/div><div data-label=\"Direct besparen\" data-id=\"features-square-image-section-1\" data-category=\"features\" class=\"features-square-image-section features-square-image-section-1 content-relative white-text-section\" id=\"direct-besparen\" style=\"background-color: rgb(246, 246, 246); background-image: url(\"https:\/\/www.reheat.nl\/wp-content\/uploads\/2020\/03\/Resolar_Vacuumbuis_Heatpipe_Zonnecollector_Detail-5-1500-x-1000.jpg\"); background-size: cover; background-position: center top;\" data-ovid=\"ovid-direct-besparen-823\" data-parallax-depth=\"20\">\n<div class=\"section-separator-bottom\"><svg xmlns=\"http:\/\/www.w3.org\/2000\/svg\" viewbox=\"0 0 1000 100\" preserveaspectratio=\"none\" data-separator-name=\"triangle-negative\" class=\"section-separator-bottom\"><\/svg>\n<path class=\"svg-white-bg\" d=\"M500.2,94.7L0,0v100h1000V0L500.2,94.7z\"><\/path><\/div>\n<div class=\"gridContainer dynamic-color\">\n<div class=\"features-square-image-textrow\">\n<div class=\"features-square-image-textcol\" data-type=\"column\">\n<h2 class=\"\"><span style=\"font-weight: 900;\">Conduite de chaleur thermo-contr\u00f4l\u00e9e<\/span><\/h2>\n\n\n<\/div>\n<\/div>\n<div class=\"features-square-image-innerrow\" data-type=\"row\">\n\n<div class=\"features-square-image-featcol cp6cols-tablet cp6cols\">\n<p class=\"\"><span style=\"font-weight: 900;\">La plus grande innovation de ReSolar se trouve au c\u0153ur du caloduc, que nous appelons le caloduc thermocontr\u00f4l\u00e9. Comme son nom l&#8217;indique, une protection thermique y est int\u00e9gr\u00e9e.&nbsp;Contrairement \u00e0 d&#8217;autres protections m\u00e9caniques, notre protection se trouve dans le fluide qui se d\u00e9place (s&#8217;\u00e9coule) dans le Heatpipe.<\/span><br><span style=\"font-weight: 900;\">\nAlors que la temp\u00e9rature dans le caloduc traditionnel monte confortablement jusqu&#8217;\u00e0 250\u00b0C, le caloduc thermocontr\u00f4l\u00e9 actualis\u00e9 s&#8217;arr\u00eate \u00e0 110\u00b0C.<\/span><span data-mce-style=\"font-weight: 900;\">&nbsp;<\/span><span style=\"font-weight: 900;\">Une fois cette temp\u00e9rature atteinte, l&#8217;int\u00e9rieur du caloduc se dess\u00e8che et cesse de fonctionner. En bref, pas de protection dans les parties m\u00e9caniques, mais thermique au c\u0153ur du caloduc.<\/span><\/p>\n\n\n<img decoding=\"async\" class=\"custom-image\" src=\"https:\/\/www.reheat.nl\/wp-content\/uploads\/2021\/09\/tc-heatpipe.jpg\" alt=\"\"><\/div>\n\n<div class=\"features-square-image-featcol cp6cols-tablet cp6cols\"><h3 class=\"\"><span style=\"font-weight: 900;\">Avantages du caloduc thermocontr\u00f4l\u00e9<\/span><span id=\"_mce_caret\" data-mce-bogus=\"1\" data-mce-type=\"format-caret\"><span style=\"font-weight: 900;\"><\/span><\/span><\/h3><h4 class=\"\">1. Protection contre la surchauffe<\/h4><p class=\"\">Comme il n&#8217;y a pas de surchauffe, il n&#8217;y a pas de stagnation dans le syst\u00e8me. L&#8217;arr\u00eat de la hausse continue des temp\u00e9ratures est synonyme de calme et de d\u00e9tente \u00e0 la maison et en vacances.<\/p><h4 class=\"\">2. Augmenter la puissance pour plus de puissance en hiver<\/h4><p class=\"\">La protection de la temp\u00e9rature permet de placer plus de puissance sur une cuve de chaudi\u00e8re. Normalement, cela entra\u00eene une surchauffe et une stagnation du syst\u00e8me. Avec le caloduc thermocontr\u00f4l\u00e9 de ReSolar, c&#8217;est du pass\u00e9.<\/p><h4 class=\"\">3. Autres inclinaisons de 5\u00b0 \u00e0 90<\/h4><p class=\"\">Le nouveau Heatpipe peut \u00eatre install\u00e9 \u00e0 un angle plus faible d&#8217;au moins 5\u00b0 (c&#8217;est-\u00e0-dire presque \u00e0 l&#8217;horizontale) et donnera un aspect plus \u00e9troit \u00e0 la maison ou au garage.<\/p><a class=\"button color1\" href=\"https:\/\/www.reheat.nl\/wp-content\/uploads\/2023\/07\/ReHeat_Flyer-TC-HeatPipe.pdf\" target=\"_self\" data-icon=\"fa-download\" rel=\"noopener\"><span class=\"button-icon fa fa-download\"><\/span>T\u00e9l\u00e9charger la brochure<\/a><\/div><\/div>\n<\/div>\n<\/div>","protected":false},"excerpt":{"rendered":"<p>Conduite de chaleur thermo-contr\u00f4l\u00e9e Protection contre la surchauffe Protection contre la surchauffe Placez plus de puissance Angle de pente favorable Conduite de chaleur thermo-contr\u00f4l\u00e9e La plus grande innovation de ReSolar se trouve au c\u0153ur du caloduc, que nous appelons le caloduc thermocontr\u00f4l\u00e9. Comme son nom l&#8217;indique, une protection thermique y est int\u00e9gr\u00e9e.&nbsp;Contrairement \u00e0 d&#8217;autres protections&hellip; <br \/> <a class=\"button small blue\" href=\"https:\/\/www.reheat.nl\/fr\/lefficacite-en-action-avec-les-collecteurs-solaires-prefabriques-nous-faisons-des-metres\/\">Lire la suite<\/a><\/p>\n","protected":false},"author":2,"featured_media":0,"parent":0,"menu_order":0,"comment_status":"closed","ping_status":"closed","template":"page-with-small-header.php","meta":{"footnotes":""},"class_list":["post-12476","page","type-page","status-publish","hentry"],"yoast_head":"<!-- This site is optimized with the Yoast SEO Premium plugin v25.0 (Yoast SEO v26.2) - https:\/\/yoast.com\/wordpress\/plugins\/seo\/ -->\n<title>Conduite de chaleur thermo-contr\u00f4l\u00e9e - ReHeat<\/title>\n<meta name=\"robots\" content=\"index, follow, max-snippet:-1, max-image-preview:large, max-video-preview:-1\" \/>\n<link rel=\"canonical\" href=\"https:\/\/www.reheat.nl\/fr\/conduite-de-chaleur-thermo-controlee\/\" \/>\n<meta property=\"og:locale\" content=\"fr_FR\" \/>\n<meta property=\"og:type\" content=\"article\" \/>\n<meta property=\"og:title\" content=\"Conduite de chaleur thermo-contr\u00f4l\u00e9e\" \/>\n<meta property=\"og:description\" content=\"Conduite de chaleur thermo-contr\u00f4l\u00e9e Protection contre la surchauffe Protection contre la surchauffe Placez plus de puissance Angle de pente favorable Conduite de chaleur thermo-contr\u00f4l\u00e9e La plus grande innovation de ReSolar se trouve au c\u0153ur du caloduc, que nous appelons le caloduc thermocontr\u00f4l\u00e9. Comme son nom l&#8217;indique, une protection thermique y est int\u00e9gr\u00e9e.&nbsp;Contrairement \u00e0 d&#8217;autres protections&hellip; Lire la suite\" \/>\n<meta property=\"og:url\" content=\"https:\/\/www.reheat.nl\/fr\/conduite-de-chaleur-thermo-controlee\/\" \/>\n<meta property=\"og:site_name\" content=\"ReHeat\" \/>\n<meta property=\"article:publisher\" content=\"https:\/\/www.facebook.com\/reheat\" \/>\n<meta property=\"article:modified_time\" content=\"2023-07-12T09:32:25+00:00\" \/>\n<meta property=\"og:image\" content=\"https:\/\/www.reheat.nl\/wp-content\/uploads\/2021\/09\/TC-heatpipes.png\" \/>\n<meta name=\"twitter:card\" content=\"summary_large_image\" \/>\n<meta name=\"twitter:label1\" content=\"Dur\u00e9e de lecture estim\u00e9e\" \/>\n\t<meta name=\"twitter:data1\" content=\"1 minute\" \/>\n<script type=\"application\/ld+json\" class=\"yoast-schema-graph\">{\"@context\":\"https:\/\/schema.org\",\"@graph\":[{\"@type\":\"WebPage\",\"@id\":\"https:\/\/www.reheat.nl\/fr\/conduite-de-chaleur-thermo-controlee\/\",\"url\":\"https:\/\/www.reheat.nl\/fr\/conduite-de-chaleur-thermo-controlee\/\",\"name\":\"Conduite de chaleur thermo-contr\u00f4l\u00e9e - ReHeat\",\"isPartOf\":{\"@id\":\"https:\/\/www.reheat.nl\/fr\/#website\"},\"primaryImageOfPage\":{\"@id\":\"https:\/\/www.reheat.nl\/fr\/conduite-de-chaleur-thermo-controlee\/#primaryimage\"},\"image\":{\"@id\":\"https:\/\/www.reheat.nl\/fr\/conduite-de-chaleur-thermo-controlee\/#primaryimage\"},\"thumbnailUrl\":\"https:\/\/www.reheat.nl\/wp-content\/uploads\/2021\/09\/TC-heatpipes.png\",\"datePublished\":\"2023-03-22T13:28:02+00:00\",\"dateModified\":\"2023-07-12T09:32:25+00:00\",\"breadcrumb\":{\"@id\":\"https:\/\/www.reheat.nl\/fr\/conduite-de-chaleur-thermo-controlee\/#breadcrumb\"},\"inLanguage\":\"fr-FR\",\"potentialAction\":[{\"@type\":\"ReadAction\",\"target\":[\"https:\/\/www.reheat.nl\/fr\/conduite-de-chaleur-thermo-controlee\/\"]}]},{\"@type\":\"ImageObject\",\"inLanguage\":\"fr-FR\",\"@id\":\"https:\/\/www.reheat.nl\/fr\/conduite-de-chaleur-thermo-controlee\/#primaryimage\",\"url\":\"https:\/\/www.reheat.nl\/wp-content\/uploads\/2021\/09\/TC-heatpipes.png\",\"contentUrl\":\"https:\/\/www.reheat.nl\/wp-content\/uploads\/2021\/09\/TC-heatpipes.png\"},{\"@type\":\"BreadcrumbList\",\"@id\":\"https:\/\/www.reheat.nl\/fr\/conduite-de-chaleur-thermo-controlee\/#breadcrumb\",\"itemListElement\":[{\"@type\":\"ListItem\",\"position\":1,\"name\":\"Home\",\"item\":\"https:\/\/www.reheat.nl\/fr\/\"},{\"@type\":\"ListItem\",\"position\":2,\"name\":\"Conduite de chaleur thermo-contr\u00f4l\u00e9e\"}]},{\"@type\":\"WebSite\",\"@id\":\"https:\/\/www.reheat.nl\/fr\/#website\",\"url\":\"https:\/\/www.reheat.nl\/fr\/\",\"name\":\"ReHeat\",\"description\":\"Heetwatersystemen\",\"publisher\":{\"@id\":\"https:\/\/www.reheat.nl\/fr\/#organization\"},\"potentialAction\":[{\"@type\":\"SearchAction\",\"target\":{\"@type\":\"EntryPoint\",\"urlTemplate\":\"https:\/\/www.reheat.nl\/fr\/?s={search_term_string}\"},\"query-input\":{\"@type\":\"PropertyValueSpecification\",\"valueRequired\":true,\"valueName\":\"search_term_string\"}}],\"inLanguage\":\"fr-FR\"},{\"@type\":\"Organization\",\"@id\":\"https:\/\/www.reheat.nl\/fr\/#organization\",\"name\":\"ReHeat\",\"url\":\"https:\/\/www.reheat.nl\/fr\/\",\"logo\":{\"@type\":\"ImageObject\",\"inLanguage\":\"fr-FR\",\"@id\":\"https:\/\/www.reheat.nl\/fr\/#\/schema\/logo\/image\/\",\"url\":\"https:\/\/www.reheat.nl\/wp-content\/uploads\/2017\/12\/ReHeat.png\",\"contentUrl\":\"https:\/\/www.reheat.nl\/wp-content\/uploads\/2017\/12\/ReHeat.png\",\"width\":242,\"height\":67,\"caption\":\"ReHeat\"},\"image\":{\"@id\":\"https:\/\/www.reheat.nl\/fr\/#\/schema\/logo\/image\/\"},\"sameAs\":[\"https:\/\/www.facebook.com\/reheat\",\"https:\/\/www.instagram.com\/reheatnl\/\"]}]}<\/script>\n<!-- \/ Yoast SEO Premium plugin. -->","yoast_head_json":{"title":"Conduite de chaleur thermo-contr\u00f4l\u00e9e - ReHeat","robots":{"index":"index","follow":"follow","max-snippet":"max-snippet:-1","max-image-preview":"max-image-preview:large","max-video-preview":"max-video-preview:-1"},"canonical":"https:\/\/www.reheat.nl\/fr\/conduite-de-chaleur-thermo-controlee\/","og_locale":"fr_FR","og_type":"article","og_title":"Conduite de chaleur thermo-contr\u00f4l\u00e9e","og_description":"Conduite de chaleur thermo-contr\u00f4l\u00e9e Protection contre la surchauffe Protection contre la surchauffe Placez plus de puissance Angle de pente favorable Conduite de chaleur thermo-contr\u00f4l\u00e9e La plus grande innovation de ReSolar se trouve au c\u0153ur du caloduc, que nous appelons le caloduc thermocontr\u00f4l\u00e9. Comme son nom l&#8217;indique, une protection thermique y est int\u00e9gr\u00e9e.&nbsp;Contrairement \u00e0 d&#8217;autres protections&hellip; Lire la suite","og_url":"https:\/\/www.reheat.nl\/fr\/conduite-de-chaleur-thermo-controlee\/","og_site_name":"ReHeat","article_publisher":"https:\/\/www.facebook.com\/reheat","article_modified_time":"2023-07-12T09:32:25+00:00","og_image":[{"url":"https:\/\/www.reheat.nl\/wp-content\/uploads\/2021\/09\/TC-heatpipes.png","type":"","width":"","height":""}],"twitter_card":"summary_large_image","twitter_misc":{"Dur\u00e9e de lecture estim\u00e9e":"1 minute"},"schema":{"@context":"https:\/\/schema.org","@graph":[{"@type":"WebPage","@id":"https:\/\/www.reheat.nl\/fr\/conduite-de-chaleur-thermo-controlee\/","url":"https:\/\/www.reheat.nl\/fr\/conduite-de-chaleur-thermo-controlee\/","name":"Conduite de chaleur thermo-contr\u00f4l\u00e9e - ReHeat","isPartOf":{"@id":"https:\/\/www.reheat.nl\/fr\/#website"},"primaryImageOfPage":{"@id":"https:\/\/www.reheat.nl\/fr\/conduite-de-chaleur-thermo-controlee\/#primaryimage"},"image":{"@id":"https:\/\/www.reheat.nl\/fr\/conduite-de-chaleur-thermo-controlee\/#primaryimage"},"thumbnailUrl":"https:\/\/www.reheat.nl\/wp-content\/uploads\/2021\/09\/TC-heatpipes.png","datePublished":"2023-03-22T13:28:02+00:00","dateModified":"2023-07-12T09:32:25+00:00","breadcrumb":{"@id":"https:\/\/www.reheat.nl\/fr\/conduite-de-chaleur-thermo-controlee\/#breadcrumb"},"inLanguage":"fr-FR","potentialAction":[{"@type":"ReadAction","target":["https:\/\/www.reheat.nl\/fr\/conduite-de-chaleur-thermo-controlee\/"]}]},{"@type":"ImageObject","inLanguage":"fr-FR","@id":"https:\/\/www.reheat.nl\/fr\/conduite-de-chaleur-thermo-controlee\/#primaryimage","url":"https:\/\/www.reheat.nl\/wp-content\/uploads\/2021\/09\/TC-heatpipes.png","contentUrl":"https:\/\/www.reheat.nl\/wp-content\/uploads\/2021\/09\/TC-heatpipes.png"},{"@type":"BreadcrumbList","@id":"https:\/\/www.reheat.nl\/fr\/conduite-de-chaleur-thermo-controlee\/#breadcrumb","itemListElement":[{"@type":"ListItem","position":1,"name":"Home","item":"https:\/\/www.reheat.nl\/fr\/"},{"@type":"ListItem","position":2,"name":"Conduite de chaleur thermo-contr\u00f4l\u00e9e"}]},{"@type":"WebSite","@id":"https:\/\/www.reheat.nl\/fr\/#website","url":"https:\/\/www.reheat.nl\/fr\/","name":"ReHeat","description":"Heetwatersystemen","publisher":{"@id":"https:\/\/www.reheat.nl\/fr\/#organization"},"potentialAction":[{"@type":"SearchAction","target":{"@type":"EntryPoint","urlTemplate":"https:\/\/www.reheat.nl\/fr\/?s={search_term_string}"},"query-input":{"@type":"PropertyValueSpecification","valueRequired":true,"valueName":"search_term_string"}}],"inLanguage":"fr-FR"},{"@type":"Organization","@id":"https:\/\/www.reheat.nl\/fr\/#organization","name":"ReHeat","url":"https:\/\/www.reheat.nl\/fr\/","logo":{"@type":"ImageObject","inLanguage":"fr-FR","@id":"https:\/\/www.reheat.nl\/fr\/#\/schema\/logo\/image\/","url":"https:\/\/www.reheat.nl\/wp-content\/uploads\/2017\/12\/ReHeat.png","contentUrl":"https:\/\/www.reheat.nl\/wp-content\/uploads\/2017\/12\/ReHeat.png","width":242,"height":67,"caption":"ReHeat"},"image":{"@id":"https:\/\/www.reheat.nl\/fr\/#\/schema\/logo\/image\/"},"sameAs":["https:\/\/www.facebook.com\/reheat","https:\/\/www.instagram.com\/reheatnl\/"]}]}},"_links":{"self":[{"href":"https:\/\/www.reheat.nl\/fr\/wp-json\/wp\/v2\/pages\/12476","targetHints":{"allow":["GET"]}}],"collection":[{"href":"https:\/\/www.reheat.nl\/fr\/wp-json\/wp\/v2\/pages"}],"about":[{"href":"https:\/\/www.reheat.nl\/fr\/wp-json\/wp\/v2\/types\/page"}],"author":[{"embeddable":true,"href":"https:\/\/www.reheat.nl\/fr\/wp-json\/wp\/v2\/users\/2"}],"replies":[{"embeddable":true,"href":"https:\/\/www.reheat.nl\/fr\/wp-json\/wp\/v2\/comments?post=12476"}],"version-history":[{"count":1,"href":"https:\/\/www.reheat.nl\/fr\/wp-json\/wp\/v2\/pages\/12476\/revisions"}],"predecessor-version":[{"id":12723,"href":"https:\/\/www.reheat.nl\/fr\/wp-json\/wp\/v2\/pages\/12476\/revisions\/12723"}],"wp:attachment":[{"href":"https:\/\/www.reheat.nl\/fr\/wp-json\/wp\/v2\/media?parent=12476"}],"curies":[{"name":"wp","href":"https:\/\/api.w.org\/{rel}","templated":true}]}}