{"id":12598,"date":"2023-06-09T10:27:39","date_gmt":"2023-06-09T10:27:39","guid":{"rendered":"https:\/\/www.reheat.nl\/chauffe-eau-solaire\/"},"modified":"2025-03-06T08:51:59","modified_gmt":"2025-03-06T07:51:59","slug":"chauffe-eau-solaire","status":"publish","type":"page","link":"https:\/\/www.reheat.nl\/fr\/chauffe-eau-solaire\/","title":{"rendered":"Chauffe-eau solaire"},"content":{"rendered":"<div data-label=\"Features\" data-id=\"features-square-image-section-1\" data-category=\"features\" class=\"features-square-image-section features-square-image-section-1\" id=\"features-1\" style=\"background-color: rgb(246, 246, 246); background-image: url(\"https:\/\/www.reheat.nl\/wp-content\/uploads\/2018\/01\/0271-scaled.jpg\"); background-size: cover; background-position: center top;\" data-ovid=\"ovid-features-1-228\"> <div class=\"gridContainer dynamic-color\"> <div class=\"features-square-image-textrow\"> <div class=\"features-square-image-textcol\" data-type=\"column\">   <\/div> <\/div> <div class=\"features-square-image-innerrow\" data-type=\"row\"> <div class=\"features-square-image-featcol cp6cols-tablet cp6cols\"><h1 class=\"\"><span style=\"font-weight: 900;\">Packages de chaudi\u00e8res solaires<\/span><span id=\"_mce_caret\" data-mce-bogus=\"1\" data-mce-type=\"format-caret\"><span style=\"font-weight: 900;\"><\/span><\/span><\/h1><p class=\"\">Si vous souhaitez une chaudi\u00e8re solaire qui fournisse une bonne base d&#8217;eau chaude, la formule Economy est le bon choix. Si vous souhaitez profiter de l&#8217;eau chaude d&#8217;un chauffe-eau solaire aussi t\u00f4t que possible au printemps et aussi tard que possible \u00e0 l&#8217;automne, un forfait premium est le choix id\u00e9al. L&#8217;offre premium comprend des collecteurs de chaleur suppl\u00e9mentaires. Ceux-ci peuvent amener le r\u00e9cipient de stockage \u00e0 temp\u00e9rature m\u00eame pendant les jours o\u00f9 la lumi\u00e8re du jour est faible. Avec une formule premium, vous prolongez la saison du chauffe-eau solaire chaque ann\u00e9e.<\/p><p class=\"\">Les chauffe-eau solaires Economy offrent un rapport qualit\u00e9-prix optimal. La capacit\u00e9 des capteurs solaires \u00e0 caloducs est r\u00e9gl\u00e9e de mani\u00e8re \u00e9conomique pour assurer un chauffage maximal du contenu de la chaudi\u00e8re pendant les mois d&#8217;\u00e9t\u00e9. Au d\u00e9but du printemps et de l&#8217;automne, le syst\u00e8me de chauffage de l&#8217;eau domestique existant se met automatiquement en marche pour atteindre la temp\u00e9rature souhait\u00e9e. Avec le contr\u00f4le de base, vous pouvez facilement lire le rendement.<\/p><img decoding=\"async\" class=\"features-square-image-featimg\" src=\"https:\/\/www.reheat.nl\/wp-content\/uploads\/2024\/03\/Zonneboiler_Economy.jpg\" alt=\"\">    <p class=\"\">Les chauffe-eau solaires haut de gamme ont une capacit\u00e9 de capteurs solaires plus large que la version \u00e9conomique. Cela permet d&#8217;avancer et de prolonger la saison o\u00f9 l&#8217;on peut profiter d&#8217;une d\u00e9licieuse eau chaude au robinet sans avoir \u00e0 allumer le chauffe-eau existant. Cela permet d&#8217;\u00e9conomiser encore plus sur les co\u00fbts \u00e9nerg\u00e9tiques. De plus, gr\u00e2ce \u00e0 la grande capacit\u00e9 du collecteur du caloduc, le r\u00e9servoir de la chaudi\u00e8re est mis en temp\u00e9rature plus rapidement. En outre, la commande compl\u00e8te incluse offre la possibilit\u00e9 d&#8217;enregistrer des donn\u00e9es.<\/p><img decoding=\"async\" class=\"custom-image\" src=\"https:\/\/www.reheat.nl\/wp-content\/uploads\/2024\/03\/Zonneboiler_Premium.jpg\" alt=\"\"><\/div>  <div class=\"features-square-image-featcol cp6cols-tablet cp6cols\">   <h3 class=\"\">Devis gratuit ?<\/h3><p class=\"\">Compl\u00e9tez les d\u00e9tails qui vous concernent et nous vous proposerons une recommandation sp\u00e9cifique.<\/p><div data-editable=\"true\" data-name=\"ope-custom-content-shortcode\" data-content-shortcode=\"wpforms id=\"13959\"\" class=\"\" style=\"position: relative; left: 0px; top: 0px;\"><div class=\"wpforms-container wpforms-container-full\" id=\"wpforms-13959\"><form id=\"wpforms-form-13959\" class=\"wpforms-validate wpforms-form wpforms-ajax-form\" data-formid=\"13959\" method=\"post\" enctype=\"multipart\/form-data\" action=\"\/fr\/wp-json\/wp\/v2\/pages\/12598\" data-token=\"ee8b7c16b39d6de78ae344624274b392\" data-token-time=\"1776581040\"><noscript class=\"wpforms-error-noscript\">Veuillez activer JavaScript dans votre navigateur pour remplir ce formulaire.<\/noscript><div class=\"wpforms-field-container\"><div id=\"wpforms-13959-field_4-container\" class=\"wpforms-field wpforms-field-select wpforms-field-select-style-classic\" data-field-id=\"4\"><label class=\"wpforms-field-label\" for=\"wpforms-13959-field_4\">Uit hoeveel personen bestaat uw huishouden <span class=\"wpforms-required-label\">*<\/span><\/label><select id=\"wpforms-13959-field_4\" class=\"wpforms-field-large wpforms-field-required\" name=\"wpforms[fields][4]\" required=\"required\"><option value=\"2\"  class=\"choice-8 depth-1\"  >2<\/option><option value=\"3\"  class=\"choice-3 depth-1\"  >3<\/option><option value=\"4\"  class=\"choice-4 depth-1\"  >4<\/option><option value=\"5\"  class=\"choice-6 depth-1\"  >5<\/option><option value=\"6\"  class=\"choice-7 depth-1\"  >6<\/option><option value=\"Meer dan 6\"  class=\"choice-5 depth-1\"  >Meer dan 6<\/option><\/select><\/div><div id=\"wpforms-13959-field_0-container\" class=\"wpforms-field wpforms-field-name\" data-field-id=\"0\"><label class=\"wpforms-field-label\" for=\"wpforms-13959-field_0\">Naam <span class=\"wpforms-required-label\">*<\/span><\/label><input type=\"text\" id=\"wpforms-13959-field_0\" class=\"wpforms-field-large wpforms-field-required\" name=\"wpforms[fields][0]\" required><\/div><div id=\"wpforms-13959-field_1-container\" class=\"wpforms-field wpforms-field-email\" data-field-id=\"1\"><label class=\"wpforms-field-label\" for=\"wpforms-13959-field_1\">E-mail <span class=\"wpforms-required-label\">*<\/span><\/label><input type=\"email\" id=\"wpforms-13959-field_1\" class=\"wpforms-field-large wpforms-field-required\" name=\"wpforms[fields][1]\" spellcheck=\"false\" required><\/div><div id=\"wpforms-13959-field_5-container\" class=\"wpforms-field wpforms-field-text\" data-field-id=\"5\"><label class=\"wpforms-field-label\" for=\"wpforms-13959-field_5\">Telefoonnummer <span class=\"wpforms-required-label\">*<\/span><\/label><input type=\"text\" id=\"wpforms-13959-field_5\" class=\"wpforms-field-large wpforms-field-required\" name=\"wpforms[fields][5]\" required><\/div><div id=\"wpforms-13959-field_2-container\" class=\"wpforms-field wpforms-field-textarea\" data-field-id=\"2\"><label class=\"wpforms-field-label\" for=\"wpforms-13959-field_2\">Reactie of bericht<\/label><textarea id=\"wpforms-13959-field_2\" class=\"wpforms-field-medium\" name=\"wpforms[fields][2]\" ><\/textarea><\/div><\/div><!-- .wpforms-field-container --><div class=\"wpforms-submit-container\" ><input type=\"hidden\" name=\"wpforms[id]\" value=\"13959\"><input type=\"hidden\" name=\"page_title\" value=\"\"><input type=\"hidden\" name=\"page_url\" value=\"https:\/\/www.reheat.nl\/fr\/wp-json\/wp\/v2\/pages\/12598\"><input type=\"hidden\" name=\"url_referer\" value=\"\"><button type=\"submit\" name=\"wpforms[submit]\" id=\"wpforms-submit-13959\" class=\"wpforms-submit\" data-alt-text=\"Verzenden...\" data-submit-text=\"Verzend\" aria-live=\"assertive\" value=\"wpforms-submit\">Verzend<\/button><img loading=\"lazy\" decoding=\"async\" src=\"https:\/\/www.reheat.nl\/wp-content\/plugins\/wpforms-lite\/assets\/images\/submit-spin.svg\" class=\"wpforms-submit-spinner\" style=\"display: none;\" width=\"26\" height=\"26\" alt=\"Chargement en cours\"><\/div><\/form><\/div>  <!-- .wpforms-container --><\/div><p class=\"\">T\u00e9l\u00e9chargez la brochure de la chaudi\u00e8re solaire ou de la thermor\u00e9gulation avec toutes les informations ci-dessous.<\/p><a class=\"button color2\" href=\"https:\/\/www.reheat.nl\/wp-content\/uploads\/2025\/03\/2024-03_Zonneboiler_scroll.pdf\" target=\"_self\" data-icon=\"fa-download\" rel=\"noopener\"><span class=\"button-icon fa fa-download\"><\/span>Chauffe-eau solaire<\/a><a class=\"button color1\" href=\"https:\/\/www.reheat.nl\/wp-content\/uploads\/2023\/07\/ReHeat_Flyer-TC-HeatPipe.pdf\" target=\"_self\" data-icon=\"fa-download\" rel=\"noopener\"><span class=\"button-icon fa fa-download\"><\/span>Temp\u00e9rature contr\u00f4l\u00e9e<\/a><\/div> <\/div> <\/div><\/div><div data-label=\"Features\" data-id=\"features-square-image-section-2\" data-category=\"features\" class=\"features-square-image-section features-square-image-section-2\" id=\"features-2\" style=\"background-color: rgb(255, 255, 255); background-image: none;\" data-ovid=\"ovid-features-2-11452\"> <div class=\"gridContainer dynamic-color\"> <div class=\"features-square-image-textrow\"> <div class=\"features-square-image-textcol\" data-type=\"column\">   <img decoding=\"async\" class=\"custom-image\" src=\"https:\/\/www.reheat.nl\/wp-content\/uploads\/2023\/06\/keurmerken.jpg\" alt=\"\"><p class=\"\">Nos syst\u00e8mes de chauffage solaire de l&#8217;eau r\u00e9pondent aux normes de s\u00e9curit\u00e9 et de qualit\u00e9 les plus strictes.<\/p><\/div> <\/div> <div class=\"features-square-image-innerrow\" data-type=\"row\">   <div class=\"features-square-image-featcol cp6cols-tablet cp12cols\">   <\/div> <\/div> <\/div><\/div>","protected":false},"excerpt":{"rendered":"<p>Packages de chaudi\u00e8res solairesSi vous souhaitez une chaudi\u00e8re solaire qui fournisse une bonne base d&#8217;eau chaude, la formule Economy est le bon choix. Si vous souhaitez profiter de l&#8217;eau chaude d&#8217;un chauffe-eau solaire aussi t\u00f4t que possible au printemps et aussi tard que possible \u00e0 l&#8217;automne, un forfait premium est le choix id\u00e9al. L&#8217;offre premium&hellip; <br \/> <a class=\"button small blue\" href=\"https:\/\/www.reheat.nl\/fr\/lefficacite-en-action-avec-les-collecteurs-solaires-prefabriques-nous-faisons-des-metres\/\">Lire la suite<\/a><\/p>\n","protected":false},"author":2,"featured_media":0,"parent":0,"menu_order":0,"comment_status":"closed","ping_status":"closed","template":"page-with-small-header.php","meta":{"footnotes":""},"class_list":["post-12598","page","type-page","status-publish","hentry"],"yoast_head":"<!-- This site is optimized with the Yoast SEO Premium plugin v25.0 (Yoast SEO v26.2) - https:\/\/yoast.com\/wordpress\/plugins\/seo\/ -->\n<title>Chauffe-eau solaire - ReHeat<\/title>\n<meta name=\"description\" content=\"D\u00e9couvrez comment les chauffe-eau solaires peuvent vous aider \u00e0 r\u00e9duire votre consommation d&#039;\u00e9nergie et \u00e0 faire des \u00e9conomies. Pour en savoir plus sur le fonctionnement des chauffe-eau solaires, leurs avantages et les possibilit\u00e9s d&#039;installation, consultez notre site web. Investissez dans des solutions d&#039;\u00e9nergie renouvelable et profitez d&#039;un moyen \u00e9cologique et rentable de produire de l&#039;eau chaude gr\u00e2ce aux chauffe-eau solaires.\" \/>\n<meta name=\"robots\" content=\"index, follow, max-snippet:-1, max-image-preview:large, max-video-preview:-1\" \/>\n<link rel=\"canonical\" href=\"https:\/\/www.reheat.nl\/fr\/chauffe-eau-solaire\/\" \/>\n<meta property=\"og:locale\" content=\"fr_FR\" \/>\n<meta property=\"og:type\" content=\"article\" \/>\n<meta property=\"og:title\" content=\"Chauffe-eau solaire\" \/>\n<meta property=\"og:description\" content=\"D\u00e9couvrez comment les chauffe-eau solaires peuvent vous aider \u00e0 r\u00e9duire votre consommation d&#039;\u00e9nergie et \u00e0 faire des \u00e9conomies. Pour en savoir plus sur le fonctionnement des chauffe-eau solaires, leurs avantages et les possibilit\u00e9s d&#039;installation, consultez notre site web. Investissez dans des solutions d&#039;\u00e9nergie renouvelable et profitez d&#039;un moyen \u00e9cologique et rentable de produire de l&#039;eau chaude gr\u00e2ce aux chauffe-eau solaires.\" \/>\n<meta property=\"og:url\" content=\"https:\/\/www.reheat.nl\/fr\/chauffe-eau-solaire\/\" \/>\n<meta property=\"og:site_name\" content=\"ReHeat\" \/>\n<meta property=\"article:publisher\" content=\"https:\/\/www.facebook.com\/reheat\" \/>\n<meta property=\"article:modified_time\" content=\"2025-03-06T07:51:59+00:00\" \/>\n<meta property=\"og:image\" content=\"https:\/\/www.reheat.nl\/wp-content\/uploads\/2024\/03\/Zonneboiler_Economy.jpg\" \/>\n<meta name=\"twitter:card\" content=\"summary_large_image\" \/>\n<meta name=\"twitter:label1\" content=\"Dur\u00e9e de lecture estim\u00e9e\" \/>\n\t<meta name=\"twitter:data1\" content=\"2 minutes\" \/>\n<script type=\"application\/ld+json\" class=\"yoast-schema-graph\">{\"@context\":\"https:\/\/schema.org\",\"@graph\":[{\"@type\":\"WebPage\",\"@id\":\"https:\/\/www.reheat.nl\/fr\/chauffe-eau-solaire\/\",\"url\":\"https:\/\/www.reheat.nl\/fr\/chauffe-eau-solaire\/\",\"name\":\"Chauffe-eau solaire - ReHeat\",\"isPartOf\":{\"@id\":\"https:\/\/www.reheat.nl\/fr\/#website\"},\"primaryImageOfPage\":{\"@id\":\"https:\/\/www.reheat.nl\/fr\/chauffe-eau-solaire\/#primaryimage\"},\"image\":{\"@id\":\"https:\/\/www.reheat.nl\/fr\/chauffe-eau-solaire\/#primaryimage\"},\"thumbnailUrl\":\"https:\/\/www.reheat.nl\/wp-content\/uploads\/2024\/03\/Zonneboiler_Economy.jpg\",\"datePublished\":\"2023-06-09T10:27:39+00:00\",\"dateModified\":\"2025-03-06T07:51:59+00:00\",\"description\":\"D\u00e9couvrez comment les chauffe-eau solaires peuvent vous aider \u00e0 r\u00e9duire votre consommation d'\u00e9nergie et \u00e0 faire des \u00e9conomies. Pour en savoir plus sur le fonctionnement des chauffe-eau solaires, leurs avantages et les possibilit\u00e9s d'installation, consultez notre site web. Investissez dans des solutions d'\u00e9nergie renouvelable et profitez d'un moyen \u00e9cologique et rentable de produire de l'eau chaude gr\u00e2ce aux chauffe-eau solaires.\",\"breadcrumb\":{\"@id\":\"https:\/\/www.reheat.nl\/fr\/chauffe-eau-solaire\/#breadcrumb\"},\"inLanguage\":\"fr-FR\",\"potentialAction\":[{\"@type\":\"ReadAction\",\"target\":[\"https:\/\/www.reheat.nl\/fr\/chauffe-eau-solaire\/\"]}]},{\"@type\":\"ImageObject\",\"inLanguage\":\"fr-FR\",\"@id\":\"https:\/\/www.reheat.nl\/fr\/chauffe-eau-solaire\/#primaryimage\",\"url\":\"https:\/\/www.reheat.nl\/wp-content\/uploads\/2024\/03\/Zonneboiler_Economy.jpg\",\"contentUrl\":\"https:\/\/www.reheat.nl\/wp-content\/uploads\/2024\/03\/Zonneboiler_Economy.jpg\"},{\"@type\":\"BreadcrumbList\",\"@id\":\"https:\/\/www.reheat.nl\/fr\/chauffe-eau-solaire\/#breadcrumb\",\"itemListElement\":[{\"@type\":\"ListItem\",\"position\":1,\"name\":\"Home\",\"item\":\"https:\/\/www.reheat.nl\/fr\/\"},{\"@type\":\"ListItem\",\"position\":2,\"name\":\"Chauffe-eau solaire\"}]},{\"@type\":\"WebSite\",\"@id\":\"https:\/\/www.reheat.nl\/fr\/#website\",\"url\":\"https:\/\/www.reheat.nl\/fr\/\",\"name\":\"ReHeat\",\"description\":\"Heetwatersystemen\",\"publisher\":{\"@id\":\"https:\/\/www.reheat.nl\/fr\/#organization\"},\"potentialAction\":[{\"@type\":\"SearchAction\",\"target\":{\"@type\":\"EntryPoint\",\"urlTemplate\":\"https:\/\/www.reheat.nl\/fr\/?s={search_term_string}\"},\"query-input\":{\"@type\":\"PropertyValueSpecification\",\"valueRequired\":true,\"valueName\":\"search_term_string\"}}],\"inLanguage\":\"fr-FR\"},{\"@type\":\"Organization\",\"@id\":\"https:\/\/www.reheat.nl\/fr\/#organization\",\"name\":\"ReHeat\",\"url\":\"https:\/\/www.reheat.nl\/fr\/\",\"logo\":{\"@type\":\"ImageObject\",\"inLanguage\":\"fr-FR\",\"@id\":\"https:\/\/www.reheat.nl\/fr\/#\/schema\/logo\/image\/\",\"url\":\"https:\/\/www.reheat.nl\/wp-content\/uploads\/2017\/12\/ReHeat.png\",\"contentUrl\":\"https:\/\/www.reheat.nl\/wp-content\/uploads\/2017\/12\/ReHeat.png\",\"width\":242,\"height\":67,\"caption\":\"ReHeat\"},\"image\":{\"@id\":\"https:\/\/www.reheat.nl\/fr\/#\/schema\/logo\/image\/\"},\"sameAs\":[\"https:\/\/www.facebook.com\/reheat\",\"https:\/\/www.instagram.com\/reheatnl\/\"]}]}<\/script>\n<!-- \/ Yoast SEO Premium plugin. -->","yoast_head_json":{"title":"Chauffe-eau solaire - ReHeat","description":"D\u00e9couvrez comment les chauffe-eau solaires peuvent vous aider \u00e0 r\u00e9duire votre consommation d'\u00e9nergie et \u00e0 faire des \u00e9conomies. Pour en savoir plus sur le fonctionnement des chauffe-eau solaires, leurs avantages et les possibilit\u00e9s d'installation, consultez notre site web. Investissez dans des solutions d'\u00e9nergie renouvelable et profitez d'un moyen \u00e9cologique et rentable de produire de l'eau chaude gr\u00e2ce aux chauffe-eau solaires.","robots":{"index":"index","follow":"follow","max-snippet":"max-snippet:-1","max-image-preview":"max-image-preview:large","max-video-preview":"max-video-preview:-1"},"canonical":"https:\/\/www.reheat.nl\/fr\/chauffe-eau-solaire\/","og_locale":"fr_FR","og_type":"article","og_title":"Chauffe-eau solaire","og_description":"D\u00e9couvrez comment les chauffe-eau solaires peuvent vous aider \u00e0 r\u00e9duire votre consommation d'\u00e9nergie et \u00e0 faire des \u00e9conomies. Pour en savoir plus sur le fonctionnement des chauffe-eau solaires, leurs avantages et les possibilit\u00e9s d'installation, consultez notre site web. Investissez dans des solutions d'\u00e9nergie renouvelable et profitez d'un moyen \u00e9cologique et rentable de produire de l'eau chaude gr\u00e2ce aux chauffe-eau solaires.","og_url":"https:\/\/www.reheat.nl\/fr\/chauffe-eau-solaire\/","og_site_name":"ReHeat","article_publisher":"https:\/\/www.facebook.com\/reheat","article_modified_time":"2025-03-06T07:51:59+00:00","og_image":[{"url":"https:\/\/www.reheat.nl\/wp-content\/uploads\/2024\/03\/Zonneboiler_Economy.jpg","type":"","width":"","height":""}],"twitter_card":"summary_large_image","twitter_misc":{"Dur\u00e9e de lecture estim\u00e9e":"2 minutes"},"schema":{"@context":"https:\/\/schema.org","@graph":[{"@type":"WebPage","@id":"https:\/\/www.reheat.nl\/fr\/chauffe-eau-solaire\/","url":"https:\/\/www.reheat.nl\/fr\/chauffe-eau-solaire\/","name":"Chauffe-eau solaire - ReHeat","isPartOf":{"@id":"https:\/\/www.reheat.nl\/fr\/#website"},"primaryImageOfPage":{"@id":"https:\/\/www.reheat.nl\/fr\/chauffe-eau-solaire\/#primaryimage"},"image":{"@id":"https:\/\/www.reheat.nl\/fr\/chauffe-eau-solaire\/#primaryimage"},"thumbnailUrl":"https:\/\/www.reheat.nl\/wp-content\/uploads\/2024\/03\/Zonneboiler_Economy.jpg","datePublished":"2023-06-09T10:27:39+00:00","dateModified":"2025-03-06T07:51:59+00:00","description":"D\u00e9couvrez comment les chauffe-eau solaires peuvent vous aider \u00e0 r\u00e9duire votre consommation d'\u00e9nergie et \u00e0 faire des \u00e9conomies. Pour en savoir plus sur le fonctionnement des chauffe-eau solaires, leurs avantages et les possibilit\u00e9s d'installation, consultez notre site web. Investissez dans des solutions d'\u00e9nergie renouvelable et profitez d'un moyen \u00e9cologique et rentable de produire de l'eau chaude gr\u00e2ce aux chauffe-eau solaires.","breadcrumb":{"@id":"https:\/\/www.reheat.nl\/fr\/chauffe-eau-solaire\/#breadcrumb"},"inLanguage":"fr-FR","potentialAction":[{"@type":"ReadAction","target":["https:\/\/www.reheat.nl\/fr\/chauffe-eau-solaire\/"]}]},{"@type":"ImageObject","inLanguage":"fr-FR","@id":"https:\/\/www.reheat.nl\/fr\/chauffe-eau-solaire\/#primaryimage","url":"https:\/\/www.reheat.nl\/wp-content\/uploads\/2024\/03\/Zonneboiler_Economy.jpg","contentUrl":"https:\/\/www.reheat.nl\/wp-content\/uploads\/2024\/03\/Zonneboiler_Economy.jpg"},{"@type":"BreadcrumbList","@id":"https:\/\/www.reheat.nl\/fr\/chauffe-eau-solaire\/#breadcrumb","itemListElement":[{"@type":"ListItem","position":1,"name":"Home","item":"https:\/\/www.reheat.nl\/fr\/"},{"@type":"ListItem","position":2,"name":"Chauffe-eau solaire"}]},{"@type":"WebSite","@id":"https:\/\/www.reheat.nl\/fr\/#website","url":"https:\/\/www.reheat.nl\/fr\/","name":"ReHeat","description":"Heetwatersystemen","publisher":{"@id":"https:\/\/www.reheat.nl\/fr\/#organization"},"potentialAction":[{"@type":"SearchAction","target":{"@type":"EntryPoint","urlTemplate":"https:\/\/www.reheat.nl\/fr\/?s={search_term_string}"},"query-input":{"@type":"PropertyValueSpecification","valueRequired":true,"valueName":"search_term_string"}}],"inLanguage":"fr-FR"},{"@type":"Organization","@id":"https:\/\/www.reheat.nl\/fr\/#organization","name":"ReHeat","url":"https:\/\/www.reheat.nl\/fr\/","logo":{"@type":"ImageObject","inLanguage":"fr-FR","@id":"https:\/\/www.reheat.nl\/fr\/#\/schema\/logo\/image\/","url":"https:\/\/www.reheat.nl\/wp-content\/uploads\/2017\/12\/ReHeat.png","contentUrl":"https:\/\/www.reheat.nl\/wp-content\/uploads\/2017\/12\/ReHeat.png","width":242,"height":67,"caption":"ReHeat"},"image":{"@id":"https:\/\/www.reheat.nl\/fr\/#\/schema\/logo\/image\/"},"sameAs":["https:\/\/www.facebook.com\/reheat","https:\/\/www.instagram.com\/reheatnl\/"]}]}},"_links":{"self":[{"href":"https:\/\/www.reheat.nl\/fr\/wp-json\/wp\/v2\/pages\/12598","targetHints":{"allow":["GET"]}}],"collection":[{"href":"https:\/\/www.reheat.nl\/fr\/wp-json\/wp\/v2\/pages"}],"about":[{"href":"https:\/\/www.reheat.nl\/fr\/wp-json\/wp\/v2\/types\/page"}],"author":[{"embeddable":true,"href":"https:\/\/www.reheat.nl\/fr\/wp-json\/wp\/v2\/users\/2"}],"replies":[{"embeddable":true,"href":"https:\/\/www.reheat.nl\/fr\/wp-json\/wp\/v2\/comments?post=12598"}],"version-history":[{"count":18,"href":"https:\/\/www.reheat.nl\/fr\/wp-json\/wp\/v2\/pages\/12598\/revisions"}],"predecessor-version":[{"id":14698,"href":"https:\/\/www.reheat.nl\/fr\/wp-json\/wp\/v2\/pages\/12598\/revisions\/14698"}],"wp:attachment":[{"href":"https:\/\/www.reheat.nl\/fr\/wp-json\/wp\/v2\/media?parent=12598"}],"curies":[{"name":"wp","href":"https:\/\/api.w.org\/{rel}","templated":true}]}}