{"id":12763,"date":"2023-07-12T10:52:55","date_gmt":"2023-07-12T10:52:55","guid":{"rendered":"https:\/\/www.reheat.nl\/histoires-de-reussite\/"},"modified":"2024-07-08T16:12:19","modified_gmt":"2024-07-08T14:12:19","slug":"histoires-de-reussite","status":"publish","type":"page","link":"https:\/\/www.reheat.nl\/fr\/histoires-de-reussite\/","title":{"rendered":"Histoires de r\u00e9ussite"},"content":{"rendered":"<div data-label=\"Camping Schoneveld\" data-id=\"features-square-image-section-2\" data-category=\"features\" class=\"features-square-image-section features-square-image-section-2\" id=\"camping-schoneveld\" style=\"background-color: rgb(255, 255, 255); background-image: none;\" data-ovid=\"ovid-camping-schoneveld-115\"> <div class=\"gridContainer dynamic-color\"> <div class=\"features-square-image-textrow\"> <div class=\"features-square-image-textcol\" data-type=\"column\"> <h2 class=\"\">Camping Schoneveld<\/h2> <p class=\"\">Ruurlo, Gelderland<\/p> <\/div> <\/div> <div class=\"features-square-image-innerrow\" data-type=\"row\"> <div class=\"features-square-image-featcol cp6cols-tablet cp6cols\"> <h4 class=\"\">Un syst\u00e8me fiable qui s&#8217;amortit en un rien de temps !<\/h4><p class=\"\">W. Huitema, du camping Schoneveld \u00e0 Ruurlo, poss\u00e8de un FlexHeat avec Heatpipes dans sa ferme depuis 2021. C&#8217;est avec une grande satisfaction que je regarde le nombre de saisons que nous avons parcourues jusqu&#8217;\u00e0 pr\u00e9sent. Vous investissez dans un tel syst\u00e8me pour le long terme et, avant m\u00eame de vous en rendre compte, vous l&#8217;aurez r\u00e9cup\u00e9r\u00e9 gr\u00e2ce aux \u00e9normes \u00e9conomies r\u00e9alis\u00e9es.\n<br><br>En outre, ce que je souhaite \u00e9galement transmettre \u00e0 mes coll\u00e8gues, c&#8217;est la fiabilit\u00e9 du FlexHeat. Cette fiabilit\u00e9, combin\u00e9e \u00e0 des \u00e9conomies d&#8217;\u00e9nergie consid\u00e9rables, est une v\u00e9ritable am\u00e9lioration pour notre entreprise. En outre, les clients du camping voient que nous travaillons de mani\u00e8re durable avec les collecteurs Heatpipe, ce qui n&#8217;est pas n\u00e9gligeable !\n<br><br><span style=\"font-style: italic;\"><b>C&#8217;est avec une grande satisfaction que je regarde le nombre de saisons que nous avons parcourues jusqu&#8217;\u00e0 pr\u00e9sent.<\/b><\/span>\n<br><br>W. Huitema<br>\nwww.campingschoneveld.nl<\/p>   <img decoding=\"async\" class=\"custom-image\" src=\"https:\/\/www.reheat.nl\/wp-content\/uploads\/2024\/02\/Toiletgebouw-scaled.jpg\" alt=\"Camping Schoneveld bloc sanitaire\"><\/div> <div class=\"features-square-image-featcol cp6cols-tablet cp6cols\"><img decoding=\"async\" class=\"custom-image\" src=\"https:\/\/www.reheat.nl\/wp-content\/uploads\/2024\/02\/Entree-scaled.jpg\" alt=\"Entr\u00e9e du camping Schoneveld\">   <img decoding=\"async\" class=\"custom-image\" src=\"https:\/\/www.reheat.nl\/wp-content\/uploads\/2024\/02\/FlexHeat-scaled-e1707491197885.jpg\" alt=\"FlexHeat Camping Schoneveld\"><\/div>  <\/div> <\/div><\/div><div data-label=\"De Nesse\" data-id=\"features-square-image-section-5\" data-category=\"features\" class=\"features-square-image-section features-square-image-section-5\" id=\"de-nesse\" style=\"background-color: rgb(246, 246, 246); background-image: none;\" data-ovid=\"ovid-de-nesse-108\"> <div class=\"gridContainer dynamic-color\"> <div class=\"features-square-image-textrow\"> <div class=\"features-square-image-textcol\" data-type=\"column\"> <h2 class=\"\">Minicamping de Nesse<\/h2> <p class=\"\">Limmen (NH)<\/p> <\/div> <\/div> <div class=\"features-square-image-innerrow\" data-type=\"row\"> <div class=\"features-square-image-featcol cp6cols-tablet cp6cols\"><img decoding=\"async\" class=\"features-square-image-featimg\" src=\"https:\/\/www.reheat.nl\/wp-content\/uploads\/2023\/07\/DJI_0674-scaled.jpg\" alt=\"\">   <\/div><div class=\"features-square-image-featcol cp6cols-tablet cp6cols\"> <h4 class=\"\">Fiable<\/h4> <p class=\"\">Nous utilisons le syst\u00e8me FlexHeat de ReHeat depuis 4 saisons avec une enti\u00e8re satisfaction.<br>\nUne combinaison id\u00e9ale pour fournir de l&#8217;eau chaude aux toilettes de notre camping, et surtout pour \u00e9conomiser du gaz naturel.<br>\nPour savoir ce que nous \u00e9conomisons en gaz, nous avons install\u00e9 des compteurs interm\u00e9diaires. Nous pouvons vous dire qu&#8217;il s&#8217;agit d&#8217;\u00e9conomies importantes.<br>\nLe service est \u00e9galement primordial, que ce soit au t\u00e9l\u00e9phone ou en personne, vous serez aid\u00e9 rapidement et avec comp\u00e9tence.<\/p>  <\/div>   <\/div> <\/div><\/div><div data-label=\"Camping Woud\" data-id=\"features-square-image-section-6\" data-category=\"features\" class=\"features-square-image-section features-square-image-section-6\" id=\"camping-woud\" style=\"background-color: rgb(255, 255, 255);\"> <div class=\"gridContainer dynamic-color\"> <div class=\"features-square-image-textrow\"> <div class=\"features-square-image-textcol\" data-type=\"column\"> <h2 class=\"\">Camping Forest on Texel<\/h2>  <\/div> <\/div> <div class=\"features-square-image-innerrow\" data-type=\"row\"> <div class=\"features-square-image-featcol cp6cols-tablet cp4cols\"><img decoding=\"async\" class=\"features-square-image-featimg\" src=\"https:\/\/www.reheat.nl\/wp-content\/uploads\/2023\/07\/20230704_175659.jpg\" alt=\"\">    <\/div> <div class=\"features-square-image-featcol cp6cols-tablet cp4cols\">  <p class=\"\">CVI Installer on Texel a r\u00e9cemment install\u00e9 un syst\u00e8me de douche Flexheat avec des capteurs solaires \u00e0 caloducs au camping Woud sur Texel. Il chauffe l&#8217;eau sanitaire dans le b\u00e2timent des douches.<\/p><h4 class=\"\">Eau chauff\u00e9e par la lumi\u00e8re du jour<\/h4> <p class=\"\">Les h\u00f4tes b\u00e9n\u00e9ficient d&#8217;une eau chauff\u00e9e quotidiennement par la lumi\u00e8re du jour. Les jours o\u00f9 la demande d&#8217;eau de douche est plus importante, le syst\u00e8me flexheat est une solution de secours. Ainsi, il y a toujours suffisamment d&#8217;eau chaude pour la douche, ce qui permet d&#8217;utiliser au maximum une source d&#8217;\u00e9nergie gratuite.<\/p><\/div>  <div class=\"features-square-image-featcol cp6cols-tablet cp4cols\"><img decoding=\"async\" class=\"features-square-image-featimg\" src=\"https:\/\/www.reheat.nl\/wp-content\/uploads\/2023\/07\/20230705_162208.jpg\" alt=\"\">    <\/div><\/div> <\/div><\/div><div data-label=\"Zwembad Omme Zwaoi\" data-id=\"features-square-image-section-1\" data-category=\"features\" class=\"features-square-image-section features-square-image-section-1\" id=\"zwembad-omme-zwaoi\" style=\"background-color: rgb(246, 246, 246);\"> <div class=\"gridContainer dynamic-color\"> <div class=\"features-square-image-textrow\"> <div class=\"features-square-image-textcol\" data-type=\"column\"> <h2 class=\"\">Piscine de Valthermond,&nbsp;De Omme-Zwaoi<\/h2>  <\/div> <\/div> <div class=\"features-square-image-innerrow\" data-type=\"row\"> <div class=\"features-square-image-featcol cp6cols-tablet cp6cols\"><img decoding=\"async\" class=\"features-square-image-featimg\" src=\"https:\/\/www.reheat.nl\/wp-content\/uploads\/2018\/01\/Zwembad-Valthermond-met-dak-installatie.jpg\" alt=\"\">    <\/div>  <div class=\"features-square-image-featcol cp6cols-tablet cp6cols\"> <h4 class=\"\">Investir dans l&#8217;avenir<\/h4> <p class=\"\">&#8220;La piscine de Valthermond est g\u00e9r\u00e9e par des b\u00e9n\u00e9voles. Un g\u00e9n\u00e9reux sponsor a voulu couvrir la facture \u00e9nerg\u00e9tique d&#8217;une ann\u00e9e. Apr\u00e8s discussion, les b\u00e9n\u00e9voles ont d\u00e9cid\u00e9 d&#8217;investir cet argent dans un syst\u00e8me de ReHeat. L&#8217;eau de la piscine, les douches et la cantine sont d\u00e9sormais chauff\u00e9es par un FlexHeat et 480 tuyaux ReHeat.<\/p> <\/div> <\/div> <\/div><\/div><div data-label=\"Martini\" data-id=\"features-square-image-section-4\" data-category=\"features\" class=\"features-square-image-section features-square-image-section-4\" id=\"martini\" style=\"background-color: rgb(255, 255, 255);\"> <div class=\"gridContainer dynamic-color\"> <div class=\"features-square-image-textrow\"> <div class=\"features-square-image-textcol\" data-type=\"column\"> <h2 class=\"\">H\u00f4pital Martini de Groningue<\/h2>  <\/div> <\/div> <div class=\"features-square-image-innerrow\" data-type=\"row\"> <div class=\"features-square-image-featcol cp6cols-tablet cp4cols\"><img decoding=\"async\" class=\"features-square-image-featimg\" src=\"https:\/\/www.reheat.nl\/wp-content\/uploads\/2019\/12\/ReHeat_Martini_Groningen.jpg\" alt=\"\">    <\/div> <div class=\"features-square-image-featcol cp6cols-tablet cp4cols\">  <p class=\"\">Cette premi\u00e8re phase consiste en 12 rampes de caloducs CPC Resolar qui chauffent 3 cuves de chaudi\u00e8re en acier inoxydable de 1 000 litres chacune.<\/p> <h4 class=\"\">Durabilit\u00e9<\/h4><p class=\"\">L&#8217;h\u00f4pital Martini de Groningue l&#8217;utilisera pour chauffer l&#8217;eau des douches, prenant ainsi des mesures importantes pour un avenir durable. L&#8217;ensemble du syst\u00e8me sera install\u00e9 sur quatre toits diff\u00e9rents et pourra chauffer un total de 27 000 litres d&#8217;eau.<\/p><\/div>  <div class=\"features-square-image-featcol cp6cols-tablet cp4cols\"><img decoding=\"async\" class=\"features-square-image-featimg\" src=\"https:\/\/www.reheat.nl\/wp-content\/uploads\/2019\/12\/ReHeat-Web.mp4\" alt=\"\">    <\/div><\/div> <\/div><\/div><div data-label=\"Sportpark de Braak\" data-id=\"features-square-image-section-3\" data-category=\"features\" class=\"features-square-image-section features-square-image-section-3\" id=\"sportpark-de-braak\" style=\"background-color: rgb(246, 246, 246);\"> <div class=\"gridContainer dynamic-color\"> <div class=\"features-square-image-textrow\"> <div class=\"features-square-image-textcol\" data-type=\"column\"> <h2 class=\"\">Parc des sports De Braak<\/h2> <p class=\"\">VECHEL<\/p> <\/div> <\/div> <div class=\"features-square-image-innerrow\" data-type=\"row\"> <div class=\"features-square-image-featcol cp6cols-tablet cp6cols\"><img decoding=\"async\" class=\"features-square-image-featimg\" src=\"https:\/\/www.reheat.nl\/wp-content\/uploads\/2018\/01\/cropped-Sportveld.jpg\" alt=\"\">    <\/div> <div class=\"features-square-image-featcol cp6cols-tablet cp6cols\"> <h4 class=\"\">Douche avec eau chaude &#8220;gratuite<\/h4> <p class=\"\">&#8220;Le FlexHeat, associ\u00e9 \u00e0 des HeatPipes robustes, qui peuvent \u00eatre mis \u00e0 rude \u00e9preuve, permet de chauffer les douches et la cantine sportive. L&#8217;eau est chauff\u00e9e pendant la journ\u00e9e et, en fin d&#8217;apr\u00e8s-midi et le soir, les douches peuvent \u00eatre prises avec de l&#8217;eau chauff\u00e9e par le soleil. Gr\u00e2ce \u00e0 la combinaison avec un post-chauffage FlexHeat, plus personne ne reste sous une douche froide&#8221;.<\/p> <\/div>  <\/div> <\/div><\/div>","protected":false},"excerpt":{"rendered":"<p>Camping Schoneveld Ruurlo, Gelderland Un syst\u00e8me fiable qui s&#8217;amortit en un rien de temps !W. Huitema, du camping Schoneveld \u00e0 Ruurlo, poss\u00e8de un FlexHeat avec Heatpipes dans sa ferme depuis 2021. C&#8217;est avec une grande satisfaction que je regarde le nombre de saisons que nous avons parcourues jusqu&#8217;\u00e0 pr\u00e9sent. Vous investissez dans un tel syst\u00e8me&hellip; <br \/> <a class=\"button small blue\" href=\"https:\/\/www.reheat.nl\/fr\/lefficacite-en-action-avec-les-collecteurs-solaires-prefabriques-nous-faisons-des-metres\/\">Lire la suite<\/a><\/p>\n","protected":false},"author":2,"featured_media":0,"parent":0,"menu_order":0,"comment_status":"closed","ping_status":"closed","template":"page-with-small-header.php","meta":{"footnotes":""},"class_list":["post-12763","page","type-page","status-publish","hentry"],"yoast_head":"<!-- This site is optimized with the Yoast SEO Premium plugin v25.0 (Yoast SEO v26.2) - https:\/\/yoast.com\/wordpress\/plugins\/seo\/ -->\n<title>Histoires de r\u00e9ussite - ReHeat<\/title>\n<meta name=\"robots\" content=\"index, follow, max-snippet:-1, max-image-preview:large, max-video-preview:-1\" \/>\n<link rel=\"canonical\" href=\"https:\/\/www.reheat.nl\/fr\/histoires-de-reussite\/\" \/>\n<meta property=\"og:locale\" content=\"fr_FR\" \/>\n<meta property=\"og:type\" content=\"article\" \/>\n<meta property=\"og:title\" content=\"Histoires de r\u00e9ussite\" \/>\n<meta property=\"og:description\" content=\"Camping Schoneveld Ruurlo, Gelderland Un syst\u00e8me fiable qui s&#8217;amortit en un rien de temps !W. Huitema, du camping Schoneveld \u00e0 Ruurlo, poss\u00e8de un FlexHeat avec Heatpipes dans sa ferme depuis 2021. C&#8217;est avec une grande satisfaction que je regarde le nombre de saisons que nous avons parcourues jusqu&#8217;\u00e0 pr\u00e9sent. Vous investissez dans un tel syst\u00e8me&hellip; Lire la suite\" \/>\n<meta property=\"og:url\" content=\"https:\/\/www.reheat.nl\/fr\/histoires-de-reussite\/\" \/>\n<meta property=\"og:site_name\" content=\"ReHeat\" \/>\n<meta property=\"article:publisher\" content=\"https:\/\/www.facebook.com\/reheat\" \/>\n<meta property=\"article:modified_time\" content=\"2024-07-08T14:12:19+00:00\" \/>\n<meta property=\"og:image\" content=\"https:\/\/www.reheat.nl\/wp-content\/uploads\/2024\/02\/Toiletgebouw-scaled.jpg\" \/>\n<meta name=\"twitter:card\" content=\"summary_large_image\" \/>\n<meta name=\"twitter:label1\" content=\"Dur\u00e9e de lecture estim\u00e9e\" \/>\n\t<meta name=\"twitter:data1\" content=\"3 minutes\" \/>\n<script type=\"application\/ld+json\" class=\"yoast-schema-graph\">{\"@context\":\"https:\/\/schema.org\",\"@graph\":[{\"@type\":\"WebPage\",\"@id\":\"https:\/\/www.reheat.nl\/fr\/histoires-de-reussite\/\",\"url\":\"https:\/\/www.reheat.nl\/fr\/histoires-de-reussite\/\",\"name\":\"Histoires de r\u00e9ussite - ReHeat\",\"isPartOf\":{\"@id\":\"https:\/\/www.reheat.nl\/fr\/#website\"},\"primaryImageOfPage\":{\"@id\":\"https:\/\/www.reheat.nl\/fr\/histoires-de-reussite\/#primaryimage\"},\"image\":{\"@id\":\"https:\/\/www.reheat.nl\/fr\/histoires-de-reussite\/#primaryimage\"},\"thumbnailUrl\":\"https:\/\/www.reheat.nl\/wp-content\/uploads\/2024\/02\/Toiletgebouw-scaled.jpg\",\"datePublished\":\"2023-07-12T10:52:55+00:00\",\"dateModified\":\"2024-07-08T14:12:19+00:00\",\"breadcrumb\":{\"@id\":\"https:\/\/www.reheat.nl\/fr\/histoires-de-reussite\/#breadcrumb\"},\"inLanguage\":\"fr-FR\",\"potentialAction\":[{\"@type\":\"ReadAction\",\"target\":[\"https:\/\/www.reheat.nl\/fr\/histoires-de-reussite\/\"]}]},{\"@type\":\"ImageObject\",\"inLanguage\":\"fr-FR\",\"@id\":\"https:\/\/www.reheat.nl\/fr\/histoires-de-reussite\/#primaryimage\",\"url\":\"https:\/\/www.reheat.nl\/wp-content\/uploads\/2024\/02\/Toiletgebouw-scaled.jpg\",\"contentUrl\":\"https:\/\/www.reheat.nl\/wp-content\/uploads\/2024\/02\/Toiletgebouw-scaled.jpg\"},{\"@type\":\"BreadcrumbList\",\"@id\":\"https:\/\/www.reheat.nl\/fr\/histoires-de-reussite\/#breadcrumb\",\"itemListElement\":[{\"@type\":\"ListItem\",\"position\":1,\"name\":\"Home\",\"item\":\"https:\/\/www.reheat.nl\/fr\/\"},{\"@type\":\"ListItem\",\"position\":2,\"name\":\"Histoires de r\u00e9ussite\"}]},{\"@type\":\"WebSite\",\"@id\":\"https:\/\/www.reheat.nl\/fr\/#website\",\"url\":\"https:\/\/www.reheat.nl\/fr\/\",\"name\":\"ReHeat\",\"description\":\"Heetwatersystemen\",\"publisher\":{\"@id\":\"https:\/\/www.reheat.nl\/fr\/#organization\"},\"potentialAction\":[{\"@type\":\"SearchAction\",\"target\":{\"@type\":\"EntryPoint\",\"urlTemplate\":\"https:\/\/www.reheat.nl\/fr\/?s={search_term_string}\"},\"query-input\":{\"@type\":\"PropertyValueSpecification\",\"valueRequired\":true,\"valueName\":\"search_term_string\"}}],\"inLanguage\":\"fr-FR\"},{\"@type\":\"Organization\",\"@id\":\"https:\/\/www.reheat.nl\/fr\/#organization\",\"name\":\"ReHeat\",\"url\":\"https:\/\/www.reheat.nl\/fr\/\",\"logo\":{\"@type\":\"ImageObject\",\"inLanguage\":\"fr-FR\",\"@id\":\"https:\/\/www.reheat.nl\/fr\/#\/schema\/logo\/image\/\",\"url\":\"https:\/\/www.reheat.nl\/wp-content\/uploads\/2017\/12\/ReHeat.png\",\"contentUrl\":\"https:\/\/www.reheat.nl\/wp-content\/uploads\/2017\/12\/ReHeat.png\",\"width\":242,\"height\":67,\"caption\":\"ReHeat\"},\"image\":{\"@id\":\"https:\/\/www.reheat.nl\/fr\/#\/schema\/logo\/image\/\"},\"sameAs\":[\"https:\/\/www.facebook.com\/reheat\",\"https:\/\/www.instagram.com\/reheatnl\/\"]}]}<\/script>\n<!-- \/ Yoast SEO Premium plugin. -->","yoast_head_json":{"title":"Histoires de r\u00e9ussite - ReHeat","robots":{"index":"index","follow":"follow","max-snippet":"max-snippet:-1","max-image-preview":"max-image-preview:large","max-video-preview":"max-video-preview:-1"},"canonical":"https:\/\/www.reheat.nl\/fr\/histoires-de-reussite\/","og_locale":"fr_FR","og_type":"article","og_title":"Histoires de r\u00e9ussite","og_description":"Camping Schoneveld Ruurlo, Gelderland Un syst\u00e8me fiable qui s&#8217;amortit en un rien de temps !W. Huitema, du camping Schoneveld \u00e0 Ruurlo, poss\u00e8de un FlexHeat avec Heatpipes dans sa ferme depuis 2021. C&#8217;est avec une grande satisfaction que je regarde le nombre de saisons que nous avons parcourues jusqu&#8217;\u00e0 pr\u00e9sent. Vous investissez dans un tel syst\u00e8me&hellip; Lire la suite","og_url":"https:\/\/www.reheat.nl\/fr\/histoires-de-reussite\/","og_site_name":"ReHeat","article_publisher":"https:\/\/www.facebook.com\/reheat","article_modified_time":"2024-07-08T14:12:19+00:00","og_image":[{"url":"https:\/\/www.reheat.nl\/wp-content\/uploads\/2024\/02\/Toiletgebouw-scaled.jpg","type":"","width":"","height":""}],"twitter_card":"summary_large_image","twitter_misc":{"Dur\u00e9e de lecture estim\u00e9e":"3 minutes"},"schema":{"@context":"https:\/\/schema.org","@graph":[{"@type":"WebPage","@id":"https:\/\/www.reheat.nl\/fr\/histoires-de-reussite\/","url":"https:\/\/www.reheat.nl\/fr\/histoires-de-reussite\/","name":"Histoires de r\u00e9ussite - ReHeat","isPartOf":{"@id":"https:\/\/www.reheat.nl\/fr\/#website"},"primaryImageOfPage":{"@id":"https:\/\/www.reheat.nl\/fr\/histoires-de-reussite\/#primaryimage"},"image":{"@id":"https:\/\/www.reheat.nl\/fr\/histoires-de-reussite\/#primaryimage"},"thumbnailUrl":"https:\/\/www.reheat.nl\/wp-content\/uploads\/2024\/02\/Toiletgebouw-scaled.jpg","datePublished":"2023-07-12T10:52:55+00:00","dateModified":"2024-07-08T14:12:19+00:00","breadcrumb":{"@id":"https:\/\/www.reheat.nl\/fr\/histoires-de-reussite\/#breadcrumb"},"inLanguage":"fr-FR","potentialAction":[{"@type":"ReadAction","target":["https:\/\/www.reheat.nl\/fr\/histoires-de-reussite\/"]}]},{"@type":"ImageObject","inLanguage":"fr-FR","@id":"https:\/\/www.reheat.nl\/fr\/histoires-de-reussite\/#primaryimage","url":"https:\/\/www.reheat.nl\/wp-content\/uploads\/2024\/02\/Toiletgebouw-scaled.jpg","contentUrl":"https:\/\/www.reheat.nl\/wp-content\/uploads\/2024\/02\/Toiletgebouw-scaled.jpg"},{"@type":"BreadcrumbList","@id":"https:\/\/www.reheat.nl\/fr\/histoires-de-reussite\/#breadcrumb","itemListElement":[{"@type":"ListItem","position":1,"name":"Home","item":"https:\/\/www.reheat.nl\/fr\/"},{"@type":"ListItem","position":2,"name":"Histoires de r\u00e9ussite"}]},{"@type":"WebSite","@id":"https:\/\/www.reheat.nl\/fr\/#website","url":"https:\/\/www.reheat.nl\/fr\/","name":"ReHeat","description":"Heetwatersystemen","publisher":{"@id":"https:\/\/www.reheat.nl\/fr\/#organization"},"potentialAction":[{"@type":"SearchAction","target":{"@type":"EntryPoint","urlTemplate":"https:\/\/www.reheat.nl\/fr\/?s={search_term_string}"},"query-input":{"@type":"PropertyValueSpecification","valueRequired":true,"valueName":"search_term_string"}}],"inLanguage":"fr-FR"},{"@type":"Organization","@id":"https:\/\/www.reheat.nl\/fr\/#organization","name":"ReHeat","url":"https:\/\/www.reheat.nl\/fr\/","logo":{"@type":"ImageObject","inLanguage":"fr-FR","@id":"https:\/\/www.reheat.nl\/fr\/#\/schema\/logo\/image\/","url":"https:\/\/www.reheat.nl\/wp-content\/uploads\/2017\/12\/ReHeat.png","contentUrl":"https:\/\/www.reheat.nl\/wp-content\/uploads\/2017\/12\/ReHeat.png","width":242,"height":67,"caption":"ReHeat"},"image":{"@id":"https:\/\/www.reheat.nl\/fr\/#\/schema\/logo\/image\/"},"sameAs":["https:\/\/www.facebook.com\/reheat","https:\/\/www.instagram.com\/reheatnl\/"]}]}},"_links":{"self":[{"href":"https:\/\/www.reheat.nl\/fr\/wp-json\/wp\/v2\/pages\/12763","targetHints":{"allow":["GET"]}}],"collection":[{"href":"https:\/\/www.reheat.nl\/fr\/wp-json\/wp\/v2\/pages"}],"about":[{"href":"https:\/\/www.reheat.nl\/fr\/wp-json\/wp\/v2\/types\/page"}],"author":[{"embeddable":true,"href":"https:\/\/www.reheat.nl\/fr\/wp-json\/wp\/v2\/users\/2"}],"replies":[{"embeddable":true,"href":"https:\/\/www.reheat.nl\/fr\/wp-json\/wp\/v2\/comments?post=12763"}],"version-history":[{"count":7,"href":"https:\/\/www.reheat.nl\/fr\/wp-json\/wp\/v2\/pages\/12763\/revisions"}],"predecessor-version":[{"id":13435,"href":"https:\/\/www.reheat.nl\/fr\/wp-json\/wp\/v2\/pages\/12763\/revisions\/13435"}],"wp:attachment":[{"href":"https:\/\/www.reheat.nl\/fr\/wp-json\/wp\/v2\/media?parent=12763"}],"curies":[{"name":"wp","href":"https:\/\/api.w.org\/{rel}","templated":true}]}}