{"id":13595,"date":"2024-03-05T07:30:13","date_gmt":"2024-03-05T07:30:13","guid":{"rendered":"https:\/\/www.reheat.nl\/e-switch\/"},"modified":"2024-03-26T08:27:41","modified_gmt":"2024-03-26T08:27:41","slug":"e-switch","status":"publish","type":"page","link":"https:\/\/www.reheat.nl\/fr\/e-switch\/","title":{"rendered":"E-Switch"},"content":{"rendered":"<div id=\"content-1\" class=\"content-full-left-image-section\" style=\"background-color: #ffffff; background-image: none;\" data-label=\"Content\" data-id=\"content-full-left-image-section\" data-category=\"content\" data-ovid=\"ovid-content-1-1026\">\n<div class=\"content-full-left-image-innerrow\">\n<div class=\"content-full-left-image-imgcol\" style=\"background-image: url('https:\/\/www.reheat.nl\/wp-content\/uploads\/2024\/03\/87ba2f3c-56cc-48ec-954d-e90b90c55cbf.jpg');\" data-bg=\"image\"><\/div>\n<div class=\"content-full-left-image-textcol dynamic-color\">\n<div class=\"\" data-type=\"column\">\n<h5 class=\"\"><span style=\"font-weight: 900; color: #81d742;\">NOUVEAU !<\/span><\/h5>\n<h2 class=\"\"><span style=\"font-weight: bold;\">Syst\u00e8mes ReHeat E-Switch<\/span><\/h2>\n<p class=\"\">Vous avez investi dans des panneaux solaires, mais vous \u00eates confront\u00e9 \u00e0 la fluctuation des prix de l&#8217;\u00e9nergie et \u00e0 des taux n\u00e9gatifs pour l&#8217;\u00e9nergie solaire que vous avez r\u00e9cup\u00e9r\u00e9e ? ReHeat Hot Water Systems a la r\u00e9ponse : le ReHeat E-Switch. Sp\u00e9cialement con\u00e7u pour les nouveaux syst\u00e8mes AgriHeat et bient\u00f4t disponible pour les secteurs r\u00e9cr\u00e9atifs et priv\u00e9s.<br>\n\n<br>Avec le ReHeat E-Switch, vous optimisez votre rendement \u00e9nerg\u00e9tique et minimisez l&#8217;impact des prix n\u00e9gatifs. B\u00e9n\u00e9ficiez d&#8217;une technologie intelligente qui vous permet de choisir automatiquement le moment le plus propice pour restituer votre \u00e9nergie solaire. R\u00e9duisez vos co\u00fbts et maximisez votre retour sur investissement.\n<br><br>\nChoisissez un avenir durable et d\u00e9couvrez le ReHeat E-Switch. Disponible d\u00e8s maintenant pour les nouveaux syst\u00e8mes AgriHeat, bient\u00f4t \u00e9galement pour le secteur r\u00e9cr\u00e9atif et priv\u00e9.\n\n<br><\/p><a class=\"button color1\" href=\"https:\/\/www.reheat.nl\/wp-content\/uploads\/2024\/02\/2024-01_A4-44_E-Switch-Scroll.pdf\" target=\"_self\" data-icon=\"fa-download\" rel=\"noopener\"><span class=\"button-icon fa fa-download\"><\/span>  T\u00e9l\u00e9charger la brochure<\/a><p class=\"\">&nbsp;<\/p><\/div>\n<div class=\"content-full-left-image-featuresrow\">\n<div class=\"content-full-left-image-featurescol\" data-type=\"column\"><i class=\"fa cp-icon fa4 fa-bolt color1\"><\/i>\n<h4 class=\"\">Stockez votre \u00e9nergie sous forme d&#8217;eau chaude<\/h4>\n<p class=\"\">Gr\u00e2ce \u00e0 l&#8217;E-Switch, la chaudi\u00e8re communique sans fil avec votre compteur intelligent. L&#8217;\u00e9nergie solaire exc\u00e9dentaire est ensuite stock\u00e9e sous forme d&#8217;eau chaude dans la chaudi\u00e8re. Cette eau pr\u00e9chauff\u00e9e est pr\u00eate \u00e0 \u00eatre utilis\u00e9e ult\u00e9rieurement sans co\u00fbts \u00e9nerg\u00e9tiques suppl\u00e9mentaires.<\/p>\n\n<\/div>\n<div class=\"content-full-left-image-featurescol\" data-type=\"column\"><i class=\"fa cp-icon fa4 fa-angle-double-down color1\"><\/i>\n<h4 class=\"\">R\u00e9duire les co\u00fbts \u00e9nerg\u00e9tiques<\/h4>\n<p class=\"\">Dans un AgriHeat Duo de 500 litres, vous pouvez stocker jusqu&#8217;\u00e0 49 kW d&#8217;\u00e9nergie.&nbsp;  Pour chauffer 500 litres d&#8217;eau, il vous en co\u00fbtera 4,93 \u20ac \u00e0 un tarif d&#8217;\u00e9lectricit\u00e9 de 0,25 \u20ac p\/kWh. Avec l&#8217;E-Switch, vous \u00e9vitez le pr\u00e9l\u00e8vement et la livraison au r\u00e9seau, ce qui vous permet d&#8217;\u00e9conomiser le double. Vous b\u00e9n\u00e9ficiez ainsi de 8,50 \u20ac \u00e0 chaque fois !<\/p>\n\n<\/div>\n<\/div>\n<\/div>\n<\/div>\n<\/div><div id=\"content-2\" class=\"content-full-right-image-section\" style=\"background-color: #f6f6f6; background-image: none;\" data-label=\"Content\" data-id=\"content-full-right-image-section\" data-category=\"content\" data-ovid=\"ovid-content-2-9859\">\n<div class=\"content-full-right-image-innerrow\">\n<div class=\"content-full-right-image-textcol dynamic-color\">\n<div class=\"\" data-type=\"column\">\n<h5 class=\"\"><span style=\"color: #81d742; font-weight: 900;\">DISPONIBLE D\u00c8S MAINTENANT<\/span><\/h5>\n<h2 class=\"\"><span style=\"font-weight: bold;\">E-Switch Agri<\/span><\/h2>\n<p class=\"\">Les nouveaux syst\u00e8mes AgriHeat Duovat peuvent \u00eatre \u00e9quip\u00e9s de la fonction E-Switch. Le contr\u00f4leur intelligent peut communiquer sans fil avec votre compteur intelligent. L&#8217;\u00e9nergie exc\u00e9dentaire n&#8217;est pas renvoy\u00e9e sur le r\u00e9seau \u00e0 des prix \u00e9lev\u00e9s, mais stock\u00e9e dans votre AgriHeat. Le Duovat se compose de deux niveaux combin\u00e9s en une seule chaudi\u00e8re. Le post-chauffeur ne maintient que la moiti\u00e9 sup\u00e9rieure \u00e0 60\u00b0C avec une petite flamme. Le soutien peut \u00eatre assur\u00e9 par un \u00e9l\u00e9ment \u00e9lectrique qui stocke l&#8217;\u00e9nergie exc\u00e9dentaire dans l&#8217;AgriHeat Duo. La moiti\u00e9 inf\u00e9rieure peut \u00eatre utilis\u00e9e pour accumuler la chaleur du soleil ou d&#8217;un \u00e9changeur de chaleur.  \n<br><br>Pr\u00e9servez votre exploitation d\u00e8s maintenant en profitant au maximum de la chaleur du soleil.  \n<br>E-Switch Agri vous int\u00e9resse ? Si c&#8217;est le cas, veuillez envoyer un courriel \u00e0 verkoop@reheat.nl.&nbsp;<\/p>\n<a class=\"button color1\" href=\"mailto:verkoop@reheat.nl\" target=\"_self\" rel=\"noopener\" data-icon=\"\">Je suis int\u00e9ress\u00e9<\/a>\n\n\n<\/div>\n<div class=\"content-full-right-image-featuresrow\">\n<div class=\"content-full-right-image-featurescol\" data-type=\"column\">\n<h5 class=\"\">PROFITER DE LA CHALEUR SOLAIRE<\/h5>\n<p class=\"\">Profitez d&#8217;importantes subventions gouvernementales et tirez le meilleur parti du soleil. En \u00e9t\u00e9, les temp\u00e9ratures peuvent facilement atteindre 85\u00b0C. Un chauffage d&#8217;appoint suppl\u00e9mentaire n&#8217;est donc pas n\u00e9cessaire !<\/p>\n\n<\/div>\n<div class=\"content-full-right-image-featurescol\" data-type=\"column\">\n<h5 class=\"\">DUR\u00c9E DE VIE DE 15 \u00c0 20 ANS<\/h5>\n<p class=\"\">Gr\u00e2ce aux basses temp\u00e9ratures dans la chaudi\u00e8re, il n&#8217;y a pas de formation de tartre, ce qui permet une longue dur\u00e9e de vie de 15 \u00e0 20 ans.<\/p>\n\n<\/div>\n<\/div>\n<\/div>\n<div class=\"content-full-right-image-imgcol\" style=\"background-image: url('https:\/\/www.reheat.nl\/wp-content\/uploads\/2024\/03\/Achtergrond-EnergySwitch.jpg');\" data-bg=\"image\"><\/div>\n<\/div>\n<\/div>","protected":false},"excerpt":{"rendered":"<p>NOUVEAU ! Syst\u00e8mes ReHeat E-Switch Vous avez investi dans des panneaux solaires, mais vous \u00eates confront\u00e9 \u00e0 la fluctuation des prix de l&#8217;\u00e9nergie et \u00e0 des taux n\u00e9gatifs pour l&#8217;\u00e9nergie solaire que vous avez r\u00e9cup\u00e9r\u00e9e ? ReHeat Hot Water Systems a la r\u00e9ponse : le ReHeat E-Switch. Sp\u00e9cialement con\u00e7u pour les nouveaux syst\u00e8mes AgriHeat et&hellip; <br \/> <a class=\"button small blue\" href=\"https:\/\/www.reheat.nl\/fr\/lefficacite-en-action-avec-les-collecteurs-solaires-prefabriques-nous-faisons-des-metres\/\">Lire la suite<\/a><\/p>\n","protected":false},"author":28,"featured_media":0,"parent":0,"menu_order":0,"comment_status":"closed","ping_status":"closed","template":"page-with-small-header.php","meta":{"footnotes":""},"class_list":["post-13595","page","type-page","status-publish","hentry"],"yoast_head":"<!-- This site is optimized with the Yoast SEO Premium plugin v25.0 (Yoast SEO v26.2) - https:\/\/yoast.com\/wordpress\/plugins\/seo\/ -->\n<title>ReHeat E-Switch systems<\/title>\n<meta name=\"description\" content=\"Tirez le meilleur parti de la chaleur solaire avec les syst\u00e8mes ReHeat E-Switch. Disponible pour le secteur agricole, plus tard pour les loisirs et les particuliers.\" \/>\n<meta name=\"robots\" content=\"index, follow, max-snippet:-1, max-image-preview:large, max-video-preview:-1\" \/>\n<link rel=\"canonical\" href=\"https:\/\/www.reheat.nl\/fr\/e-switch\/\" \/>\n<meta property=\"og:locale\" content=\"fr_FR\" \/>\n<meta property=\"og:type\" content=\"article\" \/>\n<meta property=\"og:title\" content=\"E-Switch\" \/>\n<meta property=\"og:description\" content=\"Tirez le meilleur parti de la chaleur solaire avec les syst\u00e8mes ReHeat E-Switch. Disponible pour le secteur agricole, plus tard pour les loisirs et les particuliers.\" \/>\n<meta property=\"og:url\" content=\"https:\/\/www.reheat.nl\/fr\/e-switch\/\" \/>\n<meta property=\"og:site_name\" content=\"ReHeat\" \/>\n<meta property=\"article:publisher\" content=\"https:\/\/www.facebook.com\/reheat\" \/>\n<meta property=\"article:modified_time\" content=\"2024-03-26T08:27:41+00:00\" \/>\n<meta name=\"twitter:card\" content=\"summary_large_image\" \/>\n<meta name=\"twitter:label1\" content=\"Dur\u00e9e de lecture estim\u00e9e\" \/>\n\t<meta name=\"twitter:data1\" content=\"3 minutes\" \/>\n<script type=\"application\/ld+json\" class=\"yoast-schema-graph\">{\"@context\":\"https:\/\/schema.org\",\"@graph\":[{\"@type\":\"WebPage\",\"@id\":\"https:\/\/www.reheat.nl\/fr\/e-switch\/\",\"url\":\"https:\/\/www.reheat.nl\/fr\/e-switch\/\",\"name\":\"ReHeat E-Switch systems\",\"isPartOf\":{\"@id\":\"https:\/\/www.reheat.nl\/fr\/#website\"},\"datePublished\":\"2024-03-05T07:30:13+00:00\",\"dateModified\":\"2024-03-26T08:27:41+00:00\",\"description\":\"Tirez le meilleur parti de la chaleur solaire avec les syst\u00e8mes ReHeat E-Switch. Disponible pour le secteur agricole, plus tard pour les loisirs et les particuliers.\",\"breadcrumb\":{\"@id\":\"https:\/\/www.reheat.nl\/fr\/e-switch\/#breadcrumb\"},\"inLanguage\":\"fr-FR\",\"potentialAction\":[{\"@type\":\"ReadAction\",\"target\":[\"https:\/\/www.reheat.nl\/fr\/e-switch\/\"]}]},{\"@type\":\"BreadcrumbList\",\"@id\":\"https:\/\/www.reheat.nl\/fr\/e-switch\/#breadcrumb\",\"itemListElement\":[{\"@type\":\"ListItem\",\"position\":1,\"name\":\"Home\",\"item\":\"https:\/\/www.reheat.nl\/fr\/\"},{\"@type\":\"ListItem\",\"position\":2,\"name\":\"E-Switch\"}]},{\"@type\":\"WebSite\",\"@id\":\"https:\/\/www.reheat.nl\/fr\/#website\",\"url\":\"https:\/\/www.reheat.nl\/fr\/\",\"name\":\"ReHeat\",\"description\":\"Heetwatersystemen\",\"publisher\":{\"@id\":\"https:\/\/www.reheat.nl\/fr\/#organization\"},\"potentialAction\":[{\"@type\":\"SearchAction\",\"target\":{\"@type\":\"EntryPoint\",\"urlTemplate\":\"https:\/\/www.reheat.nl\/fr\/?s={search_term_string}\"},\"query-input\":{\"@type\":\"PropertyValueSpecification\",\"valueRequired\":true,\"valueName\":\"search_term_string\"}}],\"inLanguage\":\"fr-FR\"},{\"@type\":\"Organization\",\"@id\":\"https:\/\/www.reheat.nl\/fr\/#organization\",\"name\":\"ReHeat\",\"url\":\"https:\/\/www.reheat.nl\/fr\/\",\"logo\":{\"@type\":\"ImageObject\",\"inLanguage\":\"fr-FR\",\"@id\":\"https:\/\/www.reheat.nl\/fr\/#\/schema\/logo\/image\/\",\"url\":\"https:\/\/www.reheat.nl\/wp-content\/uploads\/2017\/12\/ReHeat.png\",\"contentUrl\":\"https:\/\/www.reheat.nl\/wp-content\/uploads\/2017\/12\/ReHeat.png\",\"width\":242,\"height\":67,\"caption\":\"ReHeat\"},\"image\":{\"@id\":\"https:\/\/www.reheat.nl\/fr\/#\/schema\/logo\/image\/\"},\"sameAs\":[\"https:\/\/www.facebook.com\/reheat\",\"https:\/\/www.instagram.com\/reheatnl\/\"]}]}<\/script>\n<!-- \/ Yoast SEO Premium plugin. -->","yoast_head_json":{"title":"ReHeat E-Switch systems","description":"Tirez le meilleur parti de la chaleur solaire avec les syst\u00e8mes ReHeat E-Switch. Disponible pour le secteur agricole, plus tard pour les loisirs et les particuliers.","robots":{"index":"index","follow":"follow","max-snippet":"max-snippet:-1","max-image-preview":"max-image-preview:large","max-video-preview":"max-video-preview:-1"},"canonical":"https:\/\/www.reheat.nl\/fr\/e-switch\/","og_locale":"fr_FR","og_type":"article","og_title":"E-Switch","og_description":"Tirez le meilleur parti de la chaleur solaire avec les syst\u00e8mes ReHeat E-Switch. Disponible pour le secteur agricole, plus tard pour les loisirs et les particuliers.","og_url":"https:\/\/www.reheat.nl\/fr\/e-switch\/","og_site_name":"ReHeat","article_publisher":"https:\/\/www.facebook.com\/reheat","article_modified_time":"2024-03-26T08:27:41+00:00","twitter_card":"summary_large_image","twitter_misc":{"Dur\u00e9e de lecture estim\u00e9e":"3 minutes"},"schema":{"@context":"https:\/\/schema.org","@graph":[{"@type":"WebPage","@id":"https:\/\/www.reheat.nl\/fr\/e-switch\/","url":"https:\/\/www.reheat.nl\/fr\/e-switch\/","name":"ReHeat E-Switch systems","isPartOf":{"@id":"https:\/\/www.reheat.nl\/fr\/#website"},"datePublished":"2024-03-05T07:30:13+00:00","dateModified":"2024-03-26T08:27:41+00:00","description":"Tirez le meilleur parti de la chaleur solaire avec les syst\u00e8mes ReHeat E-Switch. Disponible pour le secteur agricole, plus tard pour les loisirs et les particuliers.","breadcrumb":{"@id":"https:\/\/www.reheat.nl\/fr\/e-switch\/#breadcrumb"},"inLanguage":"fr-FR","potentialAction":[{"@type":"ReadAction","target":["https:\/\/www.reheat.nl\/fr\/e-switch\/"]}]},{"@type":"BreadcrumbList","@id":"https:\/\/www.reheat.nl\/fr\/e-switch\/#breadcrumb","itemListElement":[{"@type":"ListItem","position":1,"name":"Home","item":"https:\/\/www.reheat.nl\/fr\/"},{"@type":"ListItem","position":2,"name":"E-Switch"}]},{"@type":"WebSite","@id":"https:\/\/www.reheat.nl\/fr\/#website","url":"https:\/\/www.reheat.nl\/fr\/","name":"ReHeat","description":"Heetwatersystemen","publisher":{"@id":"https:\/\/www.reheat.nl\/fr\/#organization"},"potentialAction":[{"@type":"SearchAction","target":{"@type":"EntryPoint","urlTemplate":"https:\/\/www.reheat.nl\/fr\/?s={search_term_string}"},"query-input":{"@type":"PropertyValueSpecification","valueRequired":true,"valueName":"search_term_string"}}],"inLanguage":"fr-FR"},{"@type":"Organization","@id":"https:\/\/www.reheat.nl\/fr\/#organization","name":"ReHeat","url":"https:\/\/www.reheat.nl\/fr\/","logo":{"@type":"ImageObject","inLanguage":"fr-FR","@id":"https:\/\/www.reheat.nl\/fr\/#\/schema\/logo\/image\/","url":"https:\/\/www.reheat.nl\/wp-content\/uploads\/2017\/12\/ReHeat.png","contentUrl":"https:\/\/www.reheat.nl\/wp-content\/uploads\/2017\/12\/ReHeat.png","width":242,"height":67,"caption":"ReHeat"},"image":{"@id":"https:\/\/www.reheat.nl\/fr\/#\/schema\/logo\/image\/"},"sameAs":["https:\/\/www.facebook.com\/reheat","https:\/\/www.instagram.com\/reheatnl\/"]}]}},"_links":{"self":[{"href":"https:\/\/www.reheat.nl\/fr\/wp-json\/wp\/v2\/pages\/13595","targetHints":{"allow":["GET"]}}],"collection":[{"href":"https:\/\/www.reheat.nl\/fr\/wp-json\/wp\/v2\/pages"}],"about":[{"href":"https:\/\/www.reheat.nl\/fr\/wp-json\/wp\/v2\/types\/page"}],"author":[{"embeddable":true,"href":"https:\/\/www.reheat.nl\/fr\/wp-json\/wp\/v2\/users\/28"}],"replies":[{"embeddable":true,"href":"https:\/\/www.reheat.nl\/fr\/wp-json\/wp\/v2\/comments?post=13595"}],"version-history":[{"count":14,"href":"https:\/\/www.reheat.nl\/fr\/wp-json\/wp\/v2\/pages\/13595\/revisions"}],"predecessor-version":[{"id":13741,"href":"https:\/\/www.reheat.nl\/fr\/wp-json\/wp\/v2\/pages\/13595\/revisions\/13741"}],"wp:attachment":[{"href":"https:\/\/www.reheat.nl\/fr\/wp-json\/wp\/v2\/media?parent=13595"}],"curies":[{"name":"wp","href":"https:\/\/api.w.org\/{rel}","templated":true}]}}