{"id":14332,"date":"2025-01-08T14:49:37","date_gmt":"2025-01-08T13:49:37","guid":{"rendered":"https:\/\/www.reheat.nl\/paquet-solaire-24\/"},"modified":"2025-01-09T10:06:45","modified_gmt":"2025-01-09T09:06:45","slug":"paquet-solaire-24","status":"publish","type":"page","link":"https:\/\/www.reheat.nl\/fr\/paquet-solaire-24\/","title":{"rendered":"Paquet solaire 24"},"content":{"rendered":"<div data-label=\"Features\" data-id=\"features-square-image-section-1\" data-category=\"features\" class=\"features-square-image-section features-square-image-section-1\" id=\"features-1\" style=\"background-color: rgb(255, 255, 255); background-image: none;\" data-ovid=\"ovid-features-1-160\"> <div class=\"gridContainer dynamic-color\"> <div class=\"features-square-image-textrow\"> <div class=\"features-square-image-textcol\" data-type=\"column\"> <h2 class=\"\">Paquets solaires 24<\/h2> <p class=\"\">Voici le collecteur standard de notre colis de livraison<\/p> <\/div> <\/div> <div class=\"features-square-image-innerrow\" data-type=\"row\"> <div class=\"features-square-image-featcol cp4cols cp6cols-tablet\"><img decoding=\"async\" class=\"features-square-image-featimg\" src=\"https:\/\/www.reheat.nl\/wp-content\/uploads\/2025\/01\/SolarPakket-1-24.png\" alt=\"\"> <h4 class=\"\">Paquet solaire 1 x 24<\/h4> <p class=\"\">&nbsp; <br> <br>N<span style=\"font-weight: 600;\">um\u00e9ro d&#8217;article :<\/span> 110101 |<span style=\"font-weight: 600;\">24 tubes Taille :<\/span> 2020\u00d71940<span style=\"font-weight: 600;\">Poids :<\/span> 84 kg<\/p>  <\/div> <div class=\"features-square-image-featcol cp4cols cp6cols-tablet\"><img decoding=\"async\" class=\"features-square-image-featimg\" src=\"https:\/\/www.reheat.nl\/wp-content\/uploads\/2025\/01\/SolarPakket-2-24.png\" alt=\"\"> <h4 class=\"\">Paquet solaire 2 x 24<\/h4> <p class=\"\">&nbsp; <br> <br>N<span style=\"font-weight: 600;\">um\u00e9ro d&#8217;article :<\/span> 110102 |<span style=\"font-weight: 600;\">48 tubes Dimension :<\/span> 2020\u00d73880<span style=\"font-weight: 600;\">Poids :<\/span> 168 kg<\/p> <\/div> <div class=\"features-square-image-featcol cp4cols cp6cols-tablet\"><img decoding=\"async\" class=\"features-square-image-featimg\" src=\"https:\/\/www.reheat.nl\/wp-content\/uploads\/2025\/01\/SolarPakket-3-24.png\" alt=\"\"> <h4 class=\"\">Paquet solaire 3 x 24<\/h4> <p class=\"\"> <span style=\"font-weight: 600;\"> <br><\/span> <br>N<span style=\"font-weight: 600;\">um\u00e9ro d&#8217;article :<\/span> 110103 | <span style=\"font-weight: 600;\">72 tubes Dimensions :<\/span> 2020\u00d75820<span style=\"font-weight: 600;\">Poids :<\/span> 252 kg<\/p> <\/div> <div class=\"features-square-image-featcol cp4cols cp6cols-tablet\"><img decoding=\"async\" class=\"features-square-image-featimg\" src=\"https:\/\/www.reheat.nl\/wp-content\/uploads\/2025\/01\/SolarPakket-4-24.png\" alt=\"\"> <h4 class=\"\">Paquet solaire 4 x 24<\/h4> <p class=\"\"> <span style=\"font-weight: 600;\"> <br><\/span> <br>N<span style=\"font-weight: 600;\">um\u00e9ro d&#8217;article :<\/span> 110104 | <span style=\"font-weight: 600;\">96 tubes Dimensions :<\/span> 2020\u00d77760<span style=\"font-weight: 600;\">Poids :<\/span> 336 kg<\/p>  <\/div><div class=\"features-square-image-featcol cp4cols cp6cols-tablet\"><img decoding=\"async\" class=\"features-square-image-featimg\" src=\"https:\/\/www.reheat.nl\/wp-content\/uploads\/2025\/01\/SolarPakket-5-24.png\" alt=\"\"> <h4 class=\"\">Paquet solaire 5 x 24<\/h4> <p class=\"\"><span style=\"font-weight: 600;\"> <br><\/span> <br>N<span style=\"font-weight: 600;\">um\u00e9ro d&#8217;article :<\/span> 110105 | <span style=\"font-weight: 600;\">120 tubes Dimensions :<\/span> 2020\u00d79700<span style=\"font-weight: 600;\">Poids :<\/span> 420 kg<\/p>  <\/div><div class=\"features-square-image-featcol cp4cols cp6cols-tablet\"><img decoding=\"async\" class=\"features-square-image-featimg\" src=\"https:\/\/www.reheat.nl\/wp-content\/uploads\/2025\/01\/SolarPakket-6-24.png\" alt=\"\"> <h4 class=\"\">Paquet solaire 6 x 24<\/h4> <p class=\"\">&nbsp; <br> <br>N<span style=\"font-weight: 600;\">um\u00e9ro d&#8217;article :<\/span> 110106 |<span style=\"font-weight: 600;\">144 tubes Dimension :<\/span> 2020\u00d711640<span style=\"font-weight: 600;\">Poids :<\/span> 504 kg<\/p>  <\/div><\/div> <\/div><\/div>","protected":false},"excerpt":{"rendered":"<p>Paquets solaires 24 Voici le collecteur standard de notre colis de livraison Paquet solaire 1 x 24 &nbsp; Num\u00e9ro d&#8217;article : 110101 |24 tubes Taille : 2020\u00d71940Poids : 84 kg Paquet solaire 2 x 24 &nbsp; Num\u00e9ro d&#8217;article : 110102 |48 tubes Dimension : 2020\u00d73880Poids : 168 kg Paquet solaire 3 x 24 Num\u00e9ro d&#8217;article&hellip; <br \/> <a class=\"button small blue\" href=\"https:\/\/www.reheat.nl\/fr\/lefficacite-en-action-avec-les-collecteurs-solaires-prefabriques-nous-faisons-des-metres\/\">Lire la suite<\/a><\/p>\n","protected":false},"author":2,"featured_media":0,"parent":0,"menu_order":0,"comment_status":"closed","ping_status":"closed","template":"page-with-small-header.php","meta":{"footnotes":""},"class_list":["post-14332","page","type-page","status-publish","hentry"],"yoast_head":"<!-- This site is optimized with the Yoast SEO Premium plugin v25.0 (Yoast SEO v26.2) - https:\/\/yoast.com\/wordpress\/plugins\/seo\/ -->\n<title>Paquet solaire 24 - ReHeat<\/title>\n<meta name=\"robots\" content=\"index, follow, max-snippet:-1, max-image-preview:large, max-video-preview:-1\" \/>\n<link rel=\"canonical\" href=\"https:\/\/www.reheat.nl\/fr\/paquet-solaire-24\/\" \/>\n<meta property=\"og:locale\" content=\"fr_FR\" \/>\n<meta property=\"og:type\" content=\"article\" \/>\n<meta property=\"og:title\" content=\"Paquet solaire 24\" \/>\n<meta property=\"og:description\" content=\"Paquets solaires 24 Voici le collecteur standard de notre colis de livraison Paquet solaire 1 x 24 &nbsp; Num\u00e9ro d&#8217;article : 110101 |24 tubes Taille : 2020\u00d71940Poids : 84 kg Paquet solaire 2 x 24 &nbsp; Num\u00e9ro d&#8217;article : 110102 |48 tubes Dimension : 2020\u00d73880Poids : 168 kg Paquet solaire 3 x 24 Num\u00e9ro d&#8217;article&hellip; Lire la suite\" \/>\n<meta property=\"og:url\" content=\"https:\/\/www.reheat.nl\/fr\/paquet-solaire-24\/\" \/>\n<meta property=\"og:site_name\" content=\"ReHeat\" \/>\n<meta property=\"article:publisher\" content=\"https:\/\/www.facebook.com\/reheat\" \/>\n<meta property=\"article:modified_time\" content=\"2025-01-09T09:06:45+00:00\" \/>\n<meta property=\"og:image\" content=\"https:\/\/www.reheat.nl\/wp-content\/uploads\/2025\/01\/SolarPakket-1-24.png\" \/>\n<meta name=\"twitter:card\" content=\"summary_large_image\" \/>\n<script type=\"application\/ld+json\" class=\"yoast-schema-graph\">{\"@context\":\"https:\/\/schema.org\",\"@graph\":[{\"@type\":\"WebPage\",\"@id\":\"https:\/\/www.reheat.nl\/fr\/paquet-solaire-24\/\",\"url\":\"https:\/\/www.reheat.nl\/fr\/paquet-solaire-24\/\",\"name\":\"Paquet solaire 24 - ReHeat\",\"isPartOf\":{\"@id\":\"https:\/\/www.reheat.nl\/fr\/#website\"},\"primaryImageOfPage\":{\"@id\":\"https:\/\/www.reheat.nl\/fr\/paquet-solaire-24\/#primaryimage\"},\"image\":{\"@id\":\"https:\/\/www.reheat.nl\/fr\/paquet-solaire-24\/#primaryimage\"},\"thumbnailUrl\":\"https:\/\/www.reheat.nl\/wp-content\/uploads\/2025\/01\/SolarPakket-1-24.png\",\"datePublished\":\"2025-01-08T13:49:37+00:00\",\"dateModified\":\"2025-01-09T09:06:45+00:00\",\"breadcrumb\":{\"@id\":\"https:\/\/www.reheat.nl\/fr\/paquet-solaire-24\/#breadcrumb\"},\"inLanguage\":\"fr-FR\",\"potentialAction\":[{\"@type\":\"ReadAction\",\"target\":[\"https:\/\/www.reheat.nl\/fr\/paquet-solaire-24\/\"]}]},{\"@type\":\"ImageObject\",\"inLanguage\":\"fr-FR\",\"@id\":\"https:\/\/www.reheat.nl\/fr\/paquet-solaire-24\/#primaryimage\",\"url\":\"https:\/\/www.reheat.nl\/wp-content\/uploads\/2025\/01\/SolarPakket-1-24.png\",\"contentUrl\":\"https:\/\/www.reheat.nl\/wp-content\/uploads\/2025\/01\/SolarPakket-1-24.png\"},{\"@type\":\"BreadcrumbList\",\"@id\":\"https:\/\/www.reheat.nl\/fr\/paquet-solaire-24\/#breadcrumb\",\"itemListElement\":[{\"@type\":\"ListItem\",\"position\":1,\"name\":\"Home\",\"item\":\"https:\/\/www.reheat.nl\/fr\/\"},{\"@type\":\"ListItem\",\"position\":2,\"name\":\"Paquet solaire 24\"}]},{\"@type\":\"WebSite\",\"@id\":\"https:\/\/www.reheat.nl\/fr\/#website\",\"url\":\"https:\/\/www.reheat.nl\/fr\/\",\"name\":\"ReHeat\",\"description\":\"Heetwatersystemen\",\"publisher\":{\"@id\":\"https:\/\/www.reheat.nl\/fr\/#organization\"},\"potentialAction\":[{\"@type\":\"SearchAction\",\"target\":{\"@type\":\"EntryPoint\",\"urlTemplate\":\"https:\/\/www.reheat.nl\/fr\/?s={search_term_string}\"},\"query-input\":{\"@type\":\"PropertyValueSpecification\",\"valueRequired\":true,\"valueName\":\"search_term_string\"}}],\"inLanguage\":\"fr-FR\"},{\"@type\":\"Organization\",\"@id\":\"https:\/\/www.reheat.nl\/fr\/#organization\",\"name\":\"ReHeat\",\"url\":\"https:\/\/www.reheat.nl\/fr\/\",\"logo\":{\"@type\":\"ImageObject\",\"inLanguage\":\"fr-FR\",\"@id\":\"https:\/\/www.reheat.nl\/fr\/#\/schema\/logo\/image\/\",\"url\":\"https:\/\/www.reheat.nl\/wp-content\/uploads\/2017\/12\/ReHeat.png\",\"contentUrl\":\"https:\/\/www.reheat.nl\/wp-content\/uploads\/2017\/12\/ReHeat.png\",\"width\":242,\"height\":67,\"caption\":\"ReHeat\"},\"image\":{\"@id\":\"https:\/\/www.reheat.nl\/fr\/#\/schema\/logo\/image\/\"},\"sameAs\":[\"https:\/\/www.facebook.com\/reheat\",\"https:\/\/www.instagram.com\/reheatnl\/\"]}]}<\/script>\n<!-- \/ Yoast SEO Premium plugin. -->","yoast_head_json":{"title":"Paquet solaire 24 - ReHeat","robots":{"index":"index","follow":"follow","max-snippet":"max-snippet:-1","max-image-preview":"max-image-preview:large","max-video-preview":"max-video-preview:-1"},"canonical":"https:\/\/www.reheat.nl\/fr\/paquet-solaire-24\/","og_locale":"fr_FR","og_type":"article","og_title":"Paquet solaire 24","og_description":"Paquets solaires 24 Voici le collecteur standard de notre colis de livraison Paquet solaire 1 x 24 &nbsp; Num\u00e9ro d&#8217;article : 110101 |24 tubes Taille : 2020\u00d71940Poids : 84 kg Paquet solaire 2 x 24 &nbsp; Num\u00e9ro d&#8217;article : 110102 |48 tubes Dimension : 2020\u00d73880Poids : 168 kg Paquet solaire 3 x 24 Num\u00e9ro d&#8217;article&hellip; Lire la suite","og_url":"https:\/\/www.reheat.nl\/fr\/paquet-solaire-24\/","og_site_name":"ReHeat","article_publisher":"https:\/\/www.facebook.com\/reheat","article_modified_time":"2025-01-09T09:06:45+00:00","og_image":[{"url":"https:\/\/www.reheat.nl\/wp-content\/uploads\/2025\/01\/SolarPakket-1-24.png","type":"","width":"","height":""}],"twitter_card":"summary_large_image","schema":{"@context":"https:\/\/schema.org","@graph":[{"@type":"WebPage","@id":"https:\/\/www.reheat.nl\/fr\/paquet-solaire-24\/","url":"https:\/\/www.reheat.nl\/fr\/paquet-solaire-24\/","name":"Paquet solaire 24 - ReHeat","isPartOf":{"@id":"https:\/\/www.reheat.nl\/fr\/#website"},"primaryImageOfPage":{"@id":"https:\/\/www.reheat.nl\/fr\/paquet-solaire-24\/#primaryimage"},"image":{"@id":"https:\/\/www.reheat.nl\/fr\/paquet-solaire-24\/#primaryimage"},"thumbnailUrl":"https:\/\/www.reheat.nl\/wp-content\/uploads\/2025\/01\/SolarPakket-1-24.png","datePublished":"2025-01-08T13:49:37+00:00","dateModified":"2025-01-09T09:06:45+00:00","breadcrumb":{"@id":"https:\/\/www.reheat.nl\/fr\/paquet-solaire-24\/#breadcrumb"},"inLanguage":"fr-FR","potentialAction":[{"@type":"ReadAction","target":["https:\/\/www.reheat.nl\/fr\/paquet-solaire-24\/"]}]},{"@type":"ImageObject","inLanguage":"fr-FR","@id":"https:\/\/www.reheat.nl\/fr\/paquet-solaire-24\/#primaryimage","url":"https:\/\/www.reheat.nl\/wp-content\/uploads\/2025\/01\/SolarPakket-1-24.png","contentUrl":"https:\/\/www.reheat.nl\/wp-content\/uploads\/2025\/01\/SolarPakket-1-24.png"},{"@type":"BreadcrumbList","@id":"https:\/\/www.reheat.nl\/fr\/paquet-solaire-24\/#breadcrumb","itemListElement":[{"@type":"ListItem","position":1,"name":"Home","item":"https:\/\/www.reheat.nl\/fr\/"},{"@type":"ListItem","position":2,"name":"Paquet solaire 24"}]},{"@type":"WebSite","@id":"https:\/\/www.reheat.nl\/fr\/#website","url":"https:\/\/www.reheat.nl\/fr\/","name":"ReHeat","description":"Heetwatersystemen","publisher":{"@id":"https:\/\/www.reheat.nl\/fr\/#organization"},"potentialAction":[{"@type":"SearchAction","target":{"@type":"EntryPoint","urlTemplate":"https:\/\/www.reheat.nl\/fr\/?s={search_term_string}"},"query-input":{"@type":"PropertyValueSpecification","valueRequired":true,"valueName":"search_term_string"}}],"inLanguage":"fr-FR"},{"@type":"Organization","@id":"https:\/\/www.reheat.nl\/fr\/#organization","name":"ReHeat","url":"https:\/\/www.reheat.nl\/fr\/","logo":{"@type":"ImageObject","inLanguage":"fr-FR","@id":"https:\/\/www.reheat.nl\/fr\/#\/schema\/logo\/image\/","url":"https:\/\/www.reheat.nl\/wp-content\/uploads\/2017\/12\/ReHeat.png","contentUrl":"https:\/\/www.reheat.nl\/wp-content\/uploads\/2017\/12\/ReHeat.png","width":242,"height":67,"caption":"ReHeat"},"image":{"@id":"https:\/\/www.reheat.nl\/fr\/#\/schema\/logo\/image\/"},"sameAs":["https:\/\/www.facebook.com\/reheat","https:\/\/www.instagram.com\/reheatnl\/"]}]}},"_links":{"self":[{"href":"https:\/\/www.reheat.nl\/fr\/wp-json\/wp\/v2\/pages\/14332","targetHints":{"allow":["GET"]}}],"collection":[{"href":"https:\/\/www.reheat.nl\/fr\/wp-json\/wp\/v2\/pages"}],"about":[{"href":"https:\/\/www.reheat.nl\/fr\/wp-json\/wp\/v2\/types\/page"}],"author":[{"embeddable":true,"href":"https:\/\/www.reheat.nl\/fr\/wp-json\/wp\/v2\/users\/2"}],"replies":[{"embeddable":true,"href":"https:\/\/www.reheat.nl\/fr\/wp-json\/wp\/v2\/comments?post=14332"}],"version-history":[{"count":1,"href":"https:\/\/www.reheat.nl\/fr\/wp-json\/wp\/v2\/pages\/14332\/revisions"}],"predecessor-version":[{"id":14452,"href":"https:\/\/www.reheat.nl\/fr\/wp-json\/wp\/v2\/pages\/14332\/revisions\/14452"}],"wp:attachment":[{"href":"https:\/\/www.reheat.nl\/fr\/wp-json\/wp\/v2\/media?parent=14332"}],"curies":[{"name":"wp","href":"https:\/\/api.w.org\/{rel}","templated":true}]}}