{"id":14456,"date":"2025-01-09T10:06:47","date_gmt":"2025-01-09T09:06:47","guid":{"rendered":"https:\/\/www.reheat.nl\/paquet-solaire-30\/"},"modified":"2025-01-09T10:06:47","modified_gmt":"2025-01-09T09:06:47","slug":"paquet-solaire-30","status":"publish","type":"page","link":"https:\/\/www.reheat.nl\/fr\/paquet-solaire-30\/","title":{"rendered":"Paquet solaire 30"},"content":{"rendered":"<div data-label=\"Features\" data-id=\"features-square-image-section-1\" data-category=\"features\" class=\"features-square-image-section features-square-image-section-1\" id=\"features-1\" style=\"background-image: none;\" data-ovid=\"ovid-features-1-160\"> <div class=\"gridContainer dynamic-color\"> <div class=\"features-square-image-textrow\"> <div class=\"features-square-image-textcol\" data-type=\"column\"> <h2 class=\"\">Forfaits solaires 30<\/h2> <p class=\"\">Ce collecteur est \u00e9quip\u00e9 de 30 tubes (6 de plus que la version standard).<\/p> <\/div> <\/div> <div class=\"features-square-image-innerrow\" data-type=\"row\"> <div class=\"features-square-image-featcol cp4cols cp6cols-tablet\"><img decoding=\"async\" class=\"features-square-image-featimg\" src=\"https:\/\/www.reheat.nl\/wp-content\/uploads\/2025\/01\/SolarPakket-1-30.png\" alt=\"\"> <h4 class=\"\">Paquet solaire 1 x 30<\/h4> <p class=\"\"><br> <br>N<span style=\"font-weight: 600;\">um\u00e9ro d&#8217;article :<\/span> 110301 | <span style=\"font-weight: 600;\">30 tubes <\/span><span style=\"font-weight: 600;\">Dimensions :<\/span> 2020\u00d72390<span style=\"font-weight: 600;\">Poids :<\/span> 103 kg<\/p>  <\/div> <div class=\"features-square-image-featcol cp4cols cp6cols-tablet\"><img decoding=\"async\" class=\"features-square-image-featimg\" src=\"https:\/\/www.reheat.nl\/wp-content\/uploads\/2025\/01\/SolarPakket-2-30.png\" alt=\"\"> <h4 class=\"\">Paquet solaire 2 x 30<\/h4> <p class=\"\"><br> <br>N<span style=\"font-weight: 600;\">um\u00e9ro d&#8217;article :<\/span> 110302 | <span style=\"font-weight: 600;\">60 tubes <\/span><span style=\"font-weight: 600;\">Dimensions :<\/span> 2020\u00d74780<span style=\"font-weight: 600;\">Poids :<\/span> 206 kg<\/p> <\/div> <div class=\"features-square-image-featcol cp4cols cp6cols-tablet\"><img decoding=\"async\" class=\"features-square-image-featimg\" src=\"https:\/\/www.reheat.nl\/wp-content\/uploads\/2025\/01\/SolarPakket-3-30.png\" alt=\"\"> <h4 class=\"\">Paquet solaire 3 x 30<\/h4> <p class=\"\"><br> <br>N<span style=\"font-weight: 600;\">um\u00e9ro d&#8217;article :<\/span> 110303 | <span style=\"font-weight: 600;\">90 tubes <\/span><span style=\"font-weight: 600;\">Dimensions :<\/span> 2020\u00d77170<span style=\"font-weight: 600;\">Poids :<\/span> 252 kg<\/p> <\/div> <div class=\"features-square-image-featcol cp4cols cp6cols-tablet\"><img decoding=\"async\" class=\"features-square-image-featimg\" src=\"https:\/\/www.reheat.nl\/wp-content\/uploads\/2025\/01\/SolarPakket-4-30.png\" alt=\"\"> <h4 class=\"\">Paquet solaire 4 x 30<\/h4> <p class=\"\"><br> <br>N<span style=\"font-weight: 600;\">um\u00e9ro d&#8217;article :<\/span> 110304 | <span style=\"font-weight: 600;\">120 tubes <\/span><span style=\"font-weight: 600;\">Dimensions :<\/span> 2020\u00d79560<span style=\"font-weight: 600;\">Poids :<\/span> 412 kg<\/p>  <\/div><div class=\"features-square-image-featcol cp4cols cp6cols-tablet\"><img decoding=\"async\" class=\"features-square-image-featimg\" src=\"https:\/\/www.reheat.nl\/wp-content\/uploads\/2025\/01\/SolarPakket-5-30.png\" alt=\"\"> <h4 class=\"\">Paquet solaire 5 x 30<\/h4> <p class=\"\"><br> <br>N<span style=\"font-weight: 600;\">um\u00e9ro d&#8217;article :<\/span> 110305 | <span style=\"font-weight: 600;\">150 tubes <\/span><span style=\"font-weight: 600;\">Dimensions :<\/span> 2020\u00d711950<span style=\"font-weight: 600;\">Poids :<\/span> 515 kg<\/p>  <\/div><div class=\"features-square-image-featcol cp4cols cp6cols-tablet\"><img decoding=\"async\" class=\"features-square-image-featimg\" src=\"https:\/\/www.reheat.nl\/wp-content\/uploads\/2025\/01\/SolarPakket-6-30.png\" alt=\"\"> <h4 class=\"\">Paquet solaire 6 x 30<\/h4> <p class=\"\"><br> <br>N<span style=\"font-weight: 600;\">um\u00e9ro d&#8217;article :<\/span> 110306 | <span style=\"font-weight: 600;\">180 tubes <\/span><span style=\"font-weight: 600;\">Dimensions :<\/span> 2020\u00d714340<span style=\"font-weight: 600;\">Poids :<\/span> 618 kg<\/p>  <\/div><\/div> <\/div><\/div>","protected":false},"excerpt":{"rendered":"<p>Forfaits solaires 30 Ce collecteur est \u00e9quip\u00e9 de 30 tubes (6 de plus que la version standard). Paquet solaire 1 x 30 Num\u00e9ro d&#8217;article : 110301 | 30 tubes Dimensions : 2020\u00d72390Poids : 103 kg Paquet solaire 2 x 30 Num\u00e9ro d&#8217;article : 110302 | 60 tubes Dimensions : 2020\u00d74780Poids : 206 kg Paquet solaire&hellip; <br \/> <a class=\"button small blue\" href=\"https:\/\/www.reheat.nl\/fr\/lefficacite-en-action-avec-les-collecteurs-solaires-prefabriques-nous-faisons-des-metres\/\">Lire la suite<\/a><\/p>\n","protected":false},"author":2,"featured_media":0,"parent":0,"menu_order":0,"comment_status":"closed","ping_status":"closed","template":"page-with-small-header.php","meta":{"footnotes":""},"class_list":["post-14456","page","type-page","status-publish","hentry"],"yoast_head":"<!-- This site is optimized with the Yoast SEO Premium plugin v25.0 (Yoast SEO v26.2) - https:\/\/yoast.com\/wordpress\/plugins\/seo\/ -->\n<title>Paquet solaire 30 - ReHeat<\/title>\n<meta name=\"robots\" content=\"index, follow, max-snippet:-1, max-image-preview:large, max-video-preview:-1\" \/>\n<link rel=\"canonical\" href=\"https:\/\/www.reheat.nl\/fr\/paquet-solaire-30\/\" \/>\n<meta property=\"og:locale\" content=\"fr_FR\" \/>\n<meta property=\"og:type\" content=\"article\" \/>\n<meta property=\"og:title\" content=\"Paquet solaire 30\" \/>\n<meta property=\"og:description\" content=\"Forfaits solaires 30 Ce collecteur est \u00e9quip\u00e9 de 30 tubes (6 de plus que la version standard). Paquet solaire 1 x 30 Num\u00e9ro d&#8217;article : 110301 | 30 tubes Dimensions : 2020\u00d72390Poids : 103 kg Paquet solaire 2 x 30 Num\u00e9ro d&#8217;article : 110302 | 60 tubes Dimensions : 2020\u00d74780Poids : 206 kg Paquet solaire&hellip; Lire la suite\" \/>\n<meta property=\"og:url\" content=\"https:\/\/www.reheat.nl\/fr\/paquet-solaire-30\/\" \/>\n<meta property=\"og:site_name\" content=\"ReHeat\" \/>\n<meta property=\"article:publisher\" content=\"https:\/\/www.facebook.com\/reheat\" \/>\n<meta property=\"og:image\" content=\"https:\/\/www.reheat.nl\/wp-content\/uploads\/2025\/01\/SolarPakket-1-30.png\" \/>\n<meta name=\"twitter:card\" content=\"summary_large_image\" \/>\n<script type=\"application\/ld+json\" class=\"yoast-schema-graph\">{\"@context\":\"https:\/\/schema.org\",\"@graph\":[{\"@type\":\"WebPage\",\"@id\":\"https:\/\/www.reheat.nl\/fr\/paquet-solaire-30\/\",\"url\":\"https:\/\/www.reheat.nl\/fr\/paquet-solaire-30\/\",\"name\":\"Paquet solaire 30 - ReHeat\",\"isPartOf\":{\"@id\":\"https:\/\/www.reheat.nl\/fr\/#website\"},\"primaryImageOfPage\":{\"@id\":\"https:\/\/www.reheat.nl\/fr\/paquet-solaire-30\/#primaryimage\"},\"image\":{\"@id\":\"https:\/\/www.reheat.nl\/fr\/paquet-solaire-30\/#primaryimage\"},\"thumbnailUrl\":\"https:\/\/www.reheat.nl\/wp-content\/uploads\/2025\/01\/SolarPakket-1-30.png\",\"datePublished\":\"2025-01-09T09:06:47+00:00\",\"breadcrumb\":{\"@id\":\"https:\/\/www.reheat.nl\/fr\/paquet-solaire-30\/#breadcrumb\"},\"inLanguage\":\"fr-FR\",\"potentialAction\":[{\"@type\":\"ReadAction\",\"target\":[\"https:\/\/www.reheat.nl\/fr\/paquet-solaire-30\/\"]}]},{\"@type\":\"ImageObject\",\"inLanguage\":\"fr-FR\",\"@id\":\"https:\/\/www.reheat.nl\/fr\/paquet-solaire-30\/#primaryimage\",\"url\":\"https:\/\/www.reheat.nl\/wp-content\/uploads\/2025\/01\/SolarPakket-1-30.png\",\"contentUrl\":\"https:\/\/www.reheat.nl\/wp-content\/uploads\/2025\/01\/SolarPakket-1-30.png\"},{\"@type\":\"BreadcrumbList\",\"@id\":\"https:\/\/www.reheat.nl\/fr\/paquet-solaire-30\/#breadcrumb\",\"itemListElement\":[{\"@type\":\"ListItem\",\"position\":1,\"name\":\"Home\",\"item\":\"https:\/\/www.reheat.nl\/fr\/\"},{\"@type\":\"ListItem\",\"position\":2,\"name\":\"Paquet solaire 30\"}]},{\"@type\":\"WebSite\",\"@id\":\"https:\/\/www.reheat.nl\/fr\/#website\",\"url\":\"https:\/\/www.reheat.nl\/fr\/\",\"name\":\"ReHeat\",\"description\":\"Heetwatersystemen\",\"publisher\":{\"@id\":\"https:\/\/www.reheat.nl\/fr\/#organization\"},\"potentialAction\":[{\"@type\":\"SearchAction\",\"target\":{\"@type\":\"EntryPoint\",\"urlTemplate\":\"https:\/\/www.reheat.nl\/fr\/?s={search_term_string}\"},\"query-input\":{\"@type\":\"PropertyValueSpecification\",\"valueRequired\":true,\"valueName\":\"search_term_string\"}}],\"inLanguage\":\"fr-FR\"},{\"@type\":\"Organization\",\"@id\":\"https:\/\/www.reheat.nl\/fr\/#organization\",\"name\":\"ReHeat\",\"url\":\"https:\/\/www.reheat.nl\/fr\/\",\"logo\":{\"@type\":\"ImageObject\",\"inLanguage\":\"fr-FR\",\"@id\":\"https:\/\/www.reheat.nl\/fr\/#\/schema\/logo\/image\/\",\"url\":\"https:\/\/www.reheat.nl\/wp-content\/uploads\/2017\/12\/ReHeat.png\",\"contentUrl\":\"https:\/\/www.reheat.nl\/wp-content\/uploads\/2017\/12\/ReHeat.png\",\"width\":242,\"height\":67,\"caption\":\"ReHeat\"},\"image\":{\"@id\":\"https:\/\/www.reheat.nl\/fr\/#\/schema\/logo\/image\/\"},\"sameAs\":[\"https:\/\/www.facebook.com\/reheat\",\"https:\/\/www.instagram.com\/reheatnl\/\"]}]}<\/script>\n<!-- \/ Yoast SEO Premium plugin. -->","yoast_head_json":{"title":"Paquet solaire 30 - ReHeat","robots":{"index":"index","follow":"follow","max-snippet":"max-snippet:-1","max-image-preview":"max-image-preview:large","max-video-preview":"max-video-preview:-1"},"canonical":"https:\/\/www.reheat.nl\/fr\/paquet-solaire-30\/","og_locale":"fr_FR","og_type":"article","og_title":"Paquet solaire 30","og_description":"Forfaits solaires 30 Ce collecteur est \u00e9quip\u00e9 de 30 tubes (6 de plus que la version standard). Paquet solaire 1 x 30 Num\u00e9ro d&#8217;article : 110301 | 30 tubes Dimensions : 2020\u00d72390Poids : 103 kg Paquet solaire 2 x 30 Num\u00e9ro d&#8217;article : 110302 | 60 tubes Dimensions : 2020\u00d74780Poids : 206 kg Paquet solaire&hellip; Lire la suite","og_url":"https:\/\/www.reheat.nl\/fr\/paquet-solaire-30\/","og_site_name":"ReHeat","article_publisher":"https:\/\/www.facebook.com\/reheat","og_image":[{"url":"https:\/\/www.reheat.nl\/wp-content\/uploads\/2025\/01\/SolarPakket-1-30.png","type":"","width":"","height":""}],"twitter_card":"summary_large_image","schema":{"@context":"https:\/\/schema.org","@graph":[{"@type":"WebPage","@id":"https:\/\/www.reheat.nl\/fr\/paquet-solaire-30\/","url":"https:\/\/www.reheat.nl\/fr\/paquet-solaire-30\/","name":"Paquet solaire 30 - ReHeat","isPartOf":{"@id":"https:\/\/www.reheat.nl\/fr\/#website"},"primaryImageOfPage":{"@id":"https:\/\/www.reheat.nl\/fr\/paquet-solaire-30\/#primaryimage"},"image":{"@id":"https:\/\/www.reheat.nl\/fr\/paquet-solaire-30\/#primaryimage"},"thumbnailUrl":"https:\/\/www.reheat.nl\/wp-content\/uploads\/2025\/01\/SolarPakket-1-30.png","datePublished":"2025-01-09T09:06:47+00:00","breadcrumb":{"@id":"https:\/\/www.reheat.nl\/fr\/paquet-solaire-30\/#breadcrumb"},"inLanguage":"fr-FR","potentialAction":[{"@type":"ReadAction","target":["https:\/\/www.reheat.nl\/fr\/paquet-solaire-30\/"]}]},{"@type":"ImageObject","inLanguage":"fr-FR","@id":"https:\/\/www.reheat.nl\/fr\/paquet-solaire-30\/#primaryimage","url":"https:\/\/www.reheat.nl\/wp-content\/uploads\/2025\/01\/SolarPakket-1-30.png","contentUrl":"https:\/\/www.reheat.nl\/wp-content\/uploads\/2025\/01\/SolarPakket-1-30.png"},{"@type":"BreadcrumbList","@id":"https:\/\/www.reheat.nl\/fr\/paquet-solaire-30\/#breadcrumb","itemListElement":[{"@type":"ListItem","position":1,"name":"Home","item":"https:\/\/www.reheat.nl\/fr\/"},{"@type":"ListItem","position":2,"name":"Paquet solaire 30"}]},{"@type":"WebSite","@id":"https:\/\/www.reheat.nl\/fr\/#website","url":"https:\/\/www.reheat.nl\/fr\/","name":"ReHeat","description":"Heetwatersystemen","publisher":{"@id":"https:\/\/www.reheat.nl\/fr\/#organization"},"potentialAction":[{"@type":"SearchAction","target":{"@type":"EntryPoint","urlTemplate":"https:\/\/www.reheat.nl\/fr\/?s={search_term_string}"},"query-input":{"@type":"PropertyValueSpecification","valueRequired":true,"valueName":"search_term_string"}}],"inLanguage":"fr-FR"},{"@type":"Organization","@id":"https:\/\/www.reheat.nl\/fr\/#organization","name":"ReHeat","url":"https:\/\/www.reheat.nl\/fr\/","logo":{"@type":"ImageObject","inLanguage":"fr-FR","@id":"https:\/\/www.reheat.nl\/fr\/#\/schema\/logo\/image\/","url":"https:\/\/www.reheat.nl\/wp-content\/uploads\/2017\/12\/ReHeat.png","contentUrl":"https:\/\/www.reheat.nl\/wp-content\/uploads\/2017\/12\/ReHeat.png","width":242,"height":67,"caption":"ReHeat"},"image":{"@id":"https:\/\/www.reheat.nl\/fr\/#\/schema\/logo\/image\/"},"sameAs":["https:\/\/www.facebook.com\/reheat","https:\/\/www.instagram.com\/reheatnl\/"]}]}},"_links":{"self":[{"href":"https:\/\/www.reheat.nl\/fr\/wp-json\/wp\/v2\/pages\/14456","targetHints":{"allow":["GET"]}}],"collection":[{"href":"https:\/\/www.reheat.nl\/fr\/wp-json\/wp\/v2\/pages"}],"about":[{"href":"https:\/\/www.reheat.nl\/fr\/wp-json\/wp\/v2\/types\/page"}],"author":[{"embeddable":true,"href":"https:\/\/www.reheat.nl\/fr\/wp-json\/wp\/v2\/users\/2"}],"replies":[{"embeddable":true,"href":"https:\/\/www.reheat.nl\/fr\/wp-json\/wp\/v2\/comments?post=14456"}],"version-history":[{"count":0,"href":"https:\/\/www.reheat.nl\/fr\/wp-json\/wp\/v2\/pages\/14456\/revisions"}],"wp:attachment":[{"href":"https:\/\/www.reheat.nl\/fr\/wp-json\/wp\/v2\/media?parent=14456"}],"curies":[{"name":"wp","href":"https:\/\/api.w.org\/{rel}","templated":true}]}}