{"id":14457,"date":"2025-01-09T10:06:49","date_gmt":"2025-01-09T09:06:49","guid":{"rendered":"https:\/\/www.reheat.nl\/paquet-cpc-24\/"},"modified":"2025-01-09T10:06:54","modified_gmt":"2025-01-09T09:06:54","slug":"paquet-cpc-24","status":"publish","type":"page","link":"https:\/\/www.reheat.nl\/fr\/paquet-cpc-24\/","title":{"rendered":"Paquet CPC 24"},"content":{"rendered":"<div data-label=\"Features\" data-id=\"features-square-image-section-1\" data-category=\"features\" class=\"features-square-image-section features-square-image-section-1\" id=\"features-1\" style=\"background-image: none;\" data-ovid=\"ovid-features-1-160\"> <div class=\"gridContainer dynamic-color\"> <div class=\"features-square-image-textrow\"> <div class=\"features-square-image-textcol\" data-type=\"column\"> <h2 class=\"\">Paquets CPC 24<\/h2> <p class=\"\">Le CPC est un compl\u00e9ment au collecteur standard. Chaque tube se trouve dans un profil en miroir qui offre une efficacit\u00e9 suppl\u00e9mentaire. Ce collecteur est \u00e9quip\u00e9 de 24 tubes.  <\/p> <\/div> <\/div> <div class=\"features-square-image-innerrow\" data-type=\"row\"> <div class=\"features-square-image-featcol cp4cols cp6cols-tablet\"><img decoding=\"async\" class=\"features-square-image-featimg\" src=\"https:\/\/www.reheat.nl\/wp-content\/uploads\/2025\/01\/SolarPakket-CPC-1-24.png\" alt=\"\"> <h4 class=\"\">Paquet CPC 1 x 24<\/h4> <p class=\"\"><br><br>N<span style=\"font-weight: 600;\">um\u00e9ro d&#8217;article :<\/span> 110201 | <span style=\"font-weight: 600;\"> 24 tubes avec miroirs<\/span><span style=\"font-weight: 600;\">Dimensions :<\/span> 2020\u00d72795<span style=\"font-weight: 600;\">Poids :<\/span> 92 kg<\/p>  <\/div> <div class=\"features-square-image-featcol cp4cols cp6cols-tablet\"><img decoding=\"async\" class=\"features-square-image-featimg\" src=\"https:\/\/www.reheat.nl\/wp-content\/uploads\/2025\/01\/SolarPakket-CPC-2-24.png\" alt=\"\"> <h4 class=\"\">Paquet CPC 2 x 24<\/h4> <p class=\"\"><br><br>N<span style=\"font-weight: 600;\">um\u00e9ro d&#8217;article :<\/span> 110202 | <span style=\"font-weight: 600;\">48 tubes avec miroirs<\/span><span style=\"font-weight: 600;\">Dimensions :<\/span> 2020\u00d75590<span style=\"font-weight: 600;\">Poids :<\/span> 184 kg<\/p> <\/div> <div class=\"features-square-image-featcol cp4cols cp6cols-tablet\"><img decoding=\"async\" class=\"features-square-image-featimg\" src=\"https:\/\/www.reheat.nl\/wp-content\/uploads\/2025\/01\/SolarPakket-CPC-3-24.png\" alt=\"\"> <h4 class=\"\">Paquet CPC 3 x 24<\/h4> <p class=\"\"><br><br>N<span style=\"font-weight: 600;\">um\u00e9ro d&#8217;article :<\/span> 110203 | <span style=\"font-weight: 600;\"> 72 tubes avec miroirs<\/span><span style=\"font-weight: 600;\"> Dimensions :<\/span> 2020\u00d78385<span style=\"font-weight: 600;\">Poids :<\/span> 276 kg<\/p> <\/div> <div class=\"features-square-image-featcol cp4cols cp6cols-tablet\"><img decoding=\"async\" class=\"features-square-image-featimg\" src=\"https:\/\/www.reheat.nl\/wp-content\/uploads\/2025\/01\/SolarPakket-CPC-4-24.png\" alt=\"\"> <h4 class=\"\">Paquet CPC 4 x 24<\/h4> <p class=\"\"><br><br>N<span style=\"font-weight: 600;\">um\u00e9ro d&#8217;article :<\/span> 110204 | <span style=\"font-weight: 600;\"> 96 tubes avec miroirs<\/span><span style=\"font-weight: 600;\"> Dimensions :<\/span> 2020\u00d711180<span style=\"font-weight: 600;\">Poids :<\/span> 368 kg<\/p>  <\/div><div class=\"features-square-image-featcol cp4cols cp6cols-tablet\"><img decoding=\"async\" class=\"features-square-image-featimg\" src=\"https:\/\/www.reheat.nl\/wp-content\/uploads\/2025\/01\/SolarPakket-CPC-5-24.png\" alt=\"\"> <h4 class=\"\">Paquet CPC 5 x 24<\/h4> <p class=\"\"><br><br>N<span style=\"font-weight: 600;\">um\u00e9ro d&#8217;article :<\/span> 110205 | <span style=\"font-weight: 600;\"> 120 tubes avec miroirs<\/span><span style=\"font-weight: 600;\"> Dimensions :<\/span> 2020\u00d713975<span style=\"font-weight: 600;\">Poids :<\/span> 460 kg<\/p>  <\/div><div class=\"features-square-image-featcol cp4cols cp6cols-tablet\"><img decoding=\"async\" class=\"features-square-image-featimg\" src=\"https:\/\/www.reheat.nl\/wp-content\/uploads\/2025\/01\/SolarPakket-CPC-6-24.png\" alt=\"\"> <h4 class=\"\">Paquet CPC 6 x 24<\/h4> <p class=\"\"><br><br>N<span style=\"font-weight: 600;\">um\u00e9ro d&#8217;article :<\/span> 110206 | <span style=\"font-weight: 600;\"> 144 tubes avec miroirs<\/span><span style=\"font-weight: 600;\"> Dimensions :<\/span> 2020\u00d716770<span style=\"font-weight: 600;\">Poids :<\/span> 552 kg<\/p>  <\/div><\/div> <\/div><\/div>","protected":false},"excerpt":{"rendered":"<p>Paquets CPC 24 Le CPC est un compl\u00e9ment au collecteur standard. Chaque tube se trouve dans un profil en miroir qui offre une efficacit\u00e9 suppl\u00e9mentaire. Ce collecteur est \u00e9quip\u00e9 de 24 tubes. Paquet CPC 1 x 24 Num\u00e9ro d&#8217;article : 110201 | 24 tubes avec miroirsDimensions : 2020\u00d72795Poids : 92 kg Paquet CPC 2 x&hellip; <br \/> <a class=\"button small blue\" href=\"https:\/\/www.reheat.nl\/fr\/lefficacite-en-action-avec-les-collecteurs-solaires-prefabriques-nous-faisons-des-metres\/\">Lire la suite<\/a><\/p>\n","protected":false},"author":2,"featured_media":0,"parent":0,"menu_order":0,"comment_status":"closed","ping_status":"closed","template":"page-with-small-header.php","meta":{"footnotes":""},"class_list":["post-14457","page","type-page","status-publish","hentry"],"yoast_head":"<!-- This site is optimized with the Yoast SEO Premium plugin v25.0 (Yoast SEO v26.2) - https:\/\/yoast.com\/wordpress\/plugins\/seo\/ -->\n<title>Paquet CPC 24 - ReHeat<\/title>\n<meta name=\"robots\" content=\"index, follow, max-snippet:-1, max-image-preview:large, max-video-preview:-1\" \/>\n<link rel=\"canonical\" href=\"https:\/\/www.reheat.nl\/fr\/paquet-cpc-24\/\" \/>\n<meta property=\"og:locale\" content=\"fr_FR\" \/>\n<meta property=\"og:type\" content=\"article\" \/>\n<meta property=\"og:title\" content=\"Paquet CPC 24\" \/>\n<meta property=\"og:description\" content=\"Paquets CPC 24 Le CPC est un compl\u00e9ment au collecteur standard. Chaque tube se trouve dans un profil en miroir qui offre une efficacit\u00e9 suppl\u00e9mentaire. Ce collecteur est \u00e9quip\u00e9 de 24 tubes. Paquet CPC 1 x 24 Num\u00e9ro d&#8217;article : 110201 | 24 tubes avec miroirsDimensions : 2020\u00d72795Poids : 92 kg Paquet CPC 2 x&hellip; Lire la suite\" \/>\n<meta property=\"og:url\" content=\"https:\/\/www.reheat.nl\/fr\/paquet-cpc-24\/\" \/>\n<meta property=\"og:site_name\" content=\"ReHeat\" \/>\n<meta property=\"article:publisher\" content=\"https:\/\/www.facebook.com\/reheat\" \/>\n<meta property=\"article:modified_time\" content=\"2025-01-09T09:06:54+00:00\" \/>\n<meta property=\"og:image\" content=\"https:\/\/www.reheat.nl\/wp-content\/uploads\/2025\/01\/SolarPakket-CPC-1-24.png\" \/>\n<meta name=\"twitter:card\" content=\"summary_large_image\" \/>\n<meta name=\"twitter:label1\" content=\"Dur\u00e9e de lecture estim\u00e9e\" \/>\n\t<meta name=\"twitter:data1\" content=\"1 minute\" \/>\n<script type=\"application\/ld+json\" class=\"yoast-schema-graph\">{\"@context\":\"https:\/\/schema.org\",\"@graph\":[{\"@type\":\"WebPage\",\"@id\":\"https:\/\/www.reheat.nl\/fr\/paquet-cpc-24\/\",\"url\":\"https:\/\/www.reheat.nl\/fr\/paquet-cpc-24\/\",\"name\":\"Paquet CPC 24 - ReHeat\",\"isPartOf\":{\"@id\":\"https:\/\/www.reheat.nl\/fr\/#website\"},\"primaryImageOfPage\":{\"@id\":\"https:\/\/www.reheat.nl\/fr\/paquet-cpc-24\/#primaryimage\"},\"image\":{\"@id\":\"https:\/\/www.reheat.nl\/fr\/paquet-cpc-24\/#primaryimage\"},\"thumbnailUrl\":\"https:\/\/www.reheat.nl\/wp-content\/uploads\/2025\/01\/SolarPakket-CPC-1-24.png\",\"datePublished\":\"2025-01-09T09:06:49+00:00\",\"dateModified\":\"2025-01-09T09:06:54+00:00\",\"breadcrumb\":{\"@id\":\"https:\/\/www.reheat.nl\/fr\/paquet-cpc-24\/#breadcrumb\"},\"inLanguage\":\"fr-FR\",\"potentialAction\":[{\"@type\":\"ReadAction\",\"target\":[\"https:\/\/www.reheat.nl\/fr\/paquet-cpc-24\/\"]}]},{\"@type\":\"ImageObject\",\"inLanguage\":\"fr-FR\",\"@id\":\"https:\/\/www.reheat.nl\/fr\/paquet-cpc-24\/#primaryimage\",\"url\":\"https:\/\/www.reheat.nl\/wp-content\/uploads\/2025\/01\/SolarPakket-CPC-1-24.png\",\"contentUrl\":\"https:\/\/www.reheat.nl\/wp-content\/uploads\/2025\/01\/SolarPakket-CPC-1-24.png\"},{\"@type\":\"BreadcrumbList\",\"@id\":\"https:\/\/www.reheat.nl\/fr\/paquet-cpc-24\/#breadcrumb\",\"itemListElement\":[{\"@type\":\"ListItem\",\"position\":1,\"name\":\"Home\",\"item\":\"https:\/\/www.reheat.nl\/fr\/\"},{\"@type\":\"ListItem\",\"position\":2,\"name\":\"Paquet CPC 24\"}]},{\"@type\":\"WebSite\",\"@id\":\"https:\/\/www.reheat.nl\/fr\/#website\",\"url\":\"https:\/\/www.reheat.nl\/fr\/\",\"name\":\"ReHeat\",\"description\":\"Heetwatersystemen\",\"publisher\":{\"@id\":\"https:\/\/www.reheat.nl\/fr\/#organization\"},\"potentialAction\":[{\"@type\":\"SearchAction\",\"target\":{\"@type\":\"EntryPoint\",\"urlTemplate\":\"https:\/\/www.reheat.nl\/fr\/?s={search_term_string}\"},\"query-input\":{\"@type\":\"PropertyValueSpecification\",\"valueRequired\":true,\"valueName\":\"search_term_string\"}}],\"inLanguage\":\"fr-FR\"},{\"@type\":\"Organization\",\"@id\":\"https:\/\/www.reheat.nl\/fr\/#organization\",\"name\":\"ReHeat\",\"url\":\"https:\/\/www.reheat.nl\/fr\/\",\"logo\":{\"@type\":\"ImageObject\",\"inLanguage\":\"fr-FR\",\"@id\":\"https:\/\/www.reheat.nl\/fr\/#\/schema\/logo\/image\/\",\"url\":\"https:\/\/www.reheat.nl\/wp-content\/uploads\/2017\/12\/ReHeat.png\",\"contentUrl\":\"https:\/\/www.reheat.nl\/wp-content\/uploads\/2017\/12\/ReHeat.png\",\"width\":242,\"height\":67,\"caption\":\"ReHeat\"},\"image\":{\"@id\":\"https:\/\/www.reheat.nl\/fr\/#\/schema\/logo\/image\/\"},\"sameAs\":[\"https:\/\/www.facebook.com\/reheat\",\"https:\/\/www.instagram.com\/reheatnl\/\"]}]}<\/script>\n<!-- \/ Yoast SEO Premium plugin. -->","yoast_head_json":{"title":"Paquet CPC 24 - ReHeat","robots":{"index":"index","follow":"follow","max-snippet":"max-snippet:-1","max-image-preview":"max-image-preview:large","max-video-preview":"max-video-preview:-1"},"canonical":"https:\/\/www.reheat.nl\/fr\/paquet-cpc-24\/","og_locale":"fr_FR","og_type":"article","og_title":"Paquet CPC 24","og_description":"Paquets CPC 24 Le CPC est un compl\u00e9ment au collecteur standard. Chaque tube se trouve dans un profil en miroir qui offre une efficacit\u00e9 suppl\u00e9mentaire. Ce collecteur est \u00e9quip\u00e9 de 24 tubes. Paquet CPC 1 x 24 Num\u00e9ro d&#8217;article : 110201 | 24 tubes avec miroirsDimensions : 2020\u00d72795Poids : 92 kg Paquet CPC 2 x&hellip; Lire la suite","og_url":"https:\/\/www.reheat.nl\/fr\/paquet-cpc-24\/","og_site_name":"ReHeat","article_publisher":"https:\/\/www.facebook.com\/reheat","article_modified_time":"2025-01-09T09:06:54+00:00","og_image":[{"url":"https:\/\/www.reheat.nl\/wp-content\/uploads\/2025\/01\/SolarPakket-CPC-1-24.png","type":"","width":"","height":""}],"twitter_card":"summary_large_image","twitter_misc":{"Dur\u00e9e de lecture estim\u00e9e":"1 minute"},"schema":{"@context":"https:\/\/schema.org","@graph":[{"@type":"WebPage","@id":"https:\/\/www.reheat.nl\/fr\/paquet-cpc-24\/","url":"https:\/\/www.reheat.nl\/fr\/paquet-cpc-24\/","name":"Paquet CPC 24 - ReHeat","isPartOf":{"@id":"https:\/\/www.reheat.nl\/fr\/#website"},"primaryImageOfPage":{"@id":"https:\/\/www.reheat.nl\/fr\/paquet-cpc-24\/#primaryimage"},"image":{"@id":"https:\/\/www.reheat.nl\/fr\/paquet-cpc-24\/#primaryimage"},"thumbnailUrl":"https:\/\/www.reheat.nl\/wp-content\/uploads\/2025\/01\/SolarPakket-CPC-1-24.png","datePublished":"2025-01-09T09:06:49+00:00","dateModified":"2025-01-09T09:06:54+00:00","breadcrumb":{"@id":"https:\/\/www.reheat.nl\/fr\/paquet-cpc-24\/#breadcrumb"},"inLanguage":"fr-FR","potentialAction":[{"@type":"ReadAction","target":["https:\/\/www.reheat.nl\/fr\/paquet-cpc-24\/"]}]},{"@type":"ImageObject","inLanguage":"fr-FR","@id":"https:\/\/www.reheat.nl\/fr\/paquet-cpc-24\/#primaryimage","url":"https:\/\/www.reheat.nl\/wp-content\/uploads\/2025\/01\/SolarPakket-CPC-1-24.png","contentUrl":"https:\/\/www.reheat.nl\/wp-content\/uploads\/2025\/01\/SolarPakket-CPC-1-24.png"},{"@type":"BreadcrumbList","@id":"https:\/\/www.reheat.nl\/fr\/paquet-cpc-24\/#breadcrumb","itemListElement":[{"@type":"ListItem","position":1,"name":"Home","item":"https:\/\/www.reheat.nl\/fr\/"},{"@type":"ListItem","position":2,"name":"Paquet CPC 24"}]},{"@type":"WebSite","@id":"https:\/\/www.reheat.nl\/fr\/#website","url":"https:\/\/www.reheat.nl\/fr\/","name":"ReHeat","description":"Heetwatersystemen","publisher":{"@id":"https:\/\/www.reheat.nl\/fr\/#organization"},"potentialAction":[{"@type":"SearchAction","target":{"@type":"EntryPoint","urlTemplate":"https:\/\/www.reheat.nl\/fr\/?s={search_term_string}"},"query-input":{"@type":"PropertyValueSpecification","valueRequired":true,"valueName":"search_term_string"}}],"inLanguage":"fr-FR"},{"@type":"Organization","@id":"https:\/\/www.reheat.nl\/fr\/#organization","name":"ReHeat","url":"https:\/\/www.reheat.nl\/fr\/","logo":{"@type":"ImageObject","inLanguage":"fr-FR","@id":"https:\/\/www.reheat.nl\/fr\/#\/schema\/logo\/image\/","url":"https:\/\/www.reheat.nl\/wp-content\/uploads\/2017\/12\/ReHeat.png","contentUrl":"https:\/\/www.reheat.nl\/wp-content\/uploads\/2017\/12\/ReHeat.png","width":242,"height":67,"caption":"ReHeat"},"image":{"@id":"https:\/\/www.reheat.nl\/fr\/#\/schema\/logo\/image\/"},"sameAs":["https:\/\/www.facebook.com\/reheat","https:\/\/www.instagram.com\/reheatnl\/"]}]}},"_links":{"self":[{"href":"https:\/\/www.reheat.nl\/fr\/wp-json\/wp\/v2\/pages\/14457","targetHints":{"allow":["GET"]}}],"collection":[{"href":"https:\/\/www.reheat.nl\/fr\/wp-json\/wp\/v2\/pages"}],"about":[{"href":"https:\/\/www.reheat.nl\/fr\/wp-json\/wp\/v2\/types\/page"}],"author":[{"embeddable":true,"href":"https:\/\/www.reheat.nl\/fr\/wp-json\/wp\/v2\/users\/2"}],"replies":[{"embeddable":true,"href":"https:\/\/www.reheat.nl\/fr\/wp-json\/wp\/v2\/comments?post=14457"}],"version-history":[{"count":1,"href":"https:\/\/www.reheat.nl\/fr\/wp-json\/wp\/v2\/pages\/14457\/revisions"}],"predecessor-version":[{"id":14459,"href":"https:\/\/www.reheat.nl\/fr\/wp-json\/wp\/v2\/pages\/14457\/revisions\/14459"}],"wp:attachment":[{"href":"https:\/\/www.reheat.nl\/fr\/wp-json\/wp\/v2\/media?parent=14457"}],"curies":[{"name":"wp","href":"https:\/\/api.w.org\/{rel}","templated":true}]}}